{"id":1849,"date":"2021-10-13T11:29:24","date_gmt":"2021-10-13T17:29:24","guid":{"rendered":"https:\/\/coralmar.org\/?page_id=1849"},"modified":"2021-10-18T13:52:44","modified_gmt":"2021-10-18T19:52:44","slug":"sistema-arrecifal-mesoamerican-5o","status":"publish","type":"page","link":"https:\/\/coralmar.org\/en\/sistema-arrecifal-mesoamerican-5o\/","title":{"rendered":"Mesoamerican Reef System"},"content":{"rendered":"<div class=\"wpb-content-wrapper\"><div class=\"vc_row wpb_row vc_row-fluid bg-image-ps-inherit\"><div class=\"wpb_column vc_column_container vc_col-sm-12\"><div class=\"vc_column-inner\"><div class=\"wpb_wrapper\">\n\t\t\t<!-- START SAM REVOLUTION SLIDER 6.5.4 --><p class=\"rs-p-wp-fix\"><\/p>\n\t\t\t<rs-module-wrap id=\"rev_slider_14_1_wrapper\" data-source=\"gallery\" style=\"visibility:hidden;background:transparent;padding:0;margin:0px auto;margin-top:0;margin-bottom:0;\">\n\t\t\t\t<rs-module id=\"rev_slider_14_1\" style=\"\" data-version=\"6.5.4\">\n\t\t\t\t\t<rs-slides>\n\t\t\t\t\t\t<rs-slide data-key=\"rs-21\" data-title=\"Slide\" data-in=\"o:0;\" data-out=\"a:false;\">\n\t\t\t\t\t\t\t<img decoding=\"async\" src=\"\/\/coralmar.org\/wp-content\/plugins\/revslider\/public\/assets\/assets\/dummy.png\" alt=\"Slide\" title=\"Sistema Arrecifal Mesoamericano\" class=\"rev-slidebg tp-rs-img rs-lazyload\" data-lazyload=\"\/\/coralmar.org\/wp-content\/plugins\/revslider\/public\/assets\/assets\/transparent.png\" data-bg=\"c:#ffffff;\" data-no-retina>\n<!--\n\t\t\t\t\t\t\t--><rs-group\n\t\t\t\t\t\t\t\tid=\"slider-14-slide-21-layer-0\" \n\t\t\t\t\t\t\t\tdata-type=\"group\"\n\t\t\t\t\t\t\t\tdata-xy=\"xo:49px,9px,62px,6px;y:m;yo:49px,-24px,-28px,-27px;\"\n\t\t\t\t\t\t\t\tdata-text=\"w:normal;s:20,16,12,7;l:0,20,15,9;\"\n\t\t\t\t\t\t\t\tdata-dim=\"w:791px,800px,668px,449px;h:553px,286px,324px,394px;\"\n\t\t\t\t\t\t\t\tdata-rsp_bd=\"off\"\n\t\t\t\t\t\t\t\tdata-frame_0=\"o:1;\"\n\t\t\t\t\t\t\t\tdata-frame_999=\"o:0;st:w;sR:2700;sA:3000;\"\n\t\t\t\t\t\t\t\tstyle=\"z-index:11;\"\n\t\t\t\t\t\t\t><rs-bg-elem style=\"position:absolute; top:0px;left:0px;\"><\/rs-bg-elem>\n<!--\n\t\t\t\t\t\t\t\t--><rs-layer\n\t\t\t\t\t\t\t\t\tid=\"slider-14-slide-21-layer-1\" \n\t\t\t\t\t\t\t\t\tdata-type=\"text\"\n\t\t\t\t\t\t\t\t\tdata-color=\"#162172\"\n\t\t\t\t\t\t\t\t\tdata-xy=\"xo:-2px,-2px,4px,14px;yo:227px,227px,78px,112px;\"\n\t\t\t\t\t\t\t\t\tdata-text=\"w:normal;s:60,60,50,25;l:70,70,50,40;fw:700;\"\n\t\t\t\t\t\t\t\t\tdata-dim=\"w:826px;h:210px;\"\n\t\t\t\t\t\t\t\t\tdata-rsp_o=\"off\"\n\t\t\t\t\t\t\t\t\tdata-rsp_bd=\"off\"\n\t\t\t\t\t\t\t\t\tdata-frame_0=\"x:50;\"\n\t\t\t\t\t\t\t\t\tdata-frame_1=\"sp:2580;\"\n\t\t\t\t\t\t\t\t\tdata-frame_999=\"o:0;st:w;sR:420;\"\n\t\t\t\t\t\t\t\t\tstyle=\"z-index:10;font-family:Poppins;\"\n\t\t\t\t\t\t\t\t><rs-bg-elem style=\"position:absolute; top:0px;left:0px;\"><\/rs-bg-elem>\n\u00bfQu\u00e9 es el <br>Sistema Arrecifal Mesoamericano? \n\t\t\t\t\t\t\t\t<\/rs-layer><!--\n\t\t\t\t\t\t\t--><\/rs-group><!--\n\n\t\t\t\t\t\t\t--><rs-layer\n\t\t\t\t\t\t\t\tid=\"slider-14-slide-21-layer-5\" \n\t\t\t\t\t\t\t\tdata-type=\"image\"\n\t\t\t\t\t\t\t\tdata-xy=\"x:r,r,l,l;xo:-348px,-345px,422px,255px;yo:-1px,-1px,-9px,-172px;\"\n\t\t\t\t\t\t\t\tdata-text=\"w:normal;s:20,16,12,7;l:0,20,15,9;\"\n\t\t\t\t\t\t\t\tdata-dim=\"w:824px,889px,988px,675px;h:830px,895px,995px,680px;\"\n\t\t\t\t\t\t\t\tdata-vbility=\"t,t,t,f\"\n\t\t\t\t\t\t\t\tdata-rsp_bd=\"off\"\n\t\t\t\t\t\t\t\tdata-frame_999=\"o:0;st:w;sR:2700;\"\n\t\t\t\t\t\t\t\tstyle=\"z-index:8;\"\n\t\t\t\t\t\t\t><rs-bg-elem style=\"position:absolute; top:0px;left:0px;\"><\/rs-bg-elem>\n<img loading=\"lazy\" decoding=\"async\" src=\"\/\/coralmar.org\/wp-content\/plugins\/revslider\/public\/assets\/assets\/dummy.png\" class=\"tp-rs-img rs-lazyload\" width=\"889\" height=\"895\" data-lazyload=\"\/\/coralmar.org\/wp-content\/uploads\/2021\/12\/portada-miembros-new.png\" data-no-retina> \n\t\t\t\t\t\t\t<\/rs-layer><!--\n-->\t\t\t\t\t\t<\/rs-slide>\n\t\t\t\t\t<\/rs-slides>\n\t\t\t\t<\/rs-module>\n\t\t\t\t<script type=\"text\/javascript\">\n\t\t\t\t\tsetREVStartSize({c: 'rev_slider_14_1',rl:[1240,1024,778,480],el:[490,690,380,280],gw:[1230,1024,778,480],gh:[490,490,380,280],type:'standard',justify:'',layout:'fullwidth',mh:\"0\"});\n\t\t\t\t<\/script>\n\t\t\t<\/rs-module-wrap>\n\t\t\t<!-- END REVOLUTION SLIDER -->\n<\/div><\/div><\/div><\/div><div class=\"vc_row wpb_row vc_row-fluid bg-image-ps-inherit\"><div class=\"wpb_column vc_column_container vc_col-sm-12\"><div class=\"vc_column-inner\"><div class=\"wpb_wrapper\"><div class=\"vc_empty_space\"   style=\"height: 42px\"><span class=\"vc_empty_space_inner\"><\/span><\/div><div class=\"vc_empty_space\"   style=\"height: 42px\"><span class=\"vc_empty_space_inner\"><\/span><\/div><\/div><\/div><\/div><\/div><div class=\"vc_row wpb_row vc_row-fluid bg-image-ps-inherit\"><div class=\"wpb_column vc_column_container vc_col-sm-6\"><div class=\"vc_column-inner\"><div class=\"wpb_wrapper\">\n\t<div class=\"wpb_text_column wpb_content_element\" >\n\t\t<div class=\"wpb_wrapper\">\n\t\t\t<p>El Sistema Arrecifal Mesoamericano (SAM) es el segundo arrecife de barrera m\u00e1s grande del mundo.\u00a0 El sistema se extiende por m\u00e1s de 1,000 km de costas a lo largo de cuatro pa\u00edses, M\u00e9xico, Guatemala, Belice y Honduras.<\/p>\n<p>La regi\u00f3n se caracteriza por arrecifes de borde, de barrera y atolones, cayos, islas, humedales costeros, lagunas arrecifales y costeras, praderas de pastos marinos y bosques de manglar.<\/p>\n<p>Incluye 65 \u00c1reas Naturales Protegidas (ANP) declaradas oficialmente, que proveen h\u00e1bitat cr\u00edticos para la alimentaci\u00f3n, anidaci\u00f3n y crianza a una flora y fauna excepcional de alta biodiversidad, algunas de las cuales son especies de importancia comercial, amenazadas o en peligro de extinci\u00f3n. Adem\u00e1s, contribuye a la estabilizaci\u00f3n y protecci\u00f3n de los paisajes costeros y al mantenimiento de la calidad del agua marina.<\/p>\n<p>Adem\u00e1s de la extraordinaria biodiversidad que alberga, el Sistema Arrecifal Mesoamericano sostiene a m\u00e1s de dos millones de personas en los cuatro pa\u00edses, siendo el turismo la actividad econ\u00f3mica primordial en la regi\u00f3n seguida de la pesca.<\/p>\n\n\t\t<\/div>\n\t<\/div>\n<div class=\"vc_empty_space\"   style=\"height: 42px\"><span class=\"vc_empty_space_inner\"><\/span><\/div><\/div><\/div><\/div><div class=\"wpb_column vc_column_container vc_col-sm-6\"><div class=\"vc_column-inner\"><div class=\"wpb_wrapper\">\n\t<div  class=\"wpb_single_image wpb_content_element vc_align_center wpb_content_element inherit inherit\">\n\t\t\n\t\t<figure class=\"wpb_wrapper vc_figure\">\n\t\t\t<div class=\"vc_single_image-wrapper default  vc_box_border_grey\"><img loading=\"lazy\" decoding=\"async\" width=\"670\" height=\"682\" src=\"https:\/\/coralmar.org\/wp-content\/uploads\/2021\/10\/banner-sam.png\" class=\"vc_single_image-img attachment-full\" alt=\"\" title=\"banner-sam\" \/><\/div>\n\t\t<\/figure>\n\t<\/div>\n<\/div><\/div><\/div><\/div><div class=\"vc_row wpb_row vc_row-fluid bg-image-ps-inherit\"><div class=\"wpb_column vc_column_container vc_col-sm-12\"><div class=\"vc_column-inner\"><div class=\"wpb_wrapper\"><div class=\"vc_empty_space\"   style=\"height: 52px\"><span class=\"vc_empty_space_inner\"><\/span><\/div><\/div><\/div><\/div><\/div><br \/>\n<div id=\"contacto\" class=\"vc_row wpb_row vc_row-fluid bg-image-ps-inherit\"><div class=\"wpb_column vc_column_container vc_col-sm-12\"><div class=\"vc_column-inner\"><div class=\"wpb_wrapper\"><div class=\"vc_empty_space\"   style=\"height: 32px\"><span class=\"vc_empty_space_inner\"><\/span><\/div><\/div><\/div><\/div><\/div>\n<\/div>","protected":false},"excerpt":{"rendered":"\u00bfQu\u00e9 es el Sistema Arrecifal Mesoamericano? El Sistema Arrecifal Mesoamericano (SAM) es el segundo arrecife de barrera m\u00e1s grande del mundo.\u00a0 El sistema se extiende por m\u00e1s de 1,000 km de costas a lo largo de cuatro pa\u00edses, M\u00e9xico, Guatemala, Belice y Honduras. La regi\u00f3n se caracteriza por arrecifes de borde, de barrera y atolones, [...]","protected":false},"author":1,"featured_media":0,"parent":0,"menu_order":0,"comment_status":"closed","ping_status":"closed","template":"","meta":{"footnotes":""},"class_list":["post-1849","page","type-page","status-publish","hentry"],"aioseo_notices":[],"_links":{"self":[{"href":"https:\/\/coralmar.org\/en\/wp-json\/wp\/v2\/pages\/1849","targetHints":{"allow":["GET"]}}],"collection":[{"href":"https:\/\/coralmar.org\/en\/wp-json\/wp\/v2\/pages"}],"about":[{"href":"https:\/\/coralmar.org\/en\/wp-json\/wp\/v2\/types\/page"}],"author":[{"embeddable":true,"href":"https:\/\/coralmar.org\/en\/wp-json\/wp\/v2\/users\/1"}],"replies":[{"embeddable":true,"href":"https:\/\/coralmar.org\/en\/wp-json\/wp\/v2\/comments?post=1849"}],"version-history":[{"count":0,"href":"https:\/\/coralmar.org\/en\/wp-json\/wp\/v2\/pages\/1849\/revisions"}],"wp:attachment":[{"href":"https:\/\/coralmar.org\/en\/wp-json\/wp\/v2\/media?parent=1849"}],"curies":[{"name":"wp","href":"https:\/\/api.w.org\/{rel}","templated":true}]}}