{"id":1894,"date":"2021-10-13T14:17:54","date_gmt":"2021-10-13T20:17:54","guid":{"rendered":"https:\/\/coralmar.org\/?page_id=1894"},"modified":"2021-12-18T17:58:30","modified_gmt":"2021-12-18T23:58:30","slug":"por-que-el-sam","status":"publish","type":"page","link":"https:\/\/coralmar.org\/en\/por-que-el-sam\/","title":{"rendered":""},"content":{"rendered":"<div class=\"wpb-content-wrapper\"><div data-vc-full-width=\"true\" data-vc-full-width-temp=\"true\" data-vc-full-width-init=\"false\" data-vc-parallax=\"2.5\" data-vc-parallax-o-fade=\"on\" data-vc-parallax-image=\"https:\/\/coralmar.org\/wp-content\/uploads\/2021\/12\/ana-giro-hri-01.jpg\" class=\"vc_row wpb_row vc_row-fluid vc_custom_1638405748404 vc_row-has-fill vc_general vc_parallax vc_parallax-content-moving-fade js-vc_parallax-o-fade row-overlay bg-image-ps-inherit\"><div class=\"wpb_column vc_column_container vc_col-sm-12\"><div class=\"vc_column-inner\"><div class=\"wpb_wrapper\"><div id=\"ct-heading\" class=\"ct-heading align-center align-center-md align-center-sm align-center-xs \">\n            <style type=\"text\/css\">\n            @media (min-width: 991px) and (max-width: 1200px) {\n                #ct-heading .ct-heading-tag {\n                                            font-size: 25px !important;\n                                                        }\n            }\n        <\/style>\n    \n            <style type=\"text\/css\">\n            @media (min-width: 768px) and (max-width: 991px) {\n                #ct-heading .ct-heading-tag {\n                                            font-size: 18px !important;\n                                                        }\n            }\n        <\/style>\n    \n            <style type=\"text\/css\">\n            @media screen and (max-width: 767px) {\n                #ct-heading .ct-heading-tag {\n                                            font-size: 32px !important;\n                                                        }\n            }\n        <\/style>\n                    <div class=\"ct-heading-sub sub- style1\" style=\"color:#ffffff;font-size:35px;font-weight:800;\">\n            <span style=\"background-color:#ffffff;\"><\/span>\n            \u00bfPor qu\u00e9 el SAM?                    <\/div>\n        <h1 class=\"ct-heading-tag typing-style1\" style=\"margin-top:10px;margin-bottom:10px;color:#ffffff;font-size:45px;text-transform:uppercase;font-weight:800; \">\n            <\/h1>\n            <div class=\"h-gap\"><i ><\/i><\/div>\n        <\/div><\/div><\/div><\/div><\/div><div class=\"vc_row-full-width vc_clearfix\"><\/div><div class=\"vc_row wpb_row vc_row-fluid bg-image-ps-inherit\"><div class=\"wpb_column vc_column_container vc_col-sm-8\"><div class=\"vc_column-inner\"><div class=\"wpb_wrapper\"><div class=\"vc_empty_space\"   style=\"height: 32px\"><span class=\"vc_empty_space_inner\"><\/span><\/div><h1 style=\"text-align: left;font-family:Roboto Slab;font-weight:700;font-style:normal\" class=\"vc_custom_heading vc_do_custom_heading\" >\u00bfPorqu\u00e9 es importante el Sistema Arrecifal Mesoamericano?<\/h1><div class=\"vc_empty_space\"   style=\"height: 32px\"><span class=\"vc_empty_space_inner\"><\/span><\/div><div class=\"vc_separator wpb_content_element vc_separator_align_center vc_sep_width_100 vc_sep_pos_align_center vc_separator_no_text vc_sep_color_grey wpb_content_element  wpb_content_element\" ><span class=\"vc_sep_holder vc_sep_holder_l\"><span class=\"vc_sep_line\"><\/span><\/span><span class=\"vc_sep_holder vc_sep_holder_r\"><span class=\"vc_sep_line\"><\/span><\/span>\n<\/div><\/div><\/div><\/div><div class=\"wpb_column vc_column_container vc_col-sm-4\"><div class=\"vc_column-inner\"><div class=\"wpb_wrapper\"><\/div><\/div><\/div><\/div><div class=\"vc_row wpb_row vc_row-fluid row-boxshadow-top bg-image-ps-inherit\"><div class=\"wpb_column vc_column_container vc_col-sm-6\"><div class=\"vc_column-inner\"><div class=\"wpb_wrapper\">\n\t<div class=\"wpb_text_column wpb_content_element\" >\n\t\t<div class=\"wpb_wrapper\">\n\t\t\t<section class=\"elementor-section elementor-inner-section elementor-element elementor-element-c579c53 elementor-section-boxed elementor-section-height-default elementor-section-height-default\" data-id=\"c579c53\" data-element_type=\"section\">\n<div class=\"elementor-container elementor-column-gap-default\">\n<div class=\"elementor-row\">\n<div class=\"elementor-column elementor-col-50 elementor-inner-column elementor-element elementor-element-c0d299b\" data-id=\"c0d299b\" data-element_type=\"column\">\n<div class=\"elementor-column-wrap elementor-element-populated\">\n<div class=\"elementor-widget-wrap\">\n<div class=\"elementor-element elementor-element-fc52290 elementor-widget elementor-widget-text-editor\" data-id=\"fc52290\" data-element_type=\"widget\" data-widget_type=\"text-editor.default\">\n<div class=\"elementor-widget-container\">\n<div class=\"elementor-text-editor elementor-clearfix\">\n<p>La segunda barrera de coral m\u00e1s importante en el mundo es el Sistema Arrecifal Mesoamericano (SAM) \u00a0destaca por su riqueza de especies que habitan en \u00e9l y por la compleja interacci\u00f3n entre el sistema arrecifal y una gran variedad de ecosistemas marinos ecol\u00f3gicamente interdependientes, como los arrecifes de coral, pastos marinos, lagunas y manglares, adem\u00e1s de albergar a m\u00e1s de\u00a0 dos millones de personas, de las cuales un mill\u00f3n dependen directamente de los recursos naturales. Dado que el SAM comprende una gran cantidad de hect\u00e1reas de \u00e1reas naturales protegidas que proveen h\u00e1bitats, refugios, alimentaci\u00f3n, anidaci\u00f3n y crianza a un elevado n\u00famero de especies de flora y fauna, de las cuales algunas se encuentran amenazadas o bajo alguna categor\u00eda de protecci\u00f3n de la IUCN, su importancia tanto ecol\u00f3gica como econ\u00f3mica de esta regi\u00f3n es de vital importancia por los servicios ambientales y funciones ecosistemicas que ofrece a las comunidades.<\/p>\n<\/div>\n<\/div>\n<\/div>\n<\/div>\n<\/div>\n<\/div>\n<\/div>\n<\/div>\n<\/section>\n<div class=\"elementor-element elementor-element-21d8429 elementor-widget elementor-widget-text-editor\" data-id=\"21d8429\" data-element_type=\"widget\" data-widget_type=\"text-editor.default\">\n<div class=\"elementor-widget-container\">\n<div class=\"elementor-text-editor elementor-clearfix\">\n<p>Sin embargo, la vulnerabilidad de la zona expuesta al impacto de actividades humanas como los encallamientos, contaminaci\u00f3n provocada por descargas intencionales y\/o accidentales, entre ellas\u00a0 las descargas de petr\u00f3leo, agua residuales, vertimientos de materiales de construcci\u00f3n, basura, construcci\u00f3n, deforestaci\u00f3n, entre otros \u00a0han afectado la estructura y composici\u00f3n biol\u00f3gica de estos ecosistemas.<\/p>\n<\/div>\n<\/div>\n<\/div>\n\n\t\t<\/div>\n\t<\/div>\n<\/div><\/div><\/div><div class=\"wpb_column vc_column_container vc_col-sm-1\"><div class=\"vc_column-inner\"><div class=\"wpb_wrapper\"><\/div><\/div><\/div><div class=\"wpb_column vc_column_container vc_col-sm-5\"><div class=\"vc_column-inner\"><div class=\"wpb_wrapper\"><div class=\"vc_empty_space\"   style=\"height: 32px\"><span class=\"vc_empty_space_inner\"><\/span><\/div>\n\t<div  class=\"wpb_single_image wpb_content_element vc_align_center wpb_content_element inherit inherit\">\n\t\t\n\t\t<figure class=\"wpb_wrapper vc_figure\">\n\t\t\t<a class=\"\" data-lightbox=\"lightbox[rel-1894-4236739880]\" href=\"https:\/\/coralmar.org\/wp-content\/uploads\/2021\/10\/Mapa-de-la-region-del-SAM-MAR-Fund-980x340.jpg\" target=\"_self\" class=\"vc_single_image-wrapper default  vc_box_border_grey\"><img loading=\"lazy\" decoding=\"async\" width=\"1500\" height=\"1175\" src=\"https:\/\/coralmar.org\/wp-content\/uploads\/2021\/10\/Mapa-de-la-region-del-SAM-MAR-Fund.jpg\" class=\"vc_single_image-img attachment-full\" alt=\"\" title=\"Mapa de la regi\u00f3n del SAM- MAR Fund\" srcset=\"https:\/\/coralmar.org\/wp-content\/uploads\/2021\/10\/Mapa-de-la-region-del-SAM-MAR-Fund.jpg 1500w, https:\/\/coralmar.org\/wp-content\/uploads\/2021\/10\/Mapa-de-la-region-del-SAM-MAR-Fund-768x602.jpg 768w\" sizes=\"auto, (max-width: 1500px) 100vw, 1500px\" \/><\/a>\n\t\t<\/figure>\n\t<\/div>\n\n\t<div class=\"wpb_text_column wpb_content_element\" >\n\t\t<div class=\"wpb_wrapper\">\n\t\t\t<p style=\"text-align: center; font-size: small;\"><em>Mapa de la regi\u00f3n del SAM, MAR Fund.<\/em><\/p>\n\n\t\t<\/div>\n\t<\/div>\n<\/div><\/div><\/div><\/div><div class=\"vc_row wpb_row vc_row-fluid bg-image-ps-inherit\"><div class=\"wpb_column vc_column_container vc_col-sm-12\"><div class=\"vc_column-inner\"><div class=\"wpb_wrapper\">\n\t<div class=\"wpb_text_column wpb_content_element\" >\n\t\t<div class=\"wpb_wrapper\">\n\t\t\t<p>Es importante conservar la regi\u00f3n del SAM no solo por el impacto ecol\u00f3gico y econ\u00f3mico, sino tambi\u00e9n por el valor cultural que posee de los diversos grupos \u00e9tnicos que viven a lo largo de la l\u00ednea costera de los cuatro pa\u00edses que lo conforman y que dependen del sustento de actividades econ\u00f3micas ligadas a los recursos marinos y costeros como la pesca, el turismo y el comercio, adem\u00e1s, se han llevado a cabo diversas investigaciones arqueol\u00f3gicas y cient\u00edficas por instituciones gubernamentales, acad\u00e9micas nacionales e internacionales y otras organizaciones independientes que han contribuido con informaci\u00f3n relevante para el manejo de los recursos naturales.<\/p>\n<p>Entre estas organizaciones independientes la RR-SAM trabaja conjuntamente con las comunidades, gobiernos y otras organizaciones sin fines de lucro e instituciones acad\u00e9micas para renovar la integridad y resiliencia del sistema arrecifal y de esta manera preservar los recursos naturales marinos y costeros.<\/p>\n\n\t\t<\/div>\n\t<\/div>\n<\/div><\/div><\/div><\/div><div class=\"vc_row wpb_row vc_row-fluid bg-image-ps-inherit\"><div class=\"wpb_column vc_column_container vc_col-sm-2\"><div class=\"vc_column-inner\"><div class=\"wpb_wrapper\"><\/div><\/div><\/div><div class=\"wpb_column vc_column_container vc_col-sm-8\"><div class=\"vc_column-inner\"><div class=\"wpb_wrapper\"><div class=\"wpb_gallery wpb_content_element vc_clearfix wpb_content_element\" ><div class=\"wpb_wrapper\"><div class=\"wpb_gallery_slides wpb_flexslider flexslider_fade flexslider\" data-interval=\"3\" data-flex_fx=\"fade\"><ul class=\"slides\"><li><a class=\"\" href=\"https:\/\/coralmar.org\/wp-content\/uploads\/2021\/10\/galeria-coralmar-1-960x340.jpg\" data-lightbox=\"lightbox[rel-1894-2224659016]\"><img loading=\"lazy\" decoding=\"async\" width=\"960\" height=\"720\" src=\"https:\/\/coralmar.org\/wp-content\/uploads\/2021\/10\/galeria-coralmar-1.jpg\" class=\"attachment-full\" alt=\"\" title=\"galeria-coralmar-1\" srcset=\"https:\/\/coralmar.org\/wp-content\/uploads\/2021\/10\/galeria-coralmar-1.jpg 960w, https:\/\/coralmar.org\/wp-content\/uploads\/2021\/10\/galeria-coralmar-1-768x576.jpg 768w\" sizes=\"auto, (max-width: 960px) 100vw, 960px\" \/><\/a><\/li><li><a class=\"\" href=\"https:\/\/coralmar.org\/wp-content\/uploads\/2021\/10\/galeria-coralmar-2-960x340.jpg\" data-lightbox=\"lightbox[rel-1894-2224659016]\"><img loading=\"lazy\" decoding=\"async\" width=\"960\" height=\"720\" src=\"https:\/\/coralmar.org\/wp-content\/uploads\/2021\/10\/galeria-coralmar-2.jpg\" class=\"attachment-full\" alt=\"\" title=\"galeria-coralmar-2\" srcset=\"https:\/\/coralmar.org\/wp-content\/uploads\/2021\/10\/galeria-coralmar-2.jpg 960w, https:\/\/coralmar.org\/wp-content\/uploads\/2021\/10\/galeria-coralmar-2-768x576.jpg 768w\" sizes=\"auto, (max-width: 960px) 100vw, 960px\" \/><\/a><\/li><li><a class=\"\" href=\"https:\/\/coralmar.org\/wp-content\/uploads\/2021\/10\/galeria-coralmar-3-960x340.jpg\" data-lightbox=\"lightbox[rel-1894-2224659016]\"><img loading=\"lazy\" decoding=\"async\" width=\"960\" height=\"720\" src=\"https:\/\/coralmar.org\/wp-content\/uploads\/2021\/10\/galeria-coralmar-3.jpg\" class=\"attachment-full\" alt=\"\" title=\"galeria-coralmar-3\" srcset=\"https:\/\/coralmar.org\/wp-content\/uploads\/2021\/10\/galeria-coralmar-3.jpg 960w, https:\/\/coralmar.org\/wp-content\/uploads\/2021\/10\/galeria-coralmar-3-768x576.jpg 768w\" sizes=\"auto, (max-width: 960px) 100vw, 960px\" \/><\/a><\/li><li><a class=\"\" href=\"https:\/\/coralmar.org\/wp-content\/uploads\/2021\/10\/galeria-coralmar-4-960x340.jpg\" data-lightbox=\"lightbox[rel-1894-2224659016]\"><img loading=\"lazy\" decoding=\"async\" width=\"960\" height=\"720\" src=\"https:\/\/coralmar.org\/wp-content\/uploads\/2021\/10\/galeria-coralmar-4.jpg\" class=\"attachment-full\" alt=\"\" title=\"galeria-coralmar-4\" srcset=\"https:\/\/coralmar.org\/wp-content\/uploads\/2021\/10\/galeria-coralmar-4.jpg 960w, https:\/\/coralmar.org\/wp-content\/uploads\/2021\/10\/galeria-coralmar-4-768x576.jpg 768w\" sizes=\"auto, (max-width: 960px) 100vw, 960px\" \/><\/a><\/li><li><a class=\"\" href=\"https:\/\/coralmar.org\/wp-content\/uploads\/2021\/10\/galeria-coralmar-5-960x340.jpg\" data-lightbox=\"lightbox[rel-1894-2224659016]\"><img loading=\"lazy\" decoding=\"async\" width=\"960\" height=\"720\" src=\"https:\/\/coralmar.org\/wp-content\/uploads\/2021\/10\/galeria-coralmar-5.jpg\" class=\"attachment-full\" alt=\"\" title=\"galeria-coralmar-5\" srcset=\"https:\/\/coralmar.org\/wp-content\/uploads\/2021\/10\/galeria-coralmar-5.jpg 960w, https:\/\/coralmar.org\/wp-content\/uploads\/2021\/10\/galeria-coralmar-5-768x576.jpg 768w\" sizes=\"auto, (max-width: 960px) 100vw, 960px\" \/><\/a><\/li><\/ul><\/div><\/div><\/div><\/div><\/div><\/div><div class=\"wpb_column vc_column_container vc_col-sm-2\"><div class=\"vc_column-inner\"><div class=\"wpb_wrapper\"><\/div><\/div><\/div><\/div><div class=\"vc_row wpb_row vc_row-fluid bg-image-ps-inherit\"><div class=\"wpb_column vc_column_container vc_col-sm-12\"><div class=\"vc_column-inner\"><div class=\"wpb_wrapper\">\n\t<div class=\"wpb_text_column wpb_content_element\" >\n\t\t<div class=\"wpb_wrapper\">\n\t\t\t<p><\/p>\n\n\t\t<\/div>\n\t<\/div>\n<\/div><\/div><\/div><\/div><div id=\"contacto\" class=\"vc_row wpb_row vc_row-fluid bg-image-ps-inherit\"><div class=\"wpb_column vc_column_container vc_col-sm-12\"><div class=\"vc_column-inner\"><div class=\"wpb_wrapper\"><div class=\"vc_empty_space\"   style=\"height: 32px\"><span class=\"vc_empty_space_inner\"><\/span><\/div><\/div><\/div><\/div><\/div>\n<\/div>","protected":false},"excerpt":{"rendered":"\u00bfPor qu\u00e9 el SAM? \u00bfPorqu\u00e9 es importante el Sistema Arrecifal Mesoamericano? La segunda barrera de coral m\u00e1s importante en el mundo es el Sistema Arrecifal Mesoamericano (SAM) \u00a0destaca por su riqueza de especies que habitan en \u00e9l y por la compleja interacci\u00f3n entre el sistema arrecifal y una gran variedad de ecosistemas marinos ecol\u00f3gicamente interdependientes, [...]","protected":false},"author":1,"featured_media":0,"parent":0,"menu_order":0,"comment_status":"closed","ping_status":"closed","template":"","meta":{"footnotes":""},"class_list":["post-1894","page","type-page","status-publish","hentry"],"aioseo_notices":[],"_links":{"self":[{"href":"https:\/\/coralmar.org\/en\/wp-json\/wp\/v2\/pages\/1894","targetHints":{"allow":["GET"]}}],"collection":[{"href":"https:\/\/coralmar.org\/en\/wp-json\/wp\/v2\/pages"}],"about":[{"href":"https:\/\/coralmar.org\/en\/wp-json\/wp\/v2\/types\/page"}],"author":[{"embeddable":true,"href":"https:\/\/coralmar.org\/en\/wp-json\/wp\/v2\/users\/1"}],"replies":[{"embeddable":true,"href":"https:\/\/coralmar.org\/en\/wp-json\/wp\/v2\/comments?post=1894"}],"version-history":[{"count":0,"href":"https:\/\/coralmar.org\/en\/wp-json\/wp\/v2\/pages\/1894\/revisions"}],"wp:attachment":[{"href":"https:\/\/coralmar.org\/en\/wp-json\/wp\/v2\/media?parent=1894"}],"curies":[{"name":"wp","href":"https:\/\/api.w.org\/{rel}","templated":true}]}}