{"id":2195,"date":"2021-12-01T16:26:28","date_gmt":"2021-12-01T22:26:28","guid":{"rendered":"https:\/\/coralmar.org\/?page_id=2195"},"modified":"2021-12-18T10:45:19","modified_gmt":"2021-12-18T16:45:19","slug":"restauracion-arrecifes","status":"publish","type":"page","link":"https:\/\/coralmar.org\/en\/restauracion-arrecifes\/","title":{"rendered":""},"content":{"rendered":"<div class=\"wpb-content-wrapper\"><div data-vc-full-width=\"true\" data-vc-full-width-temp=\"true\" data-vc-full-width-init=\"false\" data-vc-parallax=\"2.5\" data-vc-parallax-o-fade=\"on\" data-vc-parallax-image=\"https:\/\/coralmar.org\/wp-content\/uploads\/2021\/12\/RGraham_2017_WS_IMG_7550.jpg\" class=\"vc_row wpb_row vc_row-fluid vc_custom_1638406481574 vc_row-has-fill vc_general vc_parallax vc_parallax-content-moving-fade js-vc_parallax-o-fade row-overlay bg-image-ps-inherit\"><div class=\"wpb_column vc_column_container vc_col-sm-12\"><div class=\"vc_column-inner\"><div class=\"wpb_wrapper\"><div id=\"ct-heading\" class=\"ct-heading align-center align-center-md align-center-sm align-center-xs \">\n            <style type=\"text\/css\">\n            @media (min-width: 991px) and (max-width: 1200px) {\n                #ct-heading .ct-heading-tag {\n                                            font-size: 25px !important;\n                                                        }\n            }\n        <\/style>\n    \n            <style type=\"text\/css\">\n            @media (min-width: 768px) and (max-width: 991px) {\n                #ct-heading .ct-heading-tag {\n                                            font-size: 18px !important;\n                                                        }\n            }\n        <\/style>\n    \n            <style type=\"text\/css\">\n            @media screen and (max-width: 767px) {\n                #ct-heading .ct-heading-tag {\n                                            font-size: 32px !important;\n                                                        }\n            }\n        <\/style>\n                    <div class=\"ct-heading-sub sub- style1\" style=\"color:#ffffff;font-size:35px;font-weight:800;\">\n            <span style=\"background-color:#ffffff;\"><\/span>\n            \u00bfQu\u00e9 es la restauraci\u00f3n de arrecifes?                    <\/div>\n        <h1 class=\"ct-heading-tag typing-style1\" style=\"margin-top:10px;margin-bottom:10px;color:#ffffff;font-size:45px;text-transform:uppercase;font-weight:800; \">\n            <\/h1>\n            <div class=\"h-gap\"><i ><\/i><\/div>\n        <\/div><\/div><\/div><\/div><\/div><div class=\"vc_row-full-width vc_clearfix\"><\/div><div class=\"vc_row wpb_row vc_row-fluid bg-image-ps-inherit\"><div class=\"wpb_column vc_column_container vc_col-sm-12\"><div class=\"vc_column-inner\"><div class=\"wpb_wrapper\"><div class=\"vc_empty_space\"   style=\"height: 32px\"><span class=\"vc_empty_space_inner\"><\/span><\/div><div class=\"vc_separator wpb_content_element vc_separator_align_center vc_sep_width_100 vc_sep_pos_align_center vc_separator_no_text vc_sep_color_grey wpb_content_element  wpb_content_element\" ><span class=\"vc_sep_holder vc_sep_holder_l\"><span class=\"vc_sep_line\"><\/span><\/span><span class=\"vc_sep_holder vc_sep_holder_r\"><span class=\"vc_sep_line\"><\/span><\/span>\n<\/div><h2 style=\"text-align: left;font-family:Roboto Slab;font-weight:700;font-style:normal\" class=\"vc_custom_heading vc_do_custom_heading\" >Restauraci\u00f3n de arrecifes<\/h2><div class=\"vc_separator wpb_content_element vc_separator_align_center vc_sep_width_100 vc_sep_pos_align_center vc_separator_no_text vc_sep_color_grey wpb_content_element  wpb_content_element\" ><span class=\"vc_sep_holder vc_sep_holder_l\"><span class=\"vc_sep_line\"><\/span><\/span><span class=\"vc_sep_holder vc_sep_holder_r\"><span class=\"vc_sep_line\"><\/span><\/span>\n<\/div><\/div><\/div><\/div><\/div><div class=\"vc_row wpb_row vc_row-fluid row-boxshadow-top bg-image-ps-inherit\"><div class=\"wpb_column vc_column_container vc_col-sm-6\"><div class=\"vc_column-inner\"><div class=\"wpb_wrapper\">\n\t<div class=\"wpb_text_column wpb_content_element\" >\n\t\t<div class=\"wpb_wrapper\">\n\t\t\t<p><span style=\"font-weight: 400;\">Una de las estrategias exitosas que se est\u00e1n implementando a nivel mundial y regional para contrarrestar las amenazas que enfrentan los arrecifes de coral es la restauraci\u00f3n directa de corales. La restauraci\u00f3n de arrecifes es una pr\u00e1ctica mediante la cual los administradores de arrecifes, los profesionales de la restauraci\u00f3n y los cient\u00edficos propagan corales a trav\u00e9s de una variedad de metodolog\u00edas que incluyen micro fragmentaci\u00f3n, m\u00e9todos de jardiner\u00eda de coral e incluso reproducci\u00f3n sexual de corales, entre otros.<\/span><\/p>\n<p><span style=\"font-weight: 400;\">La premisa b\u00e1sica detr\u00e1s de la restauraci\u00f3n es mejorar las poblaciones de corales, con un enfoque especial en la propagaci\u00f3n de especies que est\u00e1n clasificadas como en peligro o amenazadas. La mayor parte de la restauraci\u00f3n de corales se lleva a cabo cultivando fragmentos y luego se trasplantan en \u00e1reas degradadas del arrecife. El trasplante es la pr\u00e1ctica de asegurar los fragmentos de coral al sustrato del arrecife utilizando cinchos de pl\u00e1stico (zip ties), cuerdas, clavos, epoxi marino o cualquier otro m\u00e9todo que elijan los profesionales de la restauraci\u00f3n.<\/span><\/p>\n<p><span style=\"font-weight: 400;\">La meta final de la restauraci\u00f3n es llegar a un enfoque a largo plazo, donde la naturaleza haga su trabajo. En otras palabras, la restauraci\u00f3n activa ayuda al ecosistema a llegar a un equilibrio natural. Esto incluye volver a plantar corales cultivados en viveros de nuevo en los arrecifes, mantener la diversidad gen\u00e9tica, asegurarse de que el h\u00e1bitat sea adecuado para el reclutamiento natural y construir y mantener la resistencia de los corales a las amenazas, incluido el cambio clim\u00e1tico, las pr\u00e1cticas de pesca insostenibles y contaminaci\u00f3n de fuentes terrestres. La restauraci\u00f3n efectiva impulsa la recuperaci\u00f3n de los ecosistemas de arrecifes de coral (NOAA, 2021).<\/span><\/p>\n\n\t\t<\/div>\n\t<\/div>\n<\/div><\/div><\/div><div class=\"wpb_column vc_column_container vc_col-sm-1\"><div class=\"vc_column-inner\"><div class=\"wpb_wrapper\"><\/div><\/div><\/div><div class=\"wpb_column vc_column_container vc_col-sm-5\"><div class=\"vc_column-inner\"><div class=\"wpb_wrapper\"><div class=\"vc_empty_space\"   style=\"height: 32px\"><span class=\"vc_empty_space_inner\"><\/span><\/div><div class=\"vc_empty_space\"   style=\"height: 32px\"><span class=\"vc_empty_space_inner\"><\/span><\/div>\n\t<div  class=\"wpb_single_image wpb_content_element vc_align_center wpb_content_element inherit inherit\">\n\t\t\n\t\t<figure class=\"wpb_wrapper vc_figure\">\n\t\t\t<a class=\"\" data-lightbox=\"lightbox[rel-2195-3512441201]\" href=\"https:\/\/coralmar.org\/wp-content\/uploads\/2021\/12\/banner-restauracion-2022-670x340.png\" target=\"_self\" class=\"vc_single_image-wrapper default  vc_box_border_grey\"><img loading=\"lazy\" decoding=\"async\" width=\"670\" height=\"682\" src=\"https:\/\/coralmar.org\/wp-content\/uploads\/2021\/12\/banner-restauracion-2022.png\" class=\"vc_single_image-img attachment-full\" alt=\"\" title=\"banner-restauracion-2022\" srcset=\"https:\/\/coralmar.org\/wp-content\/uploads\/2021\/12\/banner-restauracion-2022.png 670w, https:\/\/coralmar.org\/wp-content\/uploads\/2021\/12\/banner-restauracion-2022-12x12.png 12w\" sizes=\"auto, (max-width: 670px) 100vw, 670px\" \/><\/a>\n\t\t<\/figure>\n\t<\/div>\n<\/div><\/div><\/div><\/div><div class=\"vc_row wpb_row vc_row-fluid bg-image-ps-inherit\"><div class=\"wpb_column vc_column_container vc_col-sm-12\"><div class=\"vc_column-inner\"><div class=\"wpb_wrapper\"><div class=\"vc_empty_space\"   style=\"height: 42px\"><span class=\"vc_empty_space_inner\"><\/span><\/div><div class=\"vc_separator wpb_content_element vc_separator_align_center vc_sep_width_100 vc_sep_pos_align_center vc_separator_no_text vc_sep_color_grey wpb_content_element  wpb_content_element\" ><span class=\"vc_sep_holder vc_sep_holder_l\"><span class=\"vc_sep_line\"><\/span><\/span><span class=\"vc_sep_holder vc_sep_holder_r\"><span class=\"vc_sep_line\"><\/span><\/span>\n<\/div><\/div><\/div><\/div><\/div><div class=\"vc_row wpb_row vc_row-fluid bg-image-ps-inherit\"><div class=\"wpb_column vc_column_container vc_col-sm-12\"><div class=\"vc_column-inner\"><div class=\"wpb_wrapper\">\n\t<div class=\"wpb_text_column wpb_content_element\" >\n\t\t<div class=\"wpb_wrapper\">\n\t\t\t<p><\/p>\n\n\t\t<\/div>\n\t<\/div>\n<\/div><\/div><\/div><\/div><div id=\"contacto\" class=\"vc_row wpb_row vc_row-fluid bg-image-ps-inherit\"><div class=\"wpb_column vc_column_container vc_col-sm-12\"><div class=\"vc_column-inner\"><div class=\"wpb_wrapper\"><div class=\"vc_empty_space\"   style=\"height: 32px\"><span class=\"vc_empty_space_inner\"><\/span><\/div><\/div><\/div><\/div><\/div>\n<\/div>","protected":false},"excerpt":{"rendered":"\u00bfQu\u00e9 es la restauraci\u00f3n de arrecifes? Restauraci\u00f3n de arrecifes Una de las estrategias exitosas que se est\u00e1n implementando a nivel mundial y regional para contrarrestar las amenazas que enfrentan los arrecifes de coral es la restauraci\u00f3n directa de corales. La restauraci\u00f3n de arrecifes es una pr\u00e1ctica mediante la cual los administradores de arrecifes, los profesionales [...]","protected":false},"author":1,"featured_media":0,"parent":0,"menu_order":0,"comment_status":"closed","ping_status":"closed","template":"","meta":{"footnotes":""},"class_list":["post-2195","page","type-page","status-publish","hentry"],"aioseo_notices":[],"_links":{"self":[{"href":"https:\/\/coralmar.org\/en\/wp-json\/wp\/v2\/pages\/2195","targetHints":{"allow":["GET"]}}],"collection":[{"href":"https:\/\/coralmar.org\/en\/wp-json\/wp\/v2\/pages"}],"about":[{"href":"https:\/\/coralmar.org\/en\/wp-json\/wp\/v2\/types\/page"}],"author":[{"embeddable":true,"href":"https:\/\/coralmar.org\/en\/wp-json\/wp\/v2\/users\/1"}],"replies":[{"embeddable":true,"href":"https:\/\/coralmar.org\/en\/wp-json\/wp\/v2\/comments?post=2195"}],"version-history":[{"count":0,"href":"https:\/\/coralmar.org\/en\/wp-json\/wp\/v2\/pages\/2195\/revisions"}],"wp:attachment":[{"href":"https:\/\/coralmar.org\/en\/wp-json\/wp\/v2\/media?parent=2195"}],"curies":[{"name":"wp","href":"https:\/\/api.w.org\/{rel}","templated":true}]}}