{"id":2250,"date":"2021-12-18T18:45:22","date_gmt":"2021-12-19T00:45:22","guid":{"rendered":"https:\/\/coralmar.org\/?page_id=2250"},"modified":"2021-12-18T19:15:14","modified_gmt":"2021-12-19T01:15:14","slug":"cambio-climatico","status":"publish","type":"page","link":"https:\/\/coralmar.org\/en\/cambio-climatico\/","title":{"rendered":""},"content":{"rendered":"<div class=\"wpb-content-wrapper\"><div data-vc-full-width=\"true\" data-vc-full-width-temp=\"true\" data-vc-full-width-init=\"false\" data-vc-parallax=\"2.5\" data-vc-parallax-o-fade=\"on\" data-vc-parallax-image=\"https:\/\/coralmar.org\/wp-content\/uploads\/2021\/12\/RGraham_2017_WS_IMG_7550.jpg\" class=\"vc_row wpb_row vc_row-fluid vc_custom_1638406481574 vc_row-has-fill vc_general vc_parallax vc_parallax-content-moving-fade js-vc_parallax-o-fade row-overlay bg-image-ps-inherit\"><div class=\"wpb_column vc_column_container vc_col-sm-12\"><div class=\"vc_column-inner\"><div class=\"wpb_wrapper\"><div id=\"ct-heading\" class=\"ct-heading align-center align-center-md align-center-sm align-center-xs \">\n            <style type=\"text\/css\">\n            @media (min-width: 991px) and (max-width: 1200px) {\n                #ct-heading .ct-heading-tag {\n                                            font-size: 25px !important;\n                                                        }\n            }\n        <\/style>\n    \n            <style type=\"text\/css\">\n            @media (min-width: 768px) and (max-width: 991px) {\n                #ct-heading .ct-heading-tag {\n                                            font-size: 18px !important;\n                                                        }\n            }\n        <\/style>\n    \n            <style type=\"text\/css\">\n            @media screen and (max-width: 767px) {\n                #ct-heading .ct-heading-tag {\n                                            font-size: 32px !important;\n                                                        }\n            }\n        <\/style>\n                    <div class=\"ct-heading-sub sub- style1\" style=\"color:#ffffff;font-size:35px;font-weight:800;\">\n            <span style=\"background-color:#ffffff;\"><\/span>\n            Amenazas del SAM                    <\/div>\n        <h1 class=\"ct-heading-tag typing-style1\" style=\"margin-top:10px;margin-bottom:10px;color:#ffffff;font-size:45px;text-transform:uppercase;font-weight:800; \">\n            <\/h1>\n            <div class=\"h-gap\"><i ><\/i><\/div>\n        <\/div><\/div><\/div><\/div><\/div><div class=\"vc_row-full-width vc_clearfix\"><\/div><div class=\"vc_row wpb_row vc_row-fluid bg-image-ps-inherit\"><div class=\"wpb_column vc_column_container vc_col-sm-12\"><div class=\"vc_column-inner\"><div class=\"wpb_wrapper\"><div class=\"vc_empty_space\"   style=\"height: 32px\"><span class=\"vc_empty_space_inner\"><\/span><\/div><div class=\"vc_separator wpb_content_element vc_separator_align_center vc_sep_width_100 vc_sep_pos_align_center vc_separator_no_text vc_sep_color_grey wpb_content_element  wpb_content_element\" ><span class=\"vc_sep_holder vc_sep_holder_l\"><span class=\"vc_sep_line\"><\/span><\/span><span class=\"vc_sep_holder vc_sep_holder_r\"><span class=\"vc_sep_line\"><\/span><\/span>\n<\/div><h2 style=\"text-align: left;font-family:Roboto Slab;font-weight:700;font-style:normal\" class=\"vc_custom_heading vc_do_custom_heading\" >Cambio Clim\u00e1tico<\/h2><div class=\"vc_separator wpb_content_element vc_separator_align_center vc_sep_width_100 vc_sep_pos_align_center vc_separator_no_text vc_sep_color_grey wpb_content_element  wpb_content_element\" ><span class=\"vc_sep_holder vc_sep_holder_l\"><span class=\"vc_sep_line\"><\/span><\/span><span class=\"vc_sep_holder vc_sep_holder_r\"><span class=\"vc_sep_line\"><\/span><\/span>\n<\/div><\/div><\/div><\/div><\/div><div class=\"vc_row wpb_row vc_row-fluid row-boxshadow-top bg-image-ps-inherit\"><div class=\"wpb_column vc_column_container vc_col-sm-6\"><div class=\"vc_column-inner\"><div class=\"wpb_wrapper\">\n\t<div class=\"wpb_text_column wpb_content_element\" >\n\t\t<div class=\"wpb_wrapper\">\n\t\t\t<p>El clima de la Tierra ha cambiado muchas veces a lo largo de su historia, esta variaci\u00f3n se debe a los cambios naturales como erupciones volc\u00e1nicas, los cambios en la \u00f3rbita, el \u00e1ngulo del eje de la Tierra y las variaciones en la composici\u00f3n de la atm\u00f3sfera, sin embargo, a partir de la revoluci\u00f3n industrial, el principal cambio en la composici\u00f3n de la atm\u00f3sfera se asocia con las actividades humanas con la quema de billones de toneladas de aceites, carb\u00f3n y combustibles f\u00f3siles para la generaci\u00f3n de energ\u00eda en todo el mundo.<\/p>\n<p>Actualmente, la situaci\u00f3n que presenta la Tierra ante los cambios de temperatura y de la composici\u00f3n y estructura de los ecosistemas ha sido alarmante por la acelerada p\u00e9rdida de la biodiversidad a escala global, estos cambios en las temperaturas es lo que conocemos hoy en d\u00eda como \u201ccalentamiento global\u201d, pero para hablar de ello, es necesario introducirnos un poco en lo que son los gases de efecto invernadero y algunos conceptos generales.<\/p>\n\n\t\t<\/div>\n\t<\/div>\n<\/div><\/div><\/div><div class=\"wpb_column vc_column_container vc_col-sm-1\"><div class=\"vc_column-inner\"><div class=\"wpb_wrapper\"><\/div><\/div><\/div><div class=\"wpb_column vc_column_container vc_col-sm-5\"><div class=\"vc_column-inner\"><div class=\"wpb_wrapper\">\n\t<div  class=\"wpb_single_image wpb_content_element vc_align_center wpb_content_element inherit inherit\">\n\t\t\n\t\t<figure class=\"wpb_wrapper vc_figure\">\n\t\t\t<a class=\"\" data-lightbox=\"lightbox[rel-2250-2217021500]\" href=\"https:\/\/coralmar.org\/wp-content\/uploads\/2021\/12\/temperatura-cambio-climatico-980x340.jpg\" target=\"_self\" class=\"vc_single_image-wrapper default  vc_box_border_grey\"><img loading=\"lazy\" decoding=\"async\" width=\"1172\" height=\"720\" src=\"https:\/\/coralmar.org\/wp-content\/uploads\/2021\/12\/temperatura-cambio-climatico.jpg\" class=\"vc_single_image-img attachment-full\" alt=\"\" title=\"temperatura-cambio-climatico\" srcset=\"https:\/\/coralmar.org\/wp-content\/uploads\/2021\/12\/temperatura-cambio-climatico.jpg 1172w, https:\/\/coralmar.org\/wp-content\/uploads\/2021\/12\/temperatura-cambio-climatico-768x472.jpg 768w, https:\/\/coralmar.org\/wp-content\/uploads\/2021\/12\/temperatura-cambio-climatico-18x12.jpg 18w\" sizes=\"auto, (max-width: 1172px) 100vw, 1172px\" \/><\/a>\n\t\t<\/figure>\n\t<\/div>\n\n\t<div class=\"wpb_text_column wpb_content_element\" >\n\t\t<div class=\"wpb_wrapper\">\n\t\t\t<h6 style=\"text-align: center;\"><em>Figura 1. Cambios en la Temperatura desde 1984 hasta 2018.<\/em><\/h6>\n<h6 style=\"text-align: center;\"><em>\u00a0<\/em><a href=\"https:\/\/climate.nasa.gov\/interactives\/climate-time-machine\"><em>Fuente: https:\/\/climate.nasa.gov\/interactives\/climate-time-machine<\/em><\/a><\/h6>\n\n\t\t<\/div>\n\t<\/div>\n<\/div><\/div><\/div><\/div><div class=\"vc_row wpb_row vc_row-fluid row-boxshadow-top bg-image-ps-inherit\"><div class=\"wpb_column vc_column_container vc_col-sm-6\"><div class=\"vc_column-inner\"><div class=\"wpb_wrapper\">\n\t<div class=\"wpb_text_column wpb_content_element\" >\n\t\t<div class=\"wpb_wrapper\">\n\t\t\t<p>En primer lugar, la atm\u00f3sfera es la capa gaseosa que comienza desde la superficie de la Tierra y se extiende al espacio exterior, est\u00e1 conformada de cinco capas, de las cuales, la capa inferior correspondiente a la Troposfera es donde suceden la mayor\u00eda de procesos meteorol\u00f3gicos relacionados a las variaciones clim\u00e1ticas y donde sucede el efecto invernadero,\u00a0 en estas capas se encuentra el aire que respiramos y est\u00e1n conformadas por gases como nitr\u00f3geno (N), ox\u00edgeno (O), di\u00f3xido de carbono (CO<sub>2<\/sub>), que son absorbidos por diversos organismos para su desarrollo. Por lo tanto, el clima es producto de la constante y compleja interacci\u00f3n entre la atm\u00f3sfera, los oc\u00e9anos, capas de hielo y nieve, los continentes y los ecosistemas que habitan en ellos.<\/p>\n<p>Por otro lado, el efecto invernadero, es el proceso natural por el cual la atm\u00f3sfera mantiene la Tierra caliente, los gases que crean este efecto son el di\u00f3xido de carbono (CO<sub>2<\/sub>), \u00f3xido nitroso (N<sub>2<\/sub>O), metano (CH<sub>4<\/sub>), ozono (O<sub>3<\/sub>), perfluorocarbonos (PFCs), hidroflurocarbonos (HFCs), hexafluoruro de azufre (SF<sub>6<\/sub>) y vapor de agua (H<sub>2<\/sub>O). Estos son los gases que concentran la radiaci\u00f3n que la superficie terrestre, oc\u00e9anos y glaciares emiten hacia el espacio despu\u00e9s de calentarse con la radiaci\u00f3n solar.<\/p>\n<p>Sin embargo, en los \u00faltimos a\u00f1os el aumento de los gases de efecto invernadero y del 40% del CO2 en la atm\u00f3sfera han sido provocados por las actividades antropoc\u00e9ntricas y junto con este proceso la acelerada p\u00e9rdida de bosques, vegetaci\u00f3n y ecosistemas en regiones muy amplias del planeta han disminuido la capacidad de remover las altas concentraciones de GEI provocando el aumento de la temperatura de la Tierra.<\/p>\n\n\t\t<\/div>\n\t<\/div>\n<\/div><\/div><\/div><div class=\"wpb_column vc_column_container vc_col-sm-1\"><div class=\"vc_column-inner\"><div class=\"wpb_wrapper\"><\/div><\/div><\/div><div class=\"wpb_column vc_column_container vc_col-sm-5\"><div class=\"vc_column-inner\"><div class=\"wpb_wrapper\">\n\t<div  class=\"wpb_single_image wpb_content_element vc_align_center wpb_content_element inherit inherit\">\n\t\t\n\t\t<figure class=\"wpb_wrapper vc_figure\">\n\t\t\t<a class=\"\" data-lightbox=\"lightbox[rel-2250-3537812785]\" href=\"https:\/\/coralmar.org\/wp-content\/uploads\/2021\/12\/capas-de-la-atmosfera-cambio-climatico-2022-531x340.jpg\" target=\"_self\" class=\"vc_single_image-wrapper default  vc_box_border_grey\"><img loading=\"lazy\" decoding=\"async\" width=\"531\" height=\"700\" src=\"https:\/\/coralmar.org\/wp-content\/uploads\/2021\/12\/capas-de-la-atmosfera-cambio-climatico-2022.jpg\" class=\"vc_single_image-img attachment-full\" alt=\"\" title=\"capas-de-la-atmosfera-cambio-climatico-2022\" srcset=\"https:\/\/coralmar.org\/wp-content\/uploads\/2021\/12\/capas-de-la-atmosfera-cambio-climatico-2022.jpg 531w, https:\/\/coralmar.org\/wp-content\/uploads\/2021\/12\/capas-de-la-atmosfera-cambio-climatico-2022-9x12.jpg 9w\" sizes=\"auto, (max-width: 531px) 100vw, 531px\" \/><\/a>\n\t\t<\/figure>\n\t<\/div>\n\n\t<div class=\"wpb_text_column wpb_content_element\" >\n\t\t<div class=\"wpb_wrapper\">\n\t\t\t<h6 style=\"text-align: center;\"><em>Figura 2. Cuadros sin\u00f3pticos e im\u00e1genes sobre las capas de la atm\u00f3sfera.<\/em><\/h6>\n<h6 style=\"text-align: center;\"><em>\u00a0<\/em><a href=\"https:\/\/cuadrocomparativo.org\/cuadros-sinopticos-e-imagenes-sobre-las-capas-de-la-atmosfera\/\"><em>Fuente: Cuadro Comparativo<\/em><\/a><\/h6>\n\n\t\t<\/div>\n\t<\/div>\n<\/div><\/div><\/div><\/div><div class=\"vc_row wpb_row vc_row-fluid bg-image-ps-inherit\"><div class=\"wpb_column vc_column_container vc_col-sm-12\"><div class=\"vc_column-inner\"><div class=\"wpb_wrapper\"><div class=\"vc_separator wpb_content_element vc_separator_align_center vc_sep_width_100 vc_sep_pos_align_center vc_separator_no_text vc_sep_color_grey wpb_content_element  wpb_content_element\" ><span class=\"vc_sep_holder vc_sep_holder_l\"><span class=\"vc_sep_line\"><\/span><\/span><span class=\"vc_sep_holder vc_sep_holder_r\"><span class=\"vc_sep_line\"><\/span><\/span>\n<\/div>\n\t<div class=\"wpb_text_column wpb_content_element\" >\n\t\t<div class=\"wpb_wrapper\">\n\t\t\t<p>Como consecuencia, el calentamiento global es la manifestaci\u00f3n del cambio clim\u00e1tico en diversas regiones del planeta que han evidenciado aumentos de la temperatura del aire y oc\u00e9anos, el derretimiento de glaciares y aumento en el nivel del mar, este fen\u00f3meno afecta diferentes temperaturas, provocando alteraciones en regiones donde llueve, donde hay nevadas y heladas, en la llegada de la primavera, en la biodiversidad y puede estar cambiando dr\u00e1sticamente m\u00e1s, en un lugar que en otros, pero todo el planeta est\u00e1 siendo afectado.<\/p>\n\n\t\t<\/div>\n\t<\/div>\n\n\t<div  class=\"wpb_single_image wpb_content_element vc_align_center wpb_content_element inherit inherit\">\n\t\t\n\t\t<figure class=\"wpb_wrapper vc_figure\">\n\t\t\t<div class=\"vc_single_image-wrapper default  vc_box_border_grey\"><img loading=\"lazy\" decoding=\"async\" width=\"1280\" height=\"720\" src=\"https:\/\/coralmar.org\/wp-content\/uploads\/2021\/12\/glaciar-cambio-climatico.jpg\" class=\"vc_single_image-img attachment-full\" alt=\"\" title=\"glaciar-cambio-climatico\" srcset=\"https:\/\/coralmar.org\/wp-content\/uploads\/2021\/12\/glaciar-cambio-climatico.jpg 1280w, https:\/\/coralmar.org\/wp-content\/uploads\/2021\/12\/glaciar-cambio-climatico-768x432.jpg 768w, https:\/\/coralmar.org\/wp-content\/uploads\/2021\/12\/glaciar-cambio-climatico-18x10.jpg 18w\" sizes=\"auto, (max-width: 1280px) 100vw, 1280px\" \/><\/div>\n\t\t<\/figure>\n\t<\/div>\n\n\t<div class=\"wpb_text_column wpb_content_element\" >\n\t\t<div class=\"wpb_wrapper\">\n\t\t\t<h6 style=\"text-align: center;\"><em>Figura 3. Derretimiento de los Glaciares desde 1979 hasta 2019..<\/em><\/h6>\n<h6 style=\"text-align: center;\"><em>\u00a0<\/em><a href=\"https:\/\/climate.nasa.gov\/interactives\/climate-time-machine\"><em>Fuente: NASA<\/em><\/a><\/h6>\n\n\t\t<\/div>\n\t<\/div>\n<div class=\"vc_empty_space\"   style=\"height: 42px\"><span class=\"vc_empty_space_inner\"><\/span><\/div><div class=\"vc_separator wpb_content_element vc_separator_align_center vc_sep_width_100 vc_sep_pos_align_center vc_separator_no_text vc_sep_color_grey wpb_content_element  wpb_content_element\" ><span class=\"vc_sep_holder vc_sep_holder_l\"><span class=\"vc_sep_line\"><\/span><\/span><span class=\"vc_sep_holder vc_sep_holder_r\"><span class=\"vc_sep_line\"><\/span><\/span>\n<\/div><\/div><\/div><\/div><\/div><div class=\"vc_row wpb_row vc_row-fluid row-boxshadow-top bg-image-ps-inherit\"><div class=\"wpb_column vc_column_container vc_col-sm-6\"><div class=\"vc_column-inner\"><div class=\"wpb_wrapper\">\n\t<div class=\"wpb_text_column wpb_content_element\" >\n\t\t<div class=\"wpb_wrapper\">\n\t\t\t<p>Aunque los bosques son ecosistemas sumamente importantes por la captura del di\u00f3xido de carbono, el segundo almac\u00e9n de este gas son los oc\u00e9anos y los organismos que absorben CO2 dentro del mar. Entre los ecosistemas marinos m\u00e1s vulnerables ante el impacto ecol\u00f3gico, han sido los manglares, las marismas de aguas saladas, el hielo marino y los arrecifes de coral, los cuales han presentado una alta extinci\u00f3n de especies y el constante cambio en la estructura, composici\u00f3n y funcionamiento del ecosistema al estar sometidos a una gran presi\u00f3n derivada de las actividades humanas y el cambio clim\u00e1tico.<\/p>\n<p>Con relaci\u00f3n a los Arrecifes de coral, uno de los impactos m\u00e1s graves que ha sufrido a nivel global debido al sobrecalentamiento del mar, junto con la contaminaci\u00f3n como es el uso de pl\u00e1sticos, descargas de aguas residuales, descargas de productos qu\u00edmicos utilizados en la agricultura, el exceso de turbidez y la exposici\u00f3n al aire han producido alteraciones y estr\u00e9s al organismo provocando el blanqueamiento de coral. Por otro lado, otra amenaza causada por el calentamiento global es la acidificaci\u00f3n, proceso del aumento del CO2 atmosf\u00e9rico, el cual es responsable de la disminuci\u00f3n de pH en la superficie oce\u00e1nica, lo que perjudica a la formaci\u00f3n de los esqueletos de carbonato de calcio fundamentales para la construcci\u00f3n de los arrecifes.<\/p>\n\n\t\t<\/div>\n\t<\/div>\n<\/div><\/div><\/div><div class=\"wpb_column vc_column_container vc_col-sm-1\"><div class=\"vc_column-inner\"><div class=\"wpb_wrapper\"><\/div><\/div><\/div><div class=\"wpb_column vc_column_container vc_col-sm-5\"><div class=\"vc_column-inner\"><div class=\"wpb_wrapper\">\n\t<div  class=\"wpb_single_image wpb_content_element vc_align_center wpb_content_element inherit inherit\">\n\t\t\n\t\t<figure class=\"wpb_wrapper vc_figure\">\n\t\t\t<a class=\"\" data-lightbox=\"lightbox[rel-2250-1601388449]\" href=\"https:\/\/coralmar.org\/wp-content\/uploads\/2021\/12\/arrecifes-cambio-climatico-500x340.jpg\" target=\"_self\" class=\"vc_single_image-wrapper default  vc_box_border_grey\"><img loading=\"lazy\" decoding=\"async\" width=\"500\" height=\"375\" src=\"https:\/\/coralmar.org\/wp-content\/uploads\/2021\/12\/arrecifes-cambio-climatico.jpg\" class=\"vc_single_image-img attachment-full\" alt=\"\" title=\"OLYMPUS DIGITAL CAMERA\" srcset=\"https:\/\/coralmar.org\/wp-content\/uploads\/2021\/12\/arrecifes-cambio-climatico.jpg 500w, https:\/\/coralmar.org\/wp-content\/uploads\/2021\/12\/arrecifes-cambio-climatico-16x12.jpg 16w\" sizes=\"auto, (max-width: 500px) 100vw, 500px\" \/><\/a>\n\t\t<\/figure>\n\t<\/div>\n\n\t<div class=\"wpb_text_column wpb_content_element\" >\n\t\t<div class=\"wpb_wrapper\">\n\t\t\t<h6 style=\"text-align: center;\"><em>Foto 1. Arrecifes de Coral, Puerto Morelos, M\u00e9xico. 2018. <\/em><\/h6>\n<h6 style=\"text-align: center;\"><em>\u00a0<\/em><em>Foto: Ximena Lizaola.<\/em><\/h6>\n\n\t\t<\/div>\n\t<\/div>\n<\/div><\/div><\/div><\/div><div class=\"vc_row wpb_row vc_row-fluid bg-image-ps-inherit\"><div class=\"wpb_column vc_column_container vc_col-sm-12\"><div class=\"vc_column-inner\"><div class=\"wpb_wrapper\"><div class=\"vc_empty_space\"   style=\"height: 32px\"><span class=\"vc_empty_space_inner\"><\/span><\/div><div class=\"vc_separator wpb_content_element vc_separator_align_center vc_sep_width_100 vc_sep_pos_align_center vc_separator_no_text vc_sep_color_grey wpb_content_element  wpb_content_element\" ><span class=\"vc_sep_holder vc_sep_holder_l\"><span class=\"vc_sep_line\"><\/span><\/span><span class=\"vc_sep_holder vc_sep_holder_r\"><span class=\"vc_sep_line\"><\/span><\/span>\n<\/div>\n\t<div class=\"wpb_text_column wpb_content_element\" >\n\t\t<div class=\"wpb_wrapper\">\n\t\t\t<p>A pesar de que el cambio clim\u00e1tico representa una de las mayores amenazas para los arrecifes de coral, \u00e9stos cuentan con mecanismos de regulaci\u00f3n ambiental, los cuales son estrategias de adaptaci\u00f3n que surgen de procesos evolutivos, que les permiten hacer frente a las adversidades del entorno; entre estas herramientas se encuentran la resistencia y la resiliencia, estas capacidades les ha brindado la posibilidad de adaptarse y recuperarse de da\u00f1os directos e indirectos. Sin embargo, algunos modelos cient\u00edficos muestran el incremento en temperaturas y por lo tanto ante los eventos de blanqueamiento, se han basado dos hip\u00f3tesis:\u00a0 la primera es que los corales se adapten y respondan r\u00e1pidamente a los cambios de temperatura y sobrevivan y la segunda es que los corales y sus simbiontes pueden tener inadecuadas capacidades fenot\u00edpicas y genot\u00edpicas para adaptarse r\u00e1pidamente a estos cambios de temperatura por lo que es posible la muerte de los organismos. En algunos casos la alta variabilidad gen\u00e9tica o la conectividad entre estos ecosistemas, puede promover la resiliencia y recuperarse de los eventos de blanqueamiento.<\/p>\n<p>Dado a estas problem\u00e1ticas y a la capacidad los arrecifes de coral para generar los servicios ambientales que nos proporciona, debemos mejorar el manejo y la protecci\u00f3n de la resiliencia de los arrecifes de coral. Las \u00c1reas Marinas Protegidas son actualmente la mejor herramienta de manejo para la conservaci\u00f3n de arrecifes de coral y otros ecosistemas marinos, estas herramientas pueden proteger a los arrecifes de coral de la sobrepesca, particularmente de pez loro y pez cirujano que alteran la din\u00e1mica y el flujo de nutrientes de los arrecifes, monitorear e intervenir en el incremento de las enfermedades y del exceso de nutrientes org\u00e1nicos que provienen de las descargas residuales, sedimentaci\u00f3n y desarrollos costero,\u00a0 impiden la resiliencia de los corales y su recuperaci\u00f3n ante los estresores que los afectan. Todas estas \u00e1reas que albergan arrecifes de coral requieren un esfuerzo en la reducci\u00f3n de contaminaci\u00f3n, protecci\u00f3n de cadenas tr\u00f3ficas y el manejo e integraci\u00f3n de grupos funcionales (como corales constructores de arrecifes, organismos herb\u00edvoros, entre otros) para los Programas de Restauraci\u00f3n de Arrecifes de Coral como medida de conservaci\u00f3n y uso sostenible.<\/p>\n\n\t\t<\/div>\n\t<\/div>\n<div class=\"vc_empty_space\"   style=\"height: 22px\"><span class=\"vc_empty_space_inner\"><\/span><\/div><div class=\"vc_separator wpb_content_element vc_separator_align_center vc_sep_width_100 vc_sep_pos_align_center vc_separator_no_text vc_sep_color_grey wpb_content_element  wpb_content_element\" ><span class=\"vc_sep_holder vc_sep_holder_l\"><span class=\"vc_sep_line\"><\/span><\/span><span class=\"vc_sep_holder vc_sep_holder_r\"><span class=\"vc_sep_line\"><\/span><\/span>\n<\/div>\n\t<div class=\"wpb_text_column wpb_content_element\" >\n\t\t<div class=\"wpb_wrapper\">\n\t\t\t<h1 style=\"text-align: center;\">Referencias<\/h1>\n\n\t\t<\/div>\n\t<\/div>\n<div class=\"vc_empty_space\"   style=\"height: 32px\"><span class=\"vc_empty_space_inner\"><\/span><\/div><\/div><\/div><\/div><\/div><div class=\"vc_row wpb_row vc_row-fluid bg-image-ps-inherit\"><div class=\"wpb_column vc_column_container vc_col-sm-6\"><div class=\"vc_column-inner\"><div class=\"wpb_wrapper\">\n\t<div class=\"wpb_text_column wpb_content_element\" >\n\t\t<div class=\"wpb_wrapper\">\n\t\t\t<p>Buddemeier, R. W; Kleypas, J. A; Aronson, R. B. 2004. Coral Reefs and Global Climate Change, Potential Contributions of Climate Change to Stresses on Coral Reef Ecosystems. Pew Center, Global Climate Change. Arlington. VA. 56 pp<\/p>\n<p>Carballo, J.L.; Bautista, E; Nava, H; Cruz-Barraza, J.A. 2015. Cambio clim\u00e1tico y ecosistemas costeros, bases fundamentales para la conservaci\u00f3n de los Arrecifes de coral del Pac\u00edfico Este, Instituto de Ciencias del Mar y Limnolog\u00eda, UNAM. Mazatl\u00e1n. M\u00e9xico, researchgate.<\/p>\n<p>Chen-Tung, A. C. 2008. Effect of Climate Change on Marine Ecosystems. Institute of Marine Geology and Chemistry. MAtional Sun Yat-sen University. Kaohsiung, Taiwan. Republic of China. Fisheries for Global Welfare and Environment. 11 pp<\/p>\n<p>Hoegh-Guldberg, O. 2011. The Impact of Climate Change on Coral Reef Ecosystems. Global Change Institute. The University of Queensland. St Lucia, Queensland, Australia.\u00a0 ResearchGate. 14 pp<\/p>\n\n\t\t<\/div>\n\t<\/div>\n<\/div><\/div><\/div><div class=\"wpb_column vc_column_container vc_col-sm-6\"><div class=\"vc_column-inner\"><div class=\"wpb_wrapper\">\n\t<div class=\"wpb_text_column wpb_content_element\" >\n\t\t<div class=\"wpb_wrapper\">\n\t\t\t<p>Hughes, T. P; Bellwood, D. R; Card, M; Conolly, S.R; Folke, S; Gosberg, R; Hoegh-Guldberg, O; Jackson, J.B. C; Kleypas, J; Lough, J. M; Marshall, P. Nystr\u00f6m, M; Palumbi, S. R; Pandolfi, A.M; Rosen, B; Roughgarden, J. 2003. Climate Change, Human Impacts, and the Resilience of Coral Reefs. James Cook University. ResearchGate. 6 pp<\/p>\n<p>Denchak, M. 2017. Global Climate Change: What you Need to Know. The lowdown on the earth\u00b4s central environment threat. The Natural Resources Defense Council. Visto el 16 de enero de 2020, En:\u00a0<a href=\"https:\/\/www.nrdc.org\/stories\/global-climate-change-what-you-need-know\">https:\/\/www.nrdc.org\/stories\/global-climate-change-what-you-need-know<\/a><\/p>\n<p>The National Institute of Water and Atmospheric Research, NIWA. Climate change, global warming and greenhouse gases. Visto el 16 de enero de 2020, En:\u00a0<a href=\"https:\/\/niwa.co.nz\/education-and-training\/schools\/students\/climate-change-global-warming-and-greenhouse-gases\">https:\/\/niwa.co.nz\/education-and-training\/schools\/students\/climate-change-global-warming-and-greenhouse-gases<\/a><\/p>\n\n\t\t<\/div>\n\t<\/div>\n<\/div><\/div><\/div><\/div><div id=\"contacto\" class=\"vc_row wpb_row vc_row-fluid bg-image-ps-inherit\"><div class=\"wpb_column vc_column_container vc_col-sm-12\"><div class=\"vc_column-inner\"><div class=\"wpb_wrapper\"><\/div><\/div><\/div><\/div>\n<\/div>","protected":false},"excerpt":{"rendered":"Amenazas del SAM Cambio Clim\u00e1tico El clima de la Tierra ha cambiado muchas veces a lo largo de su historia, esta variaci\u00f3n se debe a los cambios naturales como erupciones volc\u00e1nicas, los cambios en la \u00f3rbita, el \u00e1ngulo del eje de la Tierra y las variaciones en la composici\u00f3n de la atm\u00f3sfera, sin embargo, a [...]","protected":false},"author":1,"featured_media":0,"parent":0,"menu_order":0,"comment_status":"closed","ping_status":"closed","template":"","meta":{"footnotes":""},"class_list":["post-2250","page","type-page","status-publish","hentry"],"aioseo_notices":[],"_links":{"self":[{"href":"https:\/\/coralmar.org\/en\/wp-json\/wp\/v2\/pages\/2250","targetHints":{"allow":["GET"]}}],"collection":[{"href":"https:\/\/coralmar.org\/en\/wp-json\/wp\/v2\/pages"}],"about":[{"href":"https:\/\/coralmar.org\/en\/wp-json\/wp\/v2\/types\/page"}],"author":[{"embeddable":true,"href":"https:\/\/coralmar.org\/en\/wp-json\/wp\/v2\/users\/1"}],"replies":[{"embeddable":true,"href":"https:\/\/coralmar.org\/en\/wp-json\/wp\/v2\/comments?post=2250"}],"version-history":[{"count":0,"href":"https:\/\/coralmar.org\/en\/wp-json\/wp\/v2\/pages\/2250\/revisions"}],"wp:attachment":[{"href":"https:\/\/coralmar.org\/en\/wp-json\/wp\/v2\/media?parent=2250"}],"curies":[{"name":"wp","href":"https:\/\/api.w.org\/{rel}","templated":true}]}}