{"id":2263,"date":"2021-12-18T19:40:03","date_gmt":"2021-12-19T01:40:03","guid":{"rendered":"https:\/\/coralmar.org\/?page_id=2263"},"modified":"2021-12-18T20:21:51","modified_gmt":"2021-12-19T02:21:51","slug":"acidificacion-de-oceanos","status":"publish","type":"page","link":"https:\/\/coralmar.org\/en\/acidificacion-de-oceanos\/","title":{"rendered":""},"content":{"rendered":"<div class=\"wpb-content-wrapper\"><div data-vc-full-width=\"true\" data-vc-full-width-temp=\"true\" data-vc-full-width-init=\"false\" data-vc-parallax=\"2.5\" data-vc-parallax-o-fade=\"on\" data-vc-parallax-image=\"https:\/\/coralmar.org\/wp-content\/uploads\/2021\/12\/RGraham_2017_WS_IMG_7550.jpg\" class=\"vc_row wpb_row vc_row-fluid vc_custom_1638406481574 vc_row-has-fill vc_general vc_parallax vc_parallax-content-moving-fade js-vc_parallax-o-fade row-overlay bg-image-ps-inherit\"><div class=\"wpb_column vc_column_container vc_col-sm-12\"><div class=\"vc_column-inner\"><div class=\"wpb_wrapper\"><div id=\"ct-heading\" class=\"ct-heading align-center align-center-md align-center-sm align-center-xs \">\n            <style type=\"text\/css\">\n            @media (min-width: 991px) and (max-width: 1200px) {\n                #ct-heading .ct-heading-tag {\n                                            font-size: 25px !important;\n                                                        }\n            }\n        <\/style>\n    \n            <style type=\"text\/css\">\n            @media (min-width: 768px) and (max-width: 991px) {\n                #ct-heading .ct-heading-tag {\n                                            font-size: 18px !important;\n                                                        }\n            }\n        <\/style>\n    \n            <style type=\"text\/css\">\n            @media screen and (max-width: 767px) {\n                #ct-heading .ct-heading-tag {\n                                            font-size: 32px !important;\n                                                        }\n            }\n        <\/style>\n                    <div class=\"ct-heading-sub sub- style1\" style=\"color:#ffffff;font-size:35px;font-weight:800;\">\n            <span style=\"background-color:#ffffff;\"><\/span>\n            Acidificaci\u00f3n de oc\u00e9anos                    <\/div>\n        <h1 class=\"ct-heading-tag typing-style1\" style=\"margin-top:10px;margin-bottom:10px;color:#ffffff;font-size:45px;text-transform:uppercase;font-weight:800; \">\n            <\/h1>\n            <div class=\"h-gap\"><i ><\/i><\/div>\n        <\/div><\/div><\/div><\/div><\/div><div class=\"vc_row-full-width vc_clearfix\"><\/div><div class=\"vc_row wpb_row vc_row-fluid bg-image-ps-inherit\"><div class=\"wpb_column vc_column_container vc_col-sm-12\"><div class=\"vc_column-inner\"><div class=\"wpb_wrapper\"><div class=\"vc_empty_space\"   style=\"height: 32px\"><span class=\"vc_empty_space_inner\"><\/span><\/div><div class=\"vc_separator wpb_content_element vc_separator_align_center vc_sep_width_100 vc_sep_pos_align_center vc_separator_no_text vc_sep_color_grey wpb_content_element  wpb_content_element\" ><span class=\"vc_sep_holder vc_sep_holder_l\"><span class=\"vc_sep_line\"><\/span><\/span><span class=\"vc_sep_holder vc_sep_holder_r\"><span class=\"vc_sep_line\"><\/span><\/span>\n<\/div><h2 style=\"text-align: left;font-family:Roboto Slab;font-weight:700;font-style:normal\" class=\"vc_custom_heading vc_do_custom_heading\" >Acidificaci\u00f3n de oc\u00e9anos<\/h2><div class=\"vc_separator wpb_content_element vc_separator_align_center vc_sep_width_100 vc_sep_pos_align_center vc_separator_no_text vc_sep_color_grey wpb_content_element  wpb_content_element\" ><span class=\"vc_sep_holder vc_sep_holder_l\"><span class=\"vc_sep_line\"><\/span><\/span><span class=\"vc_sep_holder vc_sep_holder_r\"><span class=\"vc_sep_line\"><\/span><\/span>\n<\/div><\/div><\/div><\/div><\/div><div class=\"vc_row wpb_row vc_row-fluid row-boxshadow-top bg-image-ps-inherit\"><div class=\"wpb_column vc_column_container vc_col-sm-6\"><div class=\"vc_column-inner\"><div class=\"wpb_wrapper\">\n\t<div class=\"wpb_text_column wpb_content_element\" >\n\t\t<div class=\"wpb_wrapper\">\n\t\t\t<p>Para empezar a explicar lo que es la acidificaci\u00f3n de los oc\u00e9anos es importante empezar con algunos conceptos de la qu\u00edmica b\u00e1sica. El agua puede ser \u00e1cida, b\u00e1sica o neutra, cuanto mayor sea el nivel de hidr\u00f3genos en su composici\u00f3n, m\u00e1s \u00e1cida ser\u00e1 la soluci\u00f3n, esta caracter\u00edstica se cuantifica en la escala del 0 al 14 del pH.<\/p>\n<p>Con respecto a los oc\u00e9anos, estos tienen una gama b\u00e1sica de 8 a 8.3 de pH. Esta caracter\u00edstica depende de los gases de efecto invernadero que se encuentran en la atm\u00f3sfera, principalmente el\u00a0 Di\u00f3xido de Carbono (CO<sub>2)<\/sub>, debido a la alta capacidad de absorci\u00f3n de CO<sub>2<\/sub>\u00a0propia de los oc\u00e9anos, se estima que hay aproximadamente 60 veces m\u00e1s CO<sub>2<\/sub>\u00a0en los oc\u00e9anos que en la atm\u00f3sfera.<\/p>\n\n\t\t<\/div>\n\t<\/div>\n<\/div><\/div><\/div><div class=\"wpb_column vc_column_container vc_col-sm-1\"><div class=\"vc_column-inner\"><div class=\"wpb_wrapper\"><\/div><\/div><\/div><div class=\"wpb_column vc_column_container vc_col-sm-5\"><div class=\"vc_column-inner\"><div class=\"wpb_wrapper\">\n\t<div  class=\"wpb_single_image wpb_content_element vc_align_center wpb_content_element inherit inherit\">\n\t\t\n\t\t<figure class=\"wpb_wrapper vc_figure\">\n\t\t\t<a class=\"\" data-lightbox=\"lightbox[rel-2263-2736192477]\" href=\"https:\/\/coralmar.org\/wp-content\/uploads\/2021\/12\/pH-del-agua-coral-mar-835x340.jpg\" target=\"_self\" class=\"vc_single_image-wrapper default  vc_box_border_grey\"><img loading=\"lazy\" decoding=\"async\" width=\"835\" height=\"376\" src=\"https:\/\/coralmar.org\/wp-content\/uploads\/2021\/12\/pH-del-agua-coral-mar.jpg\" class=\"vc_single_image-img attachment-full\" alt=\"\" title=\"pH-del-agua-coral-mar\" srcset=\"https:\/\/coralmar.org\/wp-content\/uploads\/2021\/12\/pH-del-agua-coral-mar.jpg 835w, https:\/\/coralmar.org\/wp-content\/uploads\/2021\/12\/pH-del-agua-coral-mar-768x346.jpg 768w, https:\/\/coralmar.org\/wp-content\/uploads\/2021\/12\/pH-del-agua-coral-mar-18x8.jpg 18w\" sizes=\"auto, (max-width: 835px) 100vw, 835px\" \/><\/a>\n\t\t<\/figure>\n\t<\/div>\n<\/div><\/div><\/div><\/div><div class=\"vc_row wpb_row vc_row-fluid row-boxshadow-top bg-image-ps-inherit\"><div class=\"wpb_column vc_column_container vc_col-sm-6\"><div class=\"vc_column-inner\"><div class=\"wpb_wrapper\">\n\t<div class=\"wpb_text_column wpb_content_element\" >\n\t\t<div class=\"wpb_wrapper\">\n\t\t\t<p>Sin embargo, la reacci\u00f3n del CO<sub>2<\/sub>\u00a0al contacto con el agua, forma el \u00e1cido carb\u00f3nico, lo cual es considerado un \u00e1cido d\u00e9bil lo cual facilita mayor acidez al medio marino.<\/p>\n<p>Por lo tanto, el efecto de la acidificaci\u00f3n en los oc\u00e9anos es el resultado de las emisiones de CO<sub>2<\/sub>\u00a0a la atm\u00f3sfera procedentes de las actividades humanas, este aumento de las partes por mill\u00f3n del CO<sub>2<\/sub>\u00a0es absorbido por los oc\u00e9anos y ha generado un descenso del pH del agua en el mar.<\/p>\n<p>Al momento en que disminuye el pH, disminuye dr\u00e1sticamente la disponibilidad de carbonato y se producen cambios en la composici\u00f3n qu\u00edmica del agua.<\/p>\n\n\t\t<\/div>\n\t<\/div>\n<\/div><\/div><\/div><div class=\"wpb_column vc_column_container vc_col-sm-1\"><div class=\"vc_column-inner\"><div class=\"wpb_wrapper\"><\/div><\/div><\/div><div class=\"wpb_column vc_column_container vc_col-sm-5\"><div class=\"vc_column-inner\"><div class=\"wpb_wrapper\">\n\t<div class=\"wpb_video_widget wpb_content_element vc_clearfix   vc_video-aspect-ratio-169 vc_video-el-width-100 vc_video-align-center\" >\n\t\t<div class=\"wpb_wrapper\">\n\t\t\t\n\t\t\t<div class=\"wpb_video_wrapper\"><iframe loading=\"lazy\" title=\"Ocean pH by NOAA\" width=\"413\" height=\"310\" src=\"https:\/\/www.youtube.com\/embed\/94SfXagvuPI?feature=oembed\" frameborder=\"0\" allow=\"accelerometer; autoplay; clipboard-write; encrypted-media; gyroscope; picture-in-picture; web-share\" allowfullscreen><\/iframe><\/div>\n\t\t<\/div>\n\t<\/div>\n\n\t<div class=\"wpb_text_column wpb_content_element\" >\n\t\t<div class=\"wpb_wrapper\">\n\t\t\t<h6 style=\"text-align: center;\">Fuente original del video:<br \/>\n<a href=\"https:\/\/sos.noaa.gov\/Datasets\/view-movie.html?video=ocean_acid_ph_400\" target=\"_blank\" rel=\"noopener\">https:\/\/sos.noaa.gov\/Datasets\/view-movie.html?video=ocean_acid_ph_400<\/a><\/h6>\n\n\t\t<\/div>\n\t<\/div>\n<\/div><\/div><\/div><\/div><div class=\"vc_row wpb_row vc_row-fluid bg-image-ps-inherit\"><div class=\"wpb_column vc_column_container vc_col-sm-12\"><div class=\"vc_column-inner\"><div class=\"wpb_wrapper\"><div class=\"vc_empty_space\"   style=\"height: 42px\"><span class=\"vc_empty_space_inner\"><\/span><\/div><div class=\"vc_separator wpb_content_element vc_separator_align_center vc_sep_width_100 vc_sep_pos_align_center vc_separator_no_text vc_sep_color_grey wpb_content_element  wpb_content_element\" ><span class=\"vc_sep_holder vc_sep_holder_l\"><span class=\"vc_sep_line\"><\/span><\/span><span class=\"vc_sep_holder vc_sep_holder_r\"><span class=\"vc_sep_line\"><\/span><\/span>\n<\/div><\/div><\/div><\/div><\/div><div class=\"vc_row wpb_row vc_row-fluid row-boxshadow-top bg-image-ps-inherit\"><div class=\"wpb_column vc_column_container vc_col-sm-6\"><div class=\"vc_column-inner\"><div class=\"wpb_wrapper\">\n\t<div class=\"wpb_text_column wpb_content_element\" >\n\t\t<div class=\"wpb_wrapper\">\n\t\t\t<p>Por lo que la acidificaci\u00f3n de oc\u00e9anos ocurre cuando altas concentraciones de CO<sub>2\u00a0<\/sub>son absorbidas por los oc\u00e9anos, una porci\u00f3n del di\u00f3xido de carbono reacciona con el agua y forma el \u00e1cido carb\u00f3nico (H<sub>2<\/sub>CO<sub>3<\/sub>), uno de los hidr\u00f3genos del \u00e1cido carb\u00f3nico se separa y genera iones de hidr\u00f3geno (H<sup>+<\/sup>) y iones bicarbonatos (HCO<sub>3<\/sub>).\u00a0 La mayor\u00eda de iones hidr\u00f3genos sueltos, se combinan con el ion carbonato (CO<sub>3<\/sub>),para formar m\u00e1s iones bicarbonatos HCO<sub>3<\/sub> , el cu\u00e1l genera un desequilibrio en la calcificaci\u00f3n de algunos organismos como corales, moluscos para formar conchas y otras partes duras.\u00a0 A medida que el oc\u00e9ano absorbe m\u00e1s CO<sub>2<\/sub>, impide la absorci\u00f3n del CO<sub>3<\/sub>\u00a0debido a la gran cantidad de iones hidr\u00f3genos que se asocian a este compuesto.<\/p>\n<p>El carbonato de calcio (aragonito, una de las formas cristalizadas del CaCO<sub>3<\/sub>), es el principal compuesto formador para la estructura del esqueleto de coral, y provee comida, refugio y sustrato para otros organismos, por lo tanto, los corales han sido vulnerables a los cambios clim\u00e1ticos, incluyendo la acidificaci\u00f3n de oc\u00e9anos la cual reduce la concentraci\u00f3n de carbonatos\u00a0 que los corales necesitan para construir sus esqueletos debido a la asociaci\u00f3n con la disponibilidad de iones hidr\u00f3genos presentes en el oc\u00e9ano.<\/p>\n\n\t\t<\/div>\n\t<\/div>\n<\/div><\/div><\/div><div class=\"wpb_column vc_column_container vc_col-sm-1\"><div class=\"vc_column-inner\"><div class=\"wpb_wrapper\"><\/div><\/div><\/div><div class=\"wpb_column vc_column_container vc_col-sm-5\"><div class=\"vc_column-inner\"><div class=\"wpb_wrapper\">\n\t<div  class=\"wpb_single_image wpb_content_element vc_align_center wpb_content_element inherit inherit\">\n\t\t\n\t\t<figure class=\"wpb_wrapper vc_figure\">\n\t\t\t<a class=\"\" data-lightbox=\"lightbox[rel-2263-1825424104]\" href=\"https:\/\/coralmar.org\/wp-content\/uploads\/2021\/12\/acidificacion-espanol-coral-mar-542x340.jpg\" target=\"_self\" class=\"vc_single_image-wrapper default  vc_box_border_grey\"><img loading=\"lazy\" decoding=\"async\" width=\"542\" height=\"717\" src=\"https:\/\/coralmar.org\/wp-content\/uploads\/2021\/12\/acidificacion-espanol-coral-mar.jpg\" class=\"vc_single_image-img attachment-full\" alt=\"\" title=\"acidificaci\u00f3n-espanol-coral-mar\" srcset=\"https:\/\/coralmar.org\/wp-content\/uploads\/2021\/12\/acidificacion-espanol-coral-mar.jpg 542w, https:\/\/coralmar.org\/wp-content\/uploads\/2021\/12\/acidificacion-espanol-coral-mar-9x12.jpg 9w\" sizes=\"auto, (max-width: 542px) 100vw, 542px\" \/><\/a>\n\t\t<\/figure>\n\t<\/div>\n<\/div><\/div><\/div><\/div><div class=\"vc_row wpb_row vc_row-fluid row-boxshadow-top bg-image-ps-inherit\"><div class=\"wpb_column vc_column_container vc_col-sm-6\"><div class=\"vc_column-inner\"><div class=\"wpb_wrapper\">\n\t<div class=\"wpb_text_column wpb_content_element\" >\n\t\t<div class=\"wpb_wrapper\">\n\t\t\t<p>La saturaci\u00f3n de aragonito en climas tropicales es mayor que en climas polares debido a que el CO<sub>2<\/sub>\u00a0es m\u00e1s soluble en aguas fr\u00edas. La saturaci\u00f3n de aragonito con relaci\u00f3n al aumento en las altas concentraciones de CO<sub>2<\/sub>\u00a0sobre el oc\u00e9ano, as\u00ed como al aumento en la temperatura en la superficie del oc\u00e9ano ha provocado una disminuci\u00f3n en la saturaci\u00f3n de aragonito en los oc\u00e9anos, est\u00e1 problem\u00e1tica continuar\u00e1 hasta que las condiciones qu\u00edmicas necesarias del ciclo del carbono se estabilicen con respecto a sus concentraciones,y pueda mantener estables la disposici\u00f3n del ion carbonato para la calcificaci\u00f3n de algunos organismos marinos, de otra manera el ion carbonato puede desaparecer a medida que excedemos las concentraciones de CO<sub>2<\/sub>\u00a0 sobre la atm\u00f3sfera por arriba de 550 ppm.<\/p>\n\n\t\t<\/div>\n\t<\/div>\n<\/div><\/div><\/div><div class=\"wpb_column vc_column_container vc_col-sm-1\"><div class=\"vc_column-inner\"><div class=\"wpb_wrapper\"><\/div><\/div><\/div><div class=\"wpb_column vc_column_container vc_col-sm-5\"><div class=\"vc_column-inner\"><div class=\"wpb_wrapper\">\n\t<div class=\"wpb_video_widget wpb_content_element vc_clearfix   vc_video-aspect-ratio-169 vc_video-el-width-100 vc_video-align-center\" >\n\t\t<div class=\"wpb_wrapper\">\n\t\t\t\n\t\t\t<div class=\"wpb_video_wrapper\"><iframe loading=\"lazy\" title=\"Ocean acid aragonite by NOAA\" width=\"413\" height=\"310\" src=\"https:\/\/www.youtube.com\/embed\/f1FxsvgEL7M?feature=oembed\" frameborder=\"0\" allow=\"accelerometer; autoplay; clipboard-write; encrypted-media; gyroscope; picture-in-picture; web-share\" allowfullscreen><\/iframe><\/div>\n\t\t<\/div>\n\t<\/div>\n\n\t<div class=\"wpb_text_column wpb_content_element\" >\n\t\t<div class=\"wpb_wrapper\">\n\t\t\t<h6 style=\"text-align: center;\">Fuente original del video:<br \/>\n<a href=\"https:\/\/sos.noaa.gov\/Datasets\/view-movie.html?video=ocean_acid_ph_400\" target=\"_blank\" rel=\"noopener\">https:\/\/sos.noaa.gov\/Datasets\/view-movie.html?video=ocean_acid_ph_400<\/a><\/h6>\n\n\t\t<\/div>\n\t<\/div>\n<\/div><\/div><\/div><\/div><div class=\"vc_row wpb_row vc_row-fluid bg-image-ps-inherit\"><div class=\"wpb_column vc_column_container vc_col-sm-12\"><div class=\"vc_column-inner\"><div class=\"wpb_wrapper\"><div class=\"vc_empty_space\"   style=\"height: 42px\"><span class=\"vc_empty_space_inner\"><\/span><\/div><div class=\"vc_separator wpb_content_element vc_separator_align_center vc_sep_width_100 vc_sep_pos_align_center vc_separator_no_text vc_sep_color_grey wpb_content_element  wpb_content_element\" ><span class=\"vc_sep_holder vc_sep_holder_l\"><span class=\"vc_sep_line\"><\/span><\/span><span class=\"vc_sep_holder vc_sep_holder_r\"><span class=\"vc_sep_line\"><\/span><\/span>\n<\/div><\/div><\/div><\/div><\/div><div class=\"vc_row wpb_row vc_row-fluid row-boxshadow-top bg-image-ps-inherit\"><div class=\"wpb_column vc_column_container vc_col-sm-6\"><div class=\"vc_column-inner\"><div class=\"wpb_wrapper\">\n\t<div class=\"wpb_text_column wpb_content_element\" >\n\t\t<div class=\"wpb_wrapper\">\n\t\t\t<p>Adem\u00e1s de la tasa de calcificaci\u00f3n, crecimiento y reproducci\u00f3n, la acidificaci\u00f3n de los oc\u00e9anos afecta la relaci\u00f3n simbi\u00f3tica del alga Zooxanthellae y su productividad de esta asociaci\u00f3n, la acidificaci\u00f3n ha contribuido m\u00e1s en los eventos de blanqueamiento que en la disminuci\u00f3n en la tasa de calcificaci\u00f3n, en algunos estudios de laboratorio las altas concentraciones de CO<sub>2<\/sub>\u00a0y el incremento de la temperatura han reducido la tasa de calcificaci\u00f3n y productividad de estos ecosistemas.<\/p>\n<p>Algunos estudios indican que la alta dosis de CO<sub>2\u00a0<\/sub>y la disminuci\u00f3n del pH interrumpen los mecanismos fotoproductivos en los cloroplastos de la zooxantela y produce bajas tasas de fotorrespiraci\u00f3n, adem\u00e1s de que el incremento en los niveles de luz en algunos experimentos, combinados con la radiaci\u00f3n solar y el aumento en las concentraciones de CO<sub>2<\/sub>\u00a0inducen a eventos de blanqueamiento.<\/p>\n\n\t\t<\/div>\n\t<\/div>\n<\/div><\/div><\/div><div class=\"wpb_column vc_column_container vc_col-sm-1\"><div class=\"vc_column-inner\"><div class=\"wpb_wrapper\"><\/div><\/div><\/div><div class=\"wpb_column vc_column_container vc_col-sm-5\"><div class=\"vc_column-inner\"><div class=\"wpb_wrapper\">\n\t<div  class=\"wpb_single_image wpb_content_element vc_align_center wpb_content_element inherit inherit\">\n\t\t\n\t\t<figure class=\"wpb_wrapper vc_figure\">\n\t\t\t<a class=\"\" data-lightbox=\"lightbox[rel-2263-2719055694]\" href=\"https:\/\/coralmar.org\/wp-content\/uploads\/2021\/12\/Blanqueamiento-Puerto-Morelos-Mexico-Fotografia-Ximena-Lizaola-980x340.jpg\" target=\"_self\" class=\"vc_single_image-wrapper default  vc_box_border_grey\"><img loading=\"lazy\" decoding=\"async\" width=\"1500\" height=\"1125\" src=\"https:\/\/coralmar.org\/wp-content\/uploads\/2021\/12\/Blanqueamiento-Puerto-Morelos-Mexico-Fotografia-Ximena-Lizaola.jpg\" class=\"vc_single_image-img attachment-full\" alt=\"\" title=\"Blanqueamiento Puerto Morelos M\u00e9xico Fotograf\u00eda Ximena Lizaola\" srcset=\"https:\/\/coralmar.org\/wp-content\/uploads\/2021\/12\/Blanqueamiento-Puerto-Morelos-Mexico-Fotografia-Ximena-Lizaola.jpg 1500w, https:\/\/coralmar.org\/wp-content\/uploads\/2021\/12\/Blanqueamiento-Puerto-Morelos-Mexico-Fotografia-Ximena-Lizaola-768x576.jpg 768w, https:\/\/coralmar.org\/wp-content\/uploads\/2021\/12\/Blanqueamiento-Puerto-Morelos-Mexico-Fotografia-Ximena-Lizaola-16x12.jpg 16w\" sizes=\"auto, (max-width: 1500px) 100vw, 1500px\" \/><\/a>\n\t\t<\/figure>\n\t<\/div>\n\n\t<div class=\"wpb_text_column wpb_content_element\" >\n\t\t<div class=\"wpb_wrapper\">\n\t\t\t<h6 style=\"text-align: center;\">Blanqueamiento, Puerto Morelos, M\u00e9xico.\u00a0 Foto: Ximena Lizaola<\/h6>\n\n\t\t<\/div>\n\t<\/div>\n<\/div><\/div><\/div><\/div><div class=\"vc_row wpb_row vc_row-fluid bg-image-ps-inherit\"><div class=\"wpb_column vc_column_container vc_col-sm-12\"><div class=\"vc_column-inner\"><div class=\"wpb_wrapper\">\n\t<div class=\"wpb_text_column wpb_content_element\" >\n\t\t<div class=\"wpb_wrapper\">\n\t\t\t<p>En conclusi\u00f3n, a medida que las concentraciones de CO2 incrementen en la atm\u00f3sfera, la acidificaci\u00f3n de oc\u00e9anos seguir\u00e1 afectando en diferentes maneras al desarrollo y funcionamiento de los arrecifes de coral y de otros ecosistemas asociados.<\/p>\n\n\t\t<\/div>\n\t<\/div>\n<div class=\"vc_empty_space\"   style=\"height: 32px\"><span class=\"vc_empty_space_inner\"><\/span><\/div><div class=\"vc_separator wpb_content_element vc_separator_align_center vc_sep_width_100 vc_sep_pos_align_center vc_separator_no_text vc_sep_color_grey wpb_content_element  wpb_content_element\" ><span class=\"vc_sep_holder vc_sep_holder_l\"><span class=\"vc_sep_line\"><\/span><\/span><span class=\"vc_sep_holder vc_sep_holder_r\"><span class=\"vc_sep_line\"><\/span><\/span>\n<\/div>\n\t<div class=\"wpb_text_column wpb_content_element\" >\n\t\t<div class=\"wpb_wrapper\">\n\t\t\t<h1 style=\"text-align: center;\">Referencias<\/h1>\n\n\t\t<\/div>\n\t<\/div>\n<div class=\"vc_empty_space\"   style=\"height: 32px\"><span class=\"vc_empty_space_inner\"><\/span><\/div><\/div><\/div><\/div><\/div><div class=\"vc_row wpb_row vc_row-fluid bg-image-ps-inherit\"><div class=\"wpb_column vc_column_container vc_col-sm-6\"><div class=\"vc_column-inner\"><div class=\"wpb_wrapper\">\n\t<div class=\"wpb_text_column wpb_content_element\" >\n\t\t<div class=\"wpb_wrapper\">\n\t\t\t<p>Anthony, K.R.N; Kline, D. I; Diaz-Pulido, G; Dove, S; Hoegh Guldberg, O. 2008. Ocean acidification causes bleaching and productivity loss in coral reef builders. Proceedings of the National Academy of Sciences ig the United States of America, Peer-reviewed journal. Uited States. 5 pp.<\/p>\n<p>Carbon in the ocean. Ocean acidification. 2015.\u00a0<a href=\"https:\/\/www.co2.earth\/carbon-in-the-ocean\">https:\/\/www.co2.earth\/carbon-in-the-ocean<\/a>.<\/p>\n<p>Doo. S. S; Edmunds, P.J; Robert, C. C. 2019. Ocean acidification effects on in situ coral reff metabolism. Scientifici Reports. Nature research. 8 pp.<\/p>\n<p>Hoegh-Guldberg, O; Mymby, P.J; Steneck, R.S; Greenfield P; Gomez, E; Harvell, C.D; Sale, P.F; Edwards, A. J; Caldeira, K; Knowlton, N; Eakin, C. M; Iglesias-Prieto, R; Muthiga, N; Bradbury, R.H; Dubi, A. Hatziolos, M. 2007. Coral Reefs Under Rapid Climate Change and Ocean Acidification. Science. (318). Wahington. D.C. United States of America. 1737-1742 pp.<\/p>\n<p>Hoegh-Guldberg, O. 2011. The Impact of Climate Change on Coral Reef Ecosystems. The University of Queensland. Australia. Researchgate. 14 pp.<\/p>\n<p>Jiang, L.Q; Feely, R. A; Cartes, B. R; Greeley, A. J; Gledhill, D. K; Arzayus, K. M. 2015. Climatological distribution of aragonite saturation state in the global oceans. Global Biogeochemical Cycles, 29. 1656-1673 pp.<\/p>\n\n\t\t<\/div>\n\t<\/div>\n<\/div><\/div><\/div><div class=\"wpb_column vc_column_container vc_col-sm-6\"><div class=\"vc_column-inner\"><div class=\"wpb_wrapper\">\n\t<div class=\"wpb_text_column wpb_content_element\" >\n\t\t<div class=\"wpb_wrapper\">\n\t\t\t<p>Kleypas, J.A., R.A. Feely, V.J. Fabry, C. Langdon, C.L. Sabine, and L.L. Robbins, 2006. Impacts of Ocean Acidificationon Coral Reefs and Other Marine Calcifiers: A Guide for Future Research, report of a workshop held 18\u201320 April 2005, St. Petersburg, FL, sponsored by NSF, NOAA, and the U.S. Geological Survey, 88 pp.<\/p>\n<p>Mollica, N. R; Guo, W; Cohen, A. L; Huang, K.F; Foster, G. L; Donald, H. K; Solow, A. R. 2017. Ocean acidification affects coral growth by reducing skeletal density. Proceedings of the National Academy of Sciences ig the United States of America, Peer-reviewed journal. Uited States. 6 pp.<\/p>\n<p>Salinity, sea surface salinity from space. Monitoring total alkalinity and Ocean Acidification.\u00a0<a href=\"https:\/\/salinity.oceansciences.org\/highlights03.htm\">https:\/\/salinity.oceansciences.org\/highlights03.htm<\/a><\/p>\n<p>USGS science for a changing world. pH and Water. Science Water School.\u00a0<a href=\"https:\/\/www.usgs.gov\/special-topic\/water-science-school\/science\/ph-and-water?qt-science_center_objects=0#qt-science_center_objects\">https:\/\/www.usgs.gov\/special-topic\/water-science-school\/science\/ph-and-water?qt-science_center_objects=0#qt-science_center_object<\/a><\/p>\n<p>Williamson, P; Turyley, C. and Ostle, C. 2017. Ocean acidification. Marine Climate Change Impacts Partnership: Science Review. 1-14 pp.<\/p>\n\n\t\t<\/div>\n\t<\/div>\n<\/div><\/div><\/div><\/div><div id=\"contacto\" class=\"vc_row wpb_row vc_row-fluid bg-image-ps-inherit\"><div class=\"wpb_column vc_column_container vc_col-sm-12\"><div class=\"vc_column-inner\"><div class=\"wpb_wrapper\"><\/div><\/div><\/div><\/div>\n<\/div>","protected":false},"excerpt":{"rendered":"Acidificaci\u00f3n de oc\u00e9anos Acidificaci\u00f3n de oc\u00e9anos Para empezar a explicar lo que es la acidificaci\u00f3n de los oc\u00e9anos es importante empezar con algunos conceptos de la qu\u00edmica b\u00e1sica. El agua puede ser \u00e1cida, b\u00e1sica o neutra, cuanto mayor sea el nivel de hidr\u00f3genos en su composici\u00f3n, m\u00e1s \u00e1cida ser\u00e1 la soluci\u00f3n, esta caracter\u00edstica se cuantifica [...]","protected":false},"author":1,"featured_media":0,"parent":0,"menu_order":0,"comment_status":"closed","ping_status":"closed","template":"","meta":{"footnotes":""},"class_list":["post-2263","page","type-page","status-publish","hentry"],"aioseo_notices":[],"_links":{"self":[{"href":"https:\/\/coralmar.org\/en\/wp-json\/wp\/v2\/pages\/2263","targetHints":{"allow":["GET"]}}],"collection":[{"href":"https:\/\/coralmar.org\/en\/wp-json\/wp\/v2\/pages"}],"about":[{"href":"https:\/\/coralmar.org\/en\/wp-json\/wp\/v2\/types\/page"}],"author":[{"embeddable":true,"href":"https:\/\/coralmar.org\/en\/wp-json\/wp\/v2\/users\/1"}],"replies":[{"embeddable":true,"href":"https:\/\/coralmar.org\/en\/wp-json\/wp\/v2\/comments?post=2263"}],"version-history":[{"count":0,"href":"https:\/\/coralmar.org\/en\/wp-json\/wp\/v2\/pages\/2263\/revisions"}],"wp:attachment":[{"href":"https:\/\/coralmar.org\/en\/wp-json\/wp\/v2\/media?parent=2263"}],"curies":[{"name":"wp","href":"https:\/\/api.w.org\/{rel}","templated":true}]}}