{"id":2273,"date":"2021-12-20T08:49:55","date_gmt":"2021-12-20T14:49:55","guid":{"rendered":"https:\/\/coralmar.org\/?page_id=2273"},"modified":"2021-12-20T10:07:06","modified_gmt":"2021-12-20T16:07:06","slug":"descarga-de-aguas-residuales","status":"publish","type":"page","link":"https:\/\/coralmar.org\/en\/descarga-de-aguas-residuales\/","title":{"rendered":""},"content":{"rendered":"<div class=\"wpb-content-wrapper\"><div data-vc-full-width=\"true\" data-vc-full-width-temp=\"true\" data-vc-full-width-init=\"false\" data-vc-parallax=\"2.5\" data-vc-parallax-o-fade=\"on\" data-vc-parallax-image=\"https:\/\/coralmar.org\/wp-content\/uploads\/2021\/12\/RGraham_2017_WS_IMG_7550.jpg\" class=\"vc_row wpb_row vc_row-fluid vc_custom_1638406481574 vc_row-has-fill vc_general vc_parallax vc_parallax-content-moving-fade js-vc_parallax-o-fade row-overlay bg-image-ps-inherit\"><div class=\"wpb_column vc_column_container vc_col-sm-12\"><div class=\"vc_column-inner\"><div class=\"wpb_wrapper\"><div id=\"ct-heading\" class=\"ct-heading align-center align-center-md align-center-sm align-center-xs \">\n            <style type=\"text\/css\">\n            @media (min-width: 991px) and (max-width: 1200px) {\n                #ct-heading .ct-heading-tag {\n                                            font-size: 25px !important;\n                                                        }\n            }\n        <\/style>\n    \n            <style type=\"text\/css\">\n            @media (min-width: 768px) and (max-width: 991px) {\n                #ct-heading .ct-heading-tag {\n                                            font-size: 18px !important;\n                                                        }\n            }\n        <\/style>\n    \n            <style type=\"text\/css\">\n            @media screen and (max-width: 767px) {\n                #ct-heading .ct-heading-tag {\n                                            font-size: 32px !important;\n                                                        }\n            }\n        <\/style>\n                    <div class=\"ct-heading-sub sub- style1\" style=\"color:#ffffff;font-size:35px;font-weight:800;\">\n            <span style=\"background-color:#ffffff;\"><\/span>\n            Descarga de Aguas Residuales                    <\/div>\n        <h1 class=\"ct-heading-tag typing-style1\" style=\"margin-top:10px;margin-bottom:10px;color:#ffffff;font-size:45px;text-transform:uppercase;font-weight:800; \">\n            <\/h1>\n            <div class=\"h-gap\"><i ><\/i><\/div>\n        <\/div><\/div><\/div><\/div><\/div><div class=\"vc_row-full-width vc_clearfix\"><\/div><div class=\"vc_row wpb_row vc_row-fluid bg-image-ps-inherit\"><div class=\"wpb_column vc_column_container vc_col-sm-1\"><div class=\"vc_column-inner\"><div class=\"wpb_wrapper\"><\/div><\/div><\/div><div class=\"wpb_column vc_column_container vc_col-sm-11\"><div class=\"vc_column-inner\"><div class=\"wpb_wrapper\"><div class=\"vc_separator wpb_content_element vc_separator_align_center vc_sep_width_100 vc_sep_pos_align_center vc_separator_no_text vc_sep_color_grey wpb_content_element  wpb_content_element\" ><span class=\"vc_sep_holder vc_sep_holder_l\"><span class=\"vc_sep_line\"><\/span><\/span><span class=\"vc_sep_holder vc_sep_holder_r\"><span class=\"vc_sep_line\"><\/span><\/span>\n<\/div><div class=\"vc_empty_space\"   style=\"height: 32px\"><span class=\"vc_empty_space_inner\"><\/span><\/div><h2 style=\"text-align: left;font-family:Roboto Slab;font-weight:700;font-style:normal\" class=\"vc_custom_heading vc_do_custom_heading\" >Descarga de Aguas Residuales<\/h2><div class=\"vc_empty_space\"   style=\"height: 32px\"><span class=\"vc_empty_space_inner\"><\/span><\/div><\/div><\/div><\/div><\/div><div class=\"vc_row wpb_row vc_row-fluid row-boxshadow-top bg-image-ps-inherit\"><div class=\"wpb_column vc_column_container vc_col-sm-1\"><div class=\"vc_column-inner\"><div class=\"wpb_wrapper\"><\/div><\/div><\/div><div class=\"wpb_column vc_column_container vc_col-sm-5\"><div class=\"vc_column-inner\"><div class=\"wpb_wrapper\">\n\t<div class=\"wpb_text_column wpb_content_element\" >\n\t\t<div class=\"wpb_wrapper\">\n\t\t\t<p>El Cambio Clim\u00e1tico y la Acidificaci\u00f3n del Oc\u00e9ano han causado una variedad de presiones junto a los estresores locales que afecta la calidad de la vida marina, este problema ha sido un gran reto para los restauradores de arrecifes de coral. La vulnerabilidad de este ecosistema debe ser considerada en los marcos legales para mejorar la resiliencia y direccionar las intervenciones para reducir estas amenazas. Dentro de las causas que generan un alto impacto a la vulnerabilidad de estos organismos, se encuentran las actividades antropoc\u00e9ntricas. Los estresores locales como la sobrepesca, la contaminaci\u00f3n, sedimentaci\u00f3n y descargas de aguas residuales contribuyen con el cambio clim\u00e1tico y la acidificaci\u00f3n del oc\u00e9ano a la degradaci\u00f3n de los ecosistemas marinos. Estas actividades tambi\u00e9n afectan los procesos biol\u00f3gicos en la recuperaci\u00f3n y disminuci\u00f3n de la resiliencia en los arrecifes de corales y otros ecosistemas asociados.<\/p>\n\n\t\t<\/div>\n\t<\/div>\n<\/div><\/div><\/div><div class=\"wpb_column vc_column_container vc_col-sm-1\"><div class=\"vc_column-inner\"><div class=\"wpb_wrapper\"><\/div><\/div><\/div><div class=\"wpb_column vc_column_container vc_col-sm-4\"><div class=\"vc_column-inner\"><div class=\"wpb_wrapper\">\n\t<div  class=\"wpb_single_image wpb_content_element vc_align_center wpb_content_element inherit inherit\">\n\t\t\n\t\t<figure class=\"wpb_wrapper vc_figure\">\n\t\t\t<a class=\"\" data-lightbox=\"lightbox[rel-2273-3370989749]\" href=\"https:\/\/coralmar.org\/wp-content\/uploads\/2021\/12\/eutrofizacion-coralmar-600x340.jpg\" target=\"_self\" class=\"vc_single_image-wrapper default  vc_box_border_grey\"><img loading=\"lazy\" decoding=\"async\" width=\"600\" height=\"415\" src=\"https:\/\/coralmar.org\/wp-content\/uploads\/2021\/12\/eutrofizacion-coralmar.jpg\" class=\"vc_single_image-img attachment-full\" alt=\"\" title=\"eutrofizacion-coralmar\" srcset=\"https:\/\/coralmar.org\/wp-content\/uploads\/2021\/12\/eutrofizacion-coralmar.jpg 600w, https:\/\/coralmar.org\/wp-content\/uploads\/2021\/12\/eutrofizacion-coralmar-18x12.jpg 18w\" sizes=\"auto, (max-width: 600px) 100vw, 600px\" \/><\/a>\n\t\t<\/figure>\n\t<\/div>\n\n\t<div class=\"wpb_text_column wpb_content_element\" >\n\t\t<div class=\"wpb_wrapper\">\n\t\t\t<h6 style=\"text-align: center;\"><em>Esquema explicativo del fen\u00f3meno de la eutrofizaci\u00f3n. Fuente: <a href=\"https:\/\/Greenteach.es\">Greenteach.es<\/a><\/em><\/h6>\n\n\t\t<\/div>\n\t<\/div>\n<\/div><\/div><\/div><div class=\"wpb_column vc_column_container vc_col-sm-1\"><div class=\"vc_column-inner\"><div class=\"wpb_wrapper\"><\/div><\/div><\/div><\/div><div class=\"vc_row wpb_row vc_row-fluid bg-image-ps-inherit\"><div class=\"wpb_column vc_column_container vc_col-sm-12\"><div class=\"vc_column-inner\"><div class=\"wpb_wrapper\"><div class=\"vc_separator wpb_content_element vc_separator_align_center vc_sep_width_100 vc_sep_pos_align_center vc_separator_no_text vc_sep_color_grey wpb_content_element  wpb_content_element\" ><span class=\"vc_sep_holder vc_sep_holder_l\"><span class=\"vc_sep_line\"><\/span><\/span><span class=\"vc_sep_holder vc_sep_holder_r\"><span class=\"vc_sep_line\"><\/span><\/span>\n<\/div><\/div><\/div><\/div><\/div><div class=\"vc_row wpb_row vc_row-fluid bg-image-ps-inherit\"><div class=\"wpb_column vc_column_container vc_col-sm-1\"><div class=\"vc_column-inner\"><div class=\"wpb_wrapper\"><\/div><\/div><\/div><div class=\"wpb_column vc_column_container vc_col-sm-10\"><div class=\"vc_column-inner\"><div class=\"wpb_wrapper\">\n\t<div class=\"wpb_text_column wpb_content_element\" >\n\t\t<div class=\"wpb_wrapper\">\n\t\t\t<p>Los Arrecifes de Coral son ecosistemas importantes para la poblaci\u00f3n local, proveen diversos servicios ambientales que cubren sus necesidades, entre los m\u00e1s importantes se encuentran la producci\u00f3n pesquera, la protecci\u00f3n de la zona costera y el turismo local por su belleza esc\u00e9nica. Sin embargo, la entrada de aguas residuales, que ha sido resultado de las actividades antropoc\u00e9ntricas, afecta estos servicios ambientales que ofrecen a la poblaci\u00f3n local y a la vida marina. El uso incorrecto y el mal manejo de las descargas de aguas residuales, produce un exceso de nutrientes que pueden interrumpir los procesos biol\u00f3gicos de los corales contra la competencia de macroalgas u otros seres marinos por espacio, luz y alimento.<\/p>\n<p>La contaminaci\u00f3n de las descargas de aguas residuales que entra al Mar Caribe es alarmante, cerca del 85% no ha sido tratada y ha ocasionado cambios en el medio ambiente y una baja calidad en la composici\u00f3n del agua. Como resultado del crecimiento poblacional, el desarrollo urbano ha cambiado constantemente el uso de suelo y vegetaci\u00f3n del paisaje, lo cual ha permitido un incremento en la entrada de escorrent\u00edas al oc\u00e9ano provenientes de la tierra.\u00a0 La descarga de aguas residuales sin tratamiento contiene altos porcentajes de productos de petr\u00f3leo, metales pesados, part\u00edculas suspendidas, nutrientes inorg\u00e1nicos entre otras toxinas, as\u00ed como el aumento en los altos niveles de nutrientes org\u00e1nicos, fertilizantes, pesticidas, entre otros que han sido arrastrados de los campos agr\u00edcolas. De manera que el exceso de estos nutrientes, provoca la disminuci\u00f3n de ox\u00edgeno e incrementa la producci\u00f3n de f\u00f3sforo y nitr\u00f3geno en el oc\u00e9ano, este proceso, conocido como eutroficaci\u00f3n facilita el crecimiento de otros seres vivos en los arrecifes de coral.<\/p>\n<p>Estudios cient\u00edficos muestran que hay evidencia de sedimentaci\u00f3n de part\u00edculas suspendidas, enriquecimiento de nutrientes y contaminaci\u00f3n por bacterias en los arrecifes de coral, cuya fuente principal provienen de los diferentes hoteles que se encuentran a lo largo de la zona costera. Los sedimentos de las part\u00edculas s\u00f3lidas que provienen de las escorrent\u00edas son depositados en los p\u00f3lipos de los corales e interrumpe los procesos biol\u00f3gicos en el crecimiento, reproducci\u00f3n y alimentaci\u00f3n. Incluso permite la entrada de pat\u00f3genos al ecosistema como el caso de <em>Serratia marcescens<\/em>, la cual est\u00e1 asociada a la enfermedad de la banda blanca en los arrecifes de coral. Y el exceso de nutrientes, aumenta la proliferaci\u00f3n de macroalgas y de otros invertebrados marinos como las esponjas, tunicados marinos, briozoarios, y reduce la diversidad y abundancia de corales constructores de arrecifes.<\/p>\n\n\t\t<\/div>\n\t<\/div>\n<\/div><\/div><\/div><div class=\"wpb_column vc_column_container vc_col-sm-1\"><div class=\"vc_column-inner\"><div class=\"wpb_wrapper\"><\/div><\/div><\/div><\/div><div class=\"vc_row wpb_row vc_row-fluid bg-image-ps-inherit\"><div class=\"wpb_column vc_column_container vc_col-sm-1\"><div class=\"vc_column-inner\"><div class=\"wpb_wrapper\"><\/div><\/div><\/div><div class=\"wpb_column vc_column_container vc_col-sm-10\"><div class=\"vc_column-inner\"><div class=\"wpb_wrapper\">\n\t<div class=\"wpb_text_column wpb_content_element\" >\n\t\t<div class=\"wpb_wrapper\">\n\t\t\t<p>De igual manera, la contaminaci\u00f3n causada por descarga de aguas residuales facilita los eventos de blanqueamiento y otras enfermedades. Los altos niveles de nitr\u00f3geno y fosforo pueden duplicar la cantidad de eventos de blanqueamiento, mientras que el exceso de nutrientes puede provocar diversas enfermedades. En una investigaci\u00f3n sobre el efecto de las aguas residuales en los arrecifes de coral, los cient\u00edficos encontraron que la enfermedad de la banda negra causada por las escorrent\u00edas se present\u00f3 en un 50% de los corales, y el resultado de la disminuci\u00f3n de esta enfermedad se relacion\u00f3 cuando se detuvo la entrada de nutrientes, esta evidencia demostr\u00f3 que los nutrientes facilitan el crecimiento de pat\u00f3genos en los arrecifes de coral. Quiz\u00e1s, la \u00fanica soluci\u00f3n de detener estos factores de estr\u00e9s es mediante la toma de decisiones para conservar la resiliencia de los arrecifes de coral, as\u00ed como de mejorar la calidad de agua por medio del tratamiento de los contaminantes que ingresan al oc\u00e9ano. Sin embargo, aunque esto parezca ser el reto m\u00e1s grande para los investigadores y restauradores de coral, es necesario implementar medidas que controlen la descarga de aguas residuales, ya que ha sido una de las principales causas que afecta la salud de los arrecifes de coral.<\/p>\n<p>Cualquier cambio en las condiciones f\u00edsicas y qu\u00edmicas, alteran los rangos de crecimiento y supervivencia en los arrecifes de coral (Johannes and Betzer, 1975; Endean, 1976; Pearson, 1981; Pastorok and Bilyard). La contaminaci\u00f3n que destruye a los corales hermat\u00edpicos, amenaza de igual manera a las especies dependientes de los arrecifes de coral para su protecci\u00f3n, alimentaci\u00f3n y refugio, aumentando las tasas de mortalidad y extinci\u00f3n (Johannes, 1975). Por otra parte, los efectos de las toxinas se pueden potencializar cuando hay un incremento en la temperatura de la superficie del mar, estos efectos son r\u00e1pidos y disminuyen la solubilidad de estas toxinas, lo cual crea un conjunto de cambios negativos para los arrecifes de coral.<\/p>\n<p>Actualmente, los cient\u00edficos en la restauraci\u00f3n y conservaci\u00f3n de los arrecifes de coral se han esforzado en el manejo y control de las presiones y estresores locales que hacen a estos ecosistemas vulnerables, incluyendo a las comunidades locales que dependen de ellos. En resumen, los arrecifes de coral son vulnerables al cambio clim\u00e1tico, acidificaci\u00f3n de oc\u00e9anos y a las actividades antropoc\u00e9ntricas (ej. Sobrepesca, contaminaci\u00f3n, deforestaci\u00f3n, descarga de aguas residuales, entre otros). El reto para reducir esos estresores y dar soporte a la resiliencia de los arrecifes de coral de estas amenazas han sido estudiados por diferentes instituciones de investigaci\u00f3n, gobiernos y organizaciones no gubernamentales. El enfoque a la resiliencia podr\u00e1 proveer un uso correcto de los recursos naturales y el aprovechamiento que a su vez sostengan la conservaci\u00f3n. El Manejo Adaptativo Basado en la Resiliencia (ABRM por sus siglas en ingl\u00e9s) ha sido desarrollado por una variedad de estudios multidisciplinarios que solamente puede ser exitoso si se integran los principios fundamentales que da\u00f1an a estos ecosistemas, tomando en cuenta la participaci\u00f3n local, empresas privadas y el sector p\u00fablico para colaborar en conjunto.<\/p>\n\n\t\t<\/div>\n\t<\/div>\n<\/div><\/div><\/div><div class=\"wpb_column vc_column_container vc_col-sm-1\"><div class=\"vc_column-inner\"><div class=\"wpb_wrapper\"><\/div><\/div><\/div><\/div><div class=\"vc_row wpb_row vc_row-fluid bg-image-ps-inherit\"><div class=\"wpb_column vc_column_container vc_col-sm-12\"><div class=\"vc_column-inner\"><div class=\"wpb_wrapper\"><div class=\"vc_empty_space\"   style=\"height: 32px\"><span class=\"vc_empty_space_inner\"><\/span><\/div><div class=\"vc_separator wpb_content_element vc_separator_align_center vc_sep_width_100 vc_sep_pos_align_center vc_separator_no_text vc_sep_color_grey wpb_content_element  wpb_content_element\" ><span class=\"vc_sep_holder vc_sep_holder_l\"><span class=\"vc_sep_line\"><\/span><\/span><span class=\"vc_sep_holder vc_sep_holder_r\"><span class=\"vc_sep_line\"><\/span><\/span>\n<\/div>\n\t<div class=\"wpb_text_column wpb_content_element\" >\n\t\t<div class=\"wpb_wrapper\">\n\t\t\t<h1 style=\"text-align: center;\">Referencias<\/h1>\n\n\t\t<\/div>\n\t<\/div>\n<\/div><\/div><\/div><\/div><div class=\"vc_row wpb_row vc_row-fluid bg-image-ps-inherit\"><div class=\"wpb_column vc_column_container vc_col-sm-12\"><div class=\"vc_column-inner\"><div class=\"wpb_wrapper\"><div class=\"vc_empty_space\"   style=\"height: 22px\"><span class=\"vc_empty_space_inner\"><\/span><\/div><div class=\"vc_separator wpb_content_element vc_separator_align_center vc_sep_width_100 vc_sep_pos_align_center vc_separator_no_text vc_sep_color_grey wpb_content_element  wpb_content_element\" ><span class=\"vc_sep_holder vc_sep_holder_l\"><span class=\"vc_sep_line\"><\/span><\/span><span class=\"vc_sep_holder vc_sep_holder_r\"><span class=\"vc_sep_line\"><\/span><\/span>\n<\/div><\/div><\/div><\/div><\/div><div class=\"vc_row wpb_row vc_row-fluid bg-image-ps-inherit\"><div class=\"wpb_column vc_column_container vc_col-sm-1\"><div class=\"vc_column-inner\"><div class=\"wpb_wrapper\"><\/div><\/div><\/div><div class=\"wpb_column vc_column_container vc_col-sm-10\"><div class=\"vc_column-inner\"><div class=\"wpb_wrapper\"><div class=\"vc_row wpb_row vc_inner vc_row-fluid\"><div class=\"wpb_column vc_column_container vc_col-sm-6\"><div class=\"vc_column-inner\"><div class=\"wpb_wrapper\">\n\t<div class=\"wpb_text_column wpb_content_element\" >\n\t\t<div class=\"wpb_wrapper\">\n\t\t\t<ul>\n<li>Hausheer, Justine. \u201cSewage Pollution: A Significant Threat to Coral Reefs.\u201d 2015.<\/li>\n<li>Pastorok, Robert &amp; Bilyard, Gordon. \u201cEffects of sewage pollution on coral-reef communities.\u201d Tetra Tech, Inc..Bellevue, Washington.<\/li>\n<li>Wear, S.L. and R. Vega-Thurber. \u201cMitigation Is Key For Coral Reef Stewardship.\u201d Reef Resilience. 2015.<\/li>\n<li>Alsabah, N. 2017.Impact of Sewage Discharge on Coral Reefs. The International Journal of Engineering and Sciences. 6. 09-13 pp<\/li>\n<li>Torres-Alvarado, M. R y Galva-Ben\u00edtez, L.G. 2012. Nutrientes en Arrecifes de Coral. Un caso de estudio. Revista ContactoS. No 85. M\u00e9xico. 45-50 pp<\/li>\n<li>Large study shows pollution impact on coral reefs and offers solutions. News and Research Communications.<\/li>\n<\/ul>\n\n\t\t<\/div>\n\t<\/div>\n<\/div><\/div><\/div><div class=\"wpb_column vc_column_container vc_col-sm-6\"><div class=\"vc_column-inner\"><div class=\"wpb_wrapper\">\n\t<div class=\"wpb_text_column wpb_content_element\" >\n\t\t<div class=\"wpb_wrapper\">\n\t\t\t<ul>\n<li>Johannes, R. E. (1975). Pollution and degradation of coral reef communities. In: Ferguson Wood, E. J., Johannes, R. E. (ed.) Tropical marine pollution. Elsevier, Amsterdam, p. 13-51<\/li>\n<li>Johannes, R. E., Betzer. S. B. (1975). Introduction: marine communities respond differently to pollution in the tropics 188 Mar. Ecol. Prog. S er, 21: 175-189. 1985 than at higher latitudes. In: Ferguson Wood, E. J. Johannes, R. E. (ed.) Tropical marine pollution. Elsevier, Amsterdam, p. 1-12<\/li>\n<li>Endean, R. (1976). Destruction and recovery of coral reef communities. In: Jones, 0. A., Endean, R. (ed.) Biology and geology of coral reefs, Vol. 3, Biol. 2. Academic hess, London, p. 215-254<\/li>\n<li>Pearson, R. G. (1981). Recovery and recolonization of coral reefs. Mar. Ecol. Prog. Ser. 4: 105-122<\/li>\n<\/ul>\n\n\t\t<\/div>\n\t<\/div>\n<\/div><\/div><\/div><\/div><\/div><\/div><\/div><div class=\"wpb_column vc_column_container vc_col-sm-1\"><div class=\"vc_column-inner\"><div class=\"wpb_wrapper\"><\/div><\/div><\/div><\/div><div id=\"contacto\" class=\"vc_row wpb_row vc_row-fluid bg-image-ps-inherit\"><div class=\"wpb_column vc_column_container vc_col-sm-12\"><div class=\"vc_column-inner\"><div class=\"wpb_wrapper\"><\/div><\/div><\/div><\/div>\n<\/div>","protected":false},"excerpt":{"rendered":"Descarga de Aguas Residuales Descarga de Aguas Residuales El Cambio Clim\u00e1tico y la Acidificaci\u00f3n del Oc\u00e9ano han causado una variedad de presiones junto a los estresores locales que afecta la calidad de la vida marina, este problema ha sido un gran reto para los restauradores de arrecifes de coral. La vulnerabilidad de este ecosistema debe [...]","protected":false},"author":1,"featured_media":0,"parent":0,"menu_order":0,"comment_status":"closed","ping_status":"closed","template":"","meta":{"footnotes":""},"class_list":["post-2273","page","type-page","status-publish","hentry"],"aioseo_notices":[],"_links":{"self":[{"href":"https:\/\/coralmar.org\/en\/wp-json\/wp\/v2\/pages\/2273","targetHints":{"allow":["GET"]}}],"collection":[{"href":"https:\/\/coralmar.org\/en\/wp-json\/wp\/v2\/pages"}],"about":[{"href":"https:\/\/coralmar.org\/en\/wp-json\/wp\/v2\/types\/page"}],"author":[{"embeddable":true,"href":"https:\/\/coralmar.org\/en\/wp-json\/wp\/v2\/users\/1"}],"replies":[{"embeddable":true,"href":"https:\/\/coralmar.org\/en\/wp-json\/wp\/v2\/comments?post=2273"}],"version-history":[{"count":0,"href":"https:\/\/coralmar.org\/en\/wp-json\/wp\/v2\/pages\/2273\/revisions"}],"wp:attachment":[{"href":"https:\/\/coralmar.org\/en\/wp-json\/wp\/v2\/media?parent=2273"}],"curies":[{"name":"wp","href":"https:\/\/api.w.org\/{rel}","templated":true}]}}