{"id":2323,"date":"2021-12-20T12:11:14","date_gmt":"2021-12-20T18:11:14","guid":{"rendered":"https:\/\/coralmar.org\/?page_id=2323"},"modified":"2021-12-20T12:55:55","modified_gmt":"2021-12-20T18:55:55","slug":"blanqueamiento","status":"publish","type":"page","link":"https:\/\/coralmar.org\/en\/blanqueamiento\/","title":{"rendered":""},"content":{"rendered":"<div class=\"wpb-content-wrapper\"><div data-vc-full-width=\"true\" data-vc-full-width-temp=\"true\" data-vc-full-width-init=\"false\" data-vc-parallax=\"2.5\" data-vc-parallax-o-fade=\"on\" data-vc-parallax-image=\"https:\/\/coralmar.org\/wp-content\/uploads\/2021\/12\/RGraham_2017_WS_IMG_7550.jpg\" class=\"vc_row wpb_row vc_row-fluid vc_custom_1638406481574 vc_row-has-fill vc_general vc_parallax vc_parallax-content-moving-fade js-vc_parallax-o-fade row-overlay bg-image-ps-inherit\"><div class=\"wpb_column vc_column_container vc_col-sm-12\"><div class=\"vc_column-inner\"><div class=\"wpb_wrapper\"><div id=\"ct-heading\" class=\"ct-heading align-center align-center-md align-center-sm align-center-xs \">\n            <style type=\"text\/css\">\n            @media (min-width: 991px) and (max-width: 1200px) {\n                #ct-heading .ct-heading-tag {\n                                            font-size: 25px !important;\n                                                        }\n            }\n        <\/style>\n    \n            <style type=\"text\/css\">\n            @media (min-width: 768px) and (max-width: 991px) {\n                #ct-heading .ct-heading-tag {\n                                            font-size: 18px !important;\n                                                        }\n            }\n        <\/style>\n    \n            <style type=\"text\/css\">\n            @media screen and (max-width: 767px) {\n                #ct-heading .ct-heading-tag {\n                                            font-size: 32px !important;\n                                                        }\n            }\n        <\/style>\n                    <div class=\"ct-heading-sub sub- style1\" style=\"color:#ffffff;font-size:35px;font-weight:800;\">\n            <span style=\"background-color:#ffffff;\"><\/span>\n            Blanqueamiento                    <\/div>\n        <h1 class=\"ct-heading-tag typing-style1\" style=\"margin-top:10px;margin-bottom:10px;color:#ffffff;font-size:45px;text-transform:uppercase;font-weight:800; \">\n            <\/h1>\n            <div class=\"h-gap\"><i ><\/i><\/div>\n        <\/div><\/div><\/div><\/div><\/div><div class=\"vc_row-full-width vc_clearfix\"><\/div><div class=\"vc_row wpb_row vc_row-fluid bg-image-ps-inherit\"><div class=\"wpb_column vc_column_container vc_col-sm-1\"><div class=\"vc_column-inner\"><div class=\"wpb_wrapper\"><\/div><\/div><\/div><div class=\"wpb_column vc_column_container vc_col-sm-11\"><div class=\"vc_column-inner\"><div class=\"wpb_wrapper\"><div class=\"vc_separator wpb_content_element vc_separator_align_center vc_sep_width_100 vc_sep_pos_align_center vc_separator_no_text vc_sep_color_grey wpb_content_element  wpb_content_element\" ><span class=\"vc_sep_holder vc_sep_holder_l\"><span class=\"vc_sep_line\"><\/span><\/span><span class=\"vc_sep_holder vc_sep_holder_r\"><span class=\"vc_sep_line\"><\/span><\/span>\n<\/div><div class=\"vc_empty_space\"   style=\"height: 32px\"><span class=\"vc_empty_space_inner\"><\/span><\/div><h2 style=\"text-align: left;font-family:Roboto Slab;font-weight:700;font-style:normal\" class=\"vc_custom_heading vc_do_custom_heading\" >Blanqueamiento<\/h2><div class=\"vc_empty_space\"   style=\"height: 32px\"><span class=\"vc_empty_space_inner\"><\/span><\/div><\/div><\/div><\/div><\/div><div class=\"vc_row wpb_row vc_row-fluid row-boxshadow-top bg-image-ps-inherit\"><div class=\"wpb_column vc_column_container vc_col-sm-1\"><div class=\"vc_column-inner\"><div class=\"wpb_wrapper\"><\/div><\/div><\/div><div class=\"wpb_column vc_column_container vc_col-sm-4\"><div class=\"vc_column-inner\"><div class=\"wpb_wrapper\">\n\t<div class=\"wpb_text_column wpb_content_element\" >\n\t\t<div class=\"wpb_wrapper\">\n\t\t\t<p>Los corales hermat\u00edpicos o corales duros, formadores de los arrecifes de coral, tienen una relaci\u00f3n simbi\u00f3tica con las microalgas fotosint\u00e9ticas llamadas Zooxantelas (<em>Symbiodinium sp<\/em>) las cuales poseen clorofila a y c, carotenoides y peridinina y son las responsables de los diferentes pigmentos que presentan los corales. Esta simbiosis permite que las algas provean carbohidratos y faciliten el dep\u00f3sito del calcio de coral, mientras que el coral ofrece material nitrogenado y otros nutrientes, adem\u00e1s de un refugio para el desarrollo del alga. Cuando el coral es afectado por alg\u00fan factor de estr\u00e9s como temperaturas extremas, la relaci\u00f3n simbi\u00f3tica se rompe y las algas son expulsadas del tejido, a este fen\u00f3meno se le conoce como blanqueamiento.<\/p>\n\n\t\t<\/div>\n\t<\/div>\n<\/div><\/div><\/div><div class=\"wpb_column vc_column_container vc_col-sm-1\"><div class=\"vc_column-inner\"><div class=\"wpb_wrapper\"><\/div><\/div><\/div><div class=\"wpb_column vc_column_container vc_col-sm-5\"><div class=\"vc_column-inner\"><div class=\"wpb_wrapper\">\n\t<div  class=\"wpb_single_image wpb_content_element vc_align_right wpb_content_element inherit inherit\">\n\t\t\n\t\t<figure class=\"wpb_wrapper vc_figure\">\n\t\t\t<div class=\"vc_single_image-wrapper default  vc_box_border_grey\"><img loading=\"lazy\" decoding=\"async\" width=\"720\" height=\"794\" src=\"https:\/\/coralmar.org\/wp-content\/uploads\/2021\/12\/relacion-simbiotica-coral-mar.jpg\" class=\"vc_single_image-img attachment-full\" alt=\"\" title=\"relacion-simbiotica-coral-mar\" srcset=\"https:\/\/coralmar.org\/wp-content\/uploads\/2021\/12\/relacion-simbiotica-coral-mar.jpg 720w, https:\/\/coralmar.org\/wp-content\/uploads\/2021\/12\/relacion-simbiotica-coral-mar-413x455.jpg 413w, https:\/\/coralmar.org\/wp-content\/uploads\/2021\/12\/relacion-simbiotica-coral-mar-11x12.jpg 11w\" sizes=\"auto, (max-width: 720px) 100vw, 720px\" \/><\/div>\n\t\t<\/figure>\n\t<\/div>\n<\/div><\/div><\/div><div class=\"wpb_column vc_column_container vc_col-sm-1\"><div class=\"vc_column-inner\"><div class=\"wpb_wrapper\"><\/div><\/div><\/div><\/div><div class=\"vc_row wpb_row vc_row-fluid row-boxshadow-top bg-image-ps-inherit\"><div class=\"wpb_column vc_column_container vc_col-sm-1\"><div class=\"vc_column-inner\"><div class=\"wpb_wrapper\"><\/div><\/div><\/div><div class=\"wpb_column vc_column_container vc_col-sm-10\"><div class=\"vc_column-inner\"><div class=\"wpb_wrapper\">\n\t<div class=\"wpb_text_column wpb_content_element\" >\n\t\t<div class=\"wpb_wrapper\">\n\t\t\t<p>Desde el inicio de la Revoluci\u00f3n Industrial, a escala global,\u00a0 la degradaci\u00f3n de los arrecifes de coral por causas naturales, actividades humanas junto con el cambio en la composici\u00f3n de los ciclos biogeoqu\u00edmicos, han contribuido en conjunto al aumento de las presiones e impactos que afectan la resiliencia y sobrevivencia de los arrecifes de coral, por otra parte, entre los principales factores que afectan al desarrollo de los arrecifes de coral a una escala local y regional se deben al aumento en la temperatura superficial del mar, los cambios dr\u00e1sticos en diferentes condiciones fisicoqu\u00edmicas del agua como el incremento en la intensidad lum\u00ednica,\u00a0 aumento en la radiaci\u00f3n UV, turbidez, sedimentaci\u00f3n, mareas extremadamente bajas, enfermedades, contaminaci\u00f3n y cambios de salinidad, que al actuar sin\u00e9rgicamente con los factores abi\u00f3ticos intensifican los eventos de blanqueamiento poniendo en riesgo la supervivencia de los corales y de otras comunidades de invertebrados asociadas a los arrecifes de coral.<\/p>\n\n\t\t<\/div>\n\t<\/div>\n\n\t<div class=\"wpb_text_column wpb_content_element\" >\n\t\t<div class=\"wpb_wrapper\">\n\t\t\t<p>De la misma manera, los eventos masivos de blanqueamiento a una escala local y\/o regional, est\u00e1n asociados a las anomal\u00edas en el incremento de la temperatura superficial del mar (TSM), con tan solo al aumento de 1\u00b0C por un periodo prolongado puede desencadenar eventos de blanqueamiento masivo ya que los corales viven cerca de su l\u00edmite t\u00e9rmico m\u00e1ximo tolerables. Asimismo, la irradiaci\u00f3n solar tambi\u00e9n juega un papel importante en el blanqueamiento de los corales, la perturbaci\u00f3n t\u00e9rmica asociada al aumento de la temperatura superficial del mar, incrementa la sensibilidad del aparato fotosint\u00e9tico (Fotosistema 2) de las Zooxantelas, y lo predispone a da\u00f1os causados por la radiaci\u00f3n solar, estos da\u00f1os se relacionan con la degradaci\u00f3n o inactivaci\u00f3n de prote\u00ednas esenciales en los centros de reacci\u00f3n, condici\u00f3n que reduce la habilidad del sistema fotosint\u00e9tico en la zooxantela para procesar la luz, cuando la temperatura alcanza ciertos umbrales, la incidencia de luz afecta al sistema fotosint\u00e9tico de las zooxantelas y produce mol\u00e9culas toxicas que da\u00f1an las estructuras celulares del coral, por lo que las zooxantelas son expulsadas para evitar da\u00f1os en los tejidos, por lo tanto la relaci\u00f3n entre temperatura y luminosidad ayuda a explicar la intensidad de algunos eventos de blanqueamientos en diferentes partes de las colonias o en zonas de arrecifes.<\/p>\n\n\t\t<\/div>\n\t<\/div>\n<\/div><\/div><\/div><div class=\"wpb_column vc_column_container vc_col-sm-1\"><div class=\"vc_column-inner\"><div class=\"wpb_wrapper\"><\/div><\/div><\/div><\/div><div class=\"vc_row wpb_row vc_row-fluid row-boxshadow-top bg-image-ps-inherit\"><div class=\"wpb_column vc_column_container vc_col-sm-2\"><div class=\"vc_column-inner\"><div class=\"wpb_wrapper\"><\/div><\/div><\/div><div class=\"wpb_column vc_column_container vc_col-sm-8\"><div class=\"vc_column-inner\"><div class=\"wpb_wrapper\">\n\t<div  class=\"wpb_single_image wpb_content_element vc_align_center wpb_content_element inherit inherit\">\n\t\t\n\t\t<figure class=\"wpb_wrapper vc_figure\">\n\t\t\t<div class=\"vc_single_image-wrapper default  vc_box_border_grey\"><img loading=\"lazy\" decoding=\"async\" width=\"1500\" height=\"726\" src=\"https:\/\/coralmar.org\/wp-content\/uploads\/2021\/12\/map-Blanqueamiento-de-Coral-y-Temperatura-superficial-del-mar.jpg\" class=\"vc_single_image-img attachment-full\" alt=\"\" title=\"map-Blanqueamiento de Coral y Temperatura superficial del mar\" srcset=\"https:\/\/coralmar.org\/wp-content\/uploads\/2021\/12\/map-Blanqueamiento-de-Coral-y-Temperatura-superficial-del-mar.jpg 1500w, https:\/\/coralmar.org\/wp-content\/uploads\/2021\/12\/map-Blanqueamiento-de-Coral-y-Temperatura-superficial-del-mar-768x372.jpg 768w, https:\/\/coralmar.org\/wp-content\/uploads\/2021\/12\/map-Blanqueamiento-de-Coral-y-Temperatura-superficial-del-mar-18x9.jpg 18w\" sizes=\"auto, (max-width: 1500px) 100vw, 1500px\" \/><\/div>\n\t\t<\/figure>\n\t<\/div>\n\n\t<div class=\"wpb_text_column wpb_content_element\" >\n\t\t<div class=\"wpb_wrapper\">\n\t\t\t<h6 style=\"text-align: center;\"><em>Figura 1. Blanqueamiento de Coral y Temperatura superficial del mar, Junio 2019-Diciembre 2019. Fuente:\u00a0<\/em><a href=\"http:\/\/reefgis.reefbase.org\/\"><em>http:\/\/reefgis.reefbase.org\/<\/em><\/a><\/h6>\n\n\t\t<\/div>\n\t<\/div>\n<\/div><\/div><\/div><div class=\"wpb_column vc_column_container vc_col-sm-2\"><div class=\"vc_column-inner\"><div class=\"wpb_wrapper\"><\/div><\/div><\/div><\/div><div class=\"vc_row wpb_row vc_row-fluid bg-image-ps-inherit\"><div class=\"wpb_column vc_column_container vc_col-sm-1\"><div class=\"vc_column-inner\"><div class=\"wpb_wrapper\"><\/div><\/div><\/div><div class=\"wpb_column vc_column_container vc_col-sm-10\"><div class=\"vc_column-inner\"><div class=\"wpb_wrapper\">\n\t<div class=\"wpb_text_column wpb_content_element\" >\n\t\t<div class=\"wpb_wrapper\">\n\t\t\t<p>Sin embargo, es dif\u00edcil entender la variaci\u00f3n espacio-temporal de la presencia del blanqueamiento ya que no ocurren sincr\u00f3nicamente en todos los arrecifes, colonias e incluso especies y dependen de la din\u00e1mica de las variables ambientales en las que se encuentran las diferentes regiones o zonas de arrecifes de coral (Brown, 1997). Diversos estudios siguen tratando de relacionar las diversas variables con los eventos masivos de blanqueamiento en diferentes regiones del mundo para identificar estos vac\u00edos de informaci\u00f3n.<\/p>\n<p>Con respecto a \u00a0los da\u00f1os que causa el blanqueamiento, se han encontrado efectos negativos en el desarrollo de los arrecifes de coral, entre ellos, la disminuci\u00f3n del crecimiento y capacidad reproductiva, disminuci\u00f3n de la densidad de Zooxantelas, reducci\u00f3n de la productividad primaria, p\u00e9rdida de pigmentos fotosint\u00e9ticos adem\u00e1s de la p\u00e9rdida del color parcial o total y la disminuci\u00f3n de prote\u00ednas, carbohidratos y l\u00edpidos, lo cual puede conducir a cambios en la liberaci\u00f3n de productos org\u00e1nicos, alterando de esta manera los procesos biogeoqu\u00edmicos y por lo tanto la estructura y composici\u00f3n de los ecosistemas de arrecife de coral.<\/p>\n\n\t\t<\/div>\n\t<\/div>\n<div class=\"vc_row wpb_row vc_inner vc_row-fluid\"><div class=\"wpb_column vc_column_container vc_col-sm-2\"><div class=\"vc_column-inner\"><div class=\"wpb_wrapper\"><\/div><\/div><\/div><div class=\"wpb_column vc_column_container vc_col-sm-8\"><div class=\"vc_column-inner\"><div class=\"wpb_wrapper\"><div class=\"wpb_gallery wpb_content_element vc_clearfix wpb_content_element\" ><div class=\"wpb_wrapper\"><div class=\"wpb_gallery_slides wpb_flexslider flexslider_fade flexslider\" data-interval=\"3\" data-flex_fx=\"fade\"><ul class=\"slides\"><li><a class=\"\" href=\"https:\/\/coralmar.org\/wp-content\/uploads\/2021\/12\/blanqueamiento-01-980x340.jpg\" data-lightbox=\"lightbox[rel-2323-4072146762]\"><img loading=\"lazy\" decoding=\"async\" width=\"1500\" height=\"1010\" src=\"https:\/\/coralmar.org\/wp-content\/uploads\/2021\/12\/blanqueamiento-01.jpg\" class=\"attachment-full\" alt=\"\" title=\"blanqueamiento-01\" srcset=\"https:\/\/coralmar.org\/wp-content\/uploads\/2021\/12\/blanqueamiento-01.jpg 1500w, https:\/\/coralmar.org\/wp-content\/uploads\/2021\/12\/blanqueamiento-01-768x517.jpg 768w, https:\/\/coralmar.org\/wp-content\/uploads\/2021\/12\/blanqueamiento-01-18x12.jpg 18w\" sizes=\"auto, (max-width: 1500px) 100vw, 1500px\" \/><\/a><\/li><li><a class=\"\" href=\"https:\/\/coralmar.org\/wp-content\/uploads\/2021\/12\/blanqueamiento-02-500x340.jpg\" data-lightbox=\"lightbox[rel-2323-4072146762]\"><img loading=\"lazy\" decoding=\"async\" width=\"500\" height=\"375\" src=\"https:\/\/coralmar.org\/wp-content\/uploads\/2021\/12\/blanqueamiento-02.jpg\" class=\"attachment-full\" alt=\"\" title=\"OLYMPUS DIGITAL CAMERA\" srcset=\"https:\/\/coralmar.org\/wp-content\/uploads\/2021\/12\/blanqueamiento-02.jpg 500w, https:\/\/coralmar.org\/wp-content\/uploads\/2021\/12\/blanqueamiento-02-16x12.jpg 16w\" sizes=\"auto, (max-width: 500px) 100vw, 500px\" \/><\/a><\/li><li><a class=\"\" href=\"https:\/\/coralmar.org\/wp-content\/uploads\/2021\/12\/blanqueamiento-03-500x340.jpg\" data-lightbox=\"lightbox[rel-2323-4072146762]\"><img loading=\"lazy\" decoding=\"async\" width=\"500\" height=\"375\" src=\"https:\/\/coralmar.org\/wp-content\/uploads\/2021\/12\/blanqueamiento-03.jpg\" class=\"attachment-full\" alt=\"\" title=\"OLYMPUS DIGITAL CAMERA\" srcset=\"https:\/\/coralmar.org\/wp-content\/uploads\/2021\/12\/blanqueamiento-03.jpg 500w, https:\/\/coralmar.org\/wp-content\/uploads\/2021\/12\/blanqueamiento-03-16x12.jpg 16w\" sizes=\"auto, (max-width: 500px) 100vw, 500px\" \/><\/a><\/li><li><a class=\"\" href=\"https:\/\/coralmar.org\/wp-content\/uploads\/2021\/12\/blanqueamiento-04-500x340.jpg\" data-lightbox=\"lightbox[rel-2323-4072146762]\"><img loading=\"lazy\" decoding=\"async\" width=\"500\" height=\"348\" src=\"https:\/\/coralmar.org\/wp-content\/uploads\/2021\/12\/blanqueamiento-04.jpg\" class=\"attachment-full\" alt=\"\" title=\"OLYMPUS DIGITAL CAMERA\" srcset=\"https:\/\/coralmar.org\/wp-content\/uploads\/2021\/12\/blanqueamiento-04.jpg 500w, https:\/\/coralmar.org\/wp-content\/uploads\/2021\/12\/blanqueamiento-04-18x12.jpg 18w\" sizes=\"auto, (max-width: 500px) 100vw, 500px\" \/><\/a><\/li><li><a class=\"\" href=\"https:\/\/coralmar.org\/wp-content\/uploads\/2021\/12\/blanqueamiento-05-980x340.jpg\" data-lightbox=\"lightbox[rel-2323-4072146762]\"><img loading=\"lazy\" decoding=\"async\" width=\"1500\" height=\"1055\" src=\"https:\/\/coralmar.org\/wp-content\/uploads\/2021\/12\/blanqueamiento-05.jpg\" class=\"attachment-full\" alt=\"\" title=\"blanqueamiento-05\" srcset=\"https:\/\/coralmar.org\/wp-content\/uploads\/2021\/12\/blanqueamiento-05.jpg 1500w, https:\/\/coralmar.org\/wp-content\/uploads\/2021\/12\/blanqueamiento-05-768x540.jpg 768w, https:\/\/coralmar.org\/wp-content\/uploads\/2021\/12\/blanqueamiento-05-18x12.jpg 18w\" sizes=\"auto, (max-width: 1500px) 100vw, 1500px\" \/><\/a><\/li><\/ul><\/div><\/div><\/div><\/div><\/div><\/div><div class=\"wpb_column vc_column_container vc_col-sm-2\"><div class=\"vc_column-inner\"><div class=\"wpb_wrapper\"><\/div><\/div><\/div><\/div><\/div><\/div><\/div><div class=\"wpb_column vc_column_container vc_col-sm-1\"><div class=\"vc_column-inner\"><div class=\"wpb_wrapper\"><\/div><\/div><\/div><\/div><div class=\"vc_row wpb_row vc_row-fluid bg-image-ps-inherit\"><div class=\"wpb_column vc_column_container vc_col-sm-1\"><div class=\"vc_column-inner\"><div class=\"wpb_wrapper\"><\/div><\/div><\/div><div class=\"wpb_column vc_column_container vc_col-sm-10\"><div class=\"vc_column-inner\"><div class=\"wpb_wrapper\">\n\t<div class=\"wpb_text_column wpb_content_element\" >\n\t\t<div class=\"wpb_wrapper\">\n\t\t\t<p>A pesar de estos da\u00f1os, las especies de coral responden a las condiciones locales de intensidad de luz, temperatura, salinidad y nutrientes y a las diferentes formas de aclimataci\u00f3n y la intensidad de perturbaci\u00f3n lo cual definir\u00e1 su estado de recuperaci\u00f3n del blanqueamiento o su mortalidad. Por lo tanto, tras un evento de blanqueamiento el coral podr\u00eda sobrevivir y su relaci\u00f3n simbi\u00f3tica podr\u00eda recuperarse si las condiciones ambientales lo permiten y adaptar a nuevas poblaciones que sean viables a tolerar altas temperaturas.<\/p>\n<p>A causa de estos eventos, se han obtenido grandes episodios de mortalidad coralina y diminuci\u00f3n de las tasas de crecimiento y reproducci\u00f3n de colonias sobrevivientes. Las especies coralinas ramificadas con altas tasas de crecimiento han sido las m\u00e1s vulnerables y generalmente mueren en grandes extensiones, mientras que las especies coralinas masivas de bajas tasas de crecimiento parecen ser menos vulnerables y tienden a recuperarse f\u00e1cilmente, esta sobrevivencia de los corales al blanqueamiento est\u00e1 influenciada por la normalizaci\u00f3n o aclimataci\u00f3n de la temperatura y las condiciones fisicoqu\u00edmicas del medio marino, el blanqueamiento es por lo tanto un fen\u00f3meno selectivo que puede afectar algunas especies de arrecifes y generar cambios mayores en la distribuci\u00f3n de especies coralinas y por lo tanto en la estructura y composici\u00f3n del sistema arrecifal, as\u00ed mismo, es importante se\u00f1alar que este fen\u00f3meno no solo afecta a los corales sino a diversas comunidades de peces e invertebrados que dependen de los nutrientes, el h\u00e1bitat y protecci\u00f3n que les brindas los arrecifes de coral y por otro lado a aquellos organismos que tienen una relaci\u00f3n simbi\u00f3tica con las algas dinoflageladas del g\u00e9nero <em>Symbiodinium sp.<\/em><\/p>\n\n\t\t<\/div>\n\t<\/div>\n<\/div><\/div><\/div><div class=\"wpb_column vc_column_container vc_col-sm-1\"><div class=\"vc_column-inner\"><div class=\"wpb_wrapper\"><\/div><\/div><\/div><\/div><div class=\"vc_row wpb_row vc_row-fluid bg-image-ps-inherit\"><div class=\"wpb_column vc_column_container vc_col-sm-12\"><div class=\"vc_column-inner\"><div class=\"wpb_wrapper\"><div class=\"vc_empty_space\"   style=\"height: 32px\"><span class=\"vc_empty_space_inner\"><\/span><\/div><div class=\"vc_separator wpb_content_element vc_separator_align_center vc_sep_width_100 vc_sep_pos_align_center vc_separator_no_text vc_sep_color_grey wpb_content_element  wpb_content_element\" ><span class=\"vc_sep_holder vc_sep_holder_l\"><span class=\"vc_sep_line\"><\/span><\/span><span class=\"vc_sep_holder vc_sep_holder_r\"><span class=\"vc_sep_line\"><\/span><\/span>\n<\/div>\n\t<div class=\"wpb_text_column wpb_content_element\" >\n\t\t<div class=\"wpb_wrapper\">\n\t\t\t<h1 style=\"text-align: center;\">Referencias<\/h1>\n\n\t\t<\/div>\n\t<\/div>\n<\/div><\/div><\/div><\/div><div class=\"vc_row wpb_row vc_row-fluid bg-image-ps-inherit\"><div class=\"wpb_column vc_column_container vc_col-sm-12\"><div class=\"vc_column-inner\"><div class=\"wpb_wrapper\"><div class=\"vc_separator wpb_content_element vc_separator_align_center vc_sep_width_100 vc_sep_pos_align_center vc_separator_no_text vc_sep_color_grey wpb_content_element  wpb_content_element\" ><span class=\"vc_sep_holder vc_sep_holder_l\"><span class=\"vc_sep_line\"><\/span><\/span><span class=\"vc_sep_holder vc_sep_holder_r\"><span class=\"vc_sep_line\"><\/span><\/span>\n<\/div><div class=\"vc_row wpb_row vc_inner vc_row-fluid\"><div class=\"wpb_column vc_column_container vc_col-sm-6\"><div class=\"vc_column-inner\"><div class=\"wpb_wrapper\">\n\t<div class=\"wpb_text_column wpb_content_element\" >\n\t\t<div class=\"wpb_wrapper\">\n\t\t\t<div class=\"elementor-column elementor-col-50 elementor-inner-column elementor-element elementor-element-836e3c7\" data-id=\"836e3c7\" data-element_type=\"column\">\n<div class=\"elementor-column-wrap elementor-element-populated\">\n<div class=\"elementor-widget-wrap\">\n<div class=\"elementor-element elementor-element-5f0f1fc elementor-widget elementor-widget-text-editor\" data-id=\"5f0f1fc\" data-element_type=\"widget\" data-widget_type=\"text-editor.default\">\n<div class=\"elementor-widget-container\">\n<div class=\"elementor-text-editor elementor-clearfix\">\n<ul>\n<li>Buddemeier, R. W; Kleypas, J. A; Aronson, R. B. 2004. Coral Reefs and Global climate change, Potential Contributions of Climate Change to Stresses on Coral Reef Ecosystems. Pew Center, Global Climate Change. Arlington. VA. 56 pp<\/li>\n<li>G\u00f3mez-Campo, K; Gil-Agudelo, D. L; L\u00f3pez-Lodo\u00f1o, T; Navas-Camacho, R; Rojas, A.J; Garz\u00f3n-Ferreira, J. 2011. Blanquemiento coralino, amenaza para el futuro de los arrecifes de coral de los archipi\u00e9lagos de Nuestra se\u00f1ora del Rosario y San Bernardo. Instituto de Investigaciones Marinas y Costeras (INVEMAR). Santa Martha. Colombia. 11pp<\/li>\n<li>Glynn, P. W., L. D\u2019Croz, 1990. Experimental evidence for high temperature stress as the cause of El Nino coincident coral mortality. Coral Reefs 8: 181-191.<\/li>\n<li>Hoegh-Guldberg, 2006. Climate Change, coral bleaching and the future of the world\u00b4s coral reefs. Marine Frshwater Research. No 50. Csiro Publishing. School of Biological Sciences, University of Sydney. Australia. 29 pp.<\/li>\n<\/ul>\n<\/div>\n<\/div>\n<\/div>\n<\/div>\n<\/div>\n<\/div>\n\n\t\t<\/div>\n\t<\/div>\n<\/div><\/div><\/div><div class=\"wpb_column vc_column_container vc_col-sm-6\"><div class=\"vc_column-inner\"><div class=\"wpb_wrapper\">\n\t<div class=\"wpb_text_column wpb_content_element\" >\n\t\t<div class=\"wpb_wrapper\">\n\t\t\t<div class=\"elementor-column elementor-col-50 elementor-inner-column elementor-element elementor-element-2962915\" data-id=\"2962915\" data-element_type=\"column\">\n<div class=\"elementor-column-wrap elementor-element-populated\">\n<div class=\"elementor-widget-wrap\">\n<div class=\"elementor-element elementor-element-40f04f1 elementor-widget elementor-widget-text-editor\" data-id=\"40f04f1\" data-element_type=\"widget\" data-widget_type=\"text-editor.default\">\n<div class=\"elementor-widget-container\">\n<div class=\"elementor-text-editor elementor-clearfix\">\n<ul>\n<li>Jones, R.J., O. Hoegh-Guldberg, A.W.D. Larkum, U. Schreiber. 1998. Temperature-induced bleaching of corals begins with impairment of the CO2 fixation mechanism in zooxanthellae. Plant, Cell and Environment 21: 1219-1230<\/li>\n<li>Marshall, P. y H. Schuttenberg. 2006. A reef manager\u00b4s guide to coral bleaching. Great Barrier Reef Marine Park Authority, Townville, Australia. 166 pp.<\/li>\n<li>Romero-Rodr\u00edguez, D. A. 2013. Variables ambientales durante eventos de blanqueamiento coralino en el Caribe colombiano. Tesis de Maestr\u00eda. Universidad Nacional de Colombia, Facultad de Minas, escuela de Geociencias y Medio Ambiente. Medell\u00edn, Colombia. 115 pp.<\/li>\n<li>Yakovleva, I. y M. Hidaka. Differential recovery of PSII function and electron transport rate in symbiotic dinoflagellates as a possible determinant of bleaching susceptibility of corals. Mar Ecol Prog Ser. 268: 43-53<\/li>\n<\/ul>\n<\/div>\n<\/div>\n<\/div>\n<\/div>\n<\/div>\n<\/div>\n\n\t\t<\/div>\n\t<\/div>\n<\/div><\/div><\/div><\/div><\/div><\/div><\/div><\/div><div id=\"contacto\" class=\"vc_row wpb_row vc_row-fluid bg-image-ps-inherit\"><div class=\"wpb_column vc_column_container vc_col-sm-12\"><div class=\"vc_column-inner\"><div class=\"wpb_wrapper\"><\/div><\/div><\/div><\/div>\n<\/div>","protected":false},"excerpt":{"rendered":"Blanqueamiento Blanqueamiento Los corales hermat\u00edpicos o corales duros, formadores de los arrecifes de coral, tienen una relaci\u00f3n simbi\u00f3tica con las microalgas fotosint\u00e9ticas llamadas Zooxantelas (Symbiodinium sp) las cuales poseen clorofila a y c, carotenoides y peridinina y son las responsables de los diferentes pigmentos que presentan los corales. Esta simbiosis permite que las algas provean [...]","protected":false},"author":1,"featured_media":0,"parent":0,"menu_order":0,"comment_status":"closed","ping_status":"closed","template":"","meta":{"footnotes":""},"class_list":["post-2323","page","type-page","status-publish","hentry"],"aioseo_notices":[],"_links":{"self":[{"href":"https:\/\/coralmar.org\/en\/wp-json\/wp\/v2\/pages\/2323","targetHints":{"allow":["GET"]}}],"collection":[{"href":"https:\/\/coralmar.org\/en\/wp-json\/wp\/v2\/pages"}],"about":[{"href":"https:\/\/coralmar.org\/en\/wp-json\/wp\/v2\/types\/page"}],"author":[{"embeddable":true,"href":"https:\/\/coralmar.org\/en\/wp-json\/wp\/v2\/users\/1"}],"replies":[{"embeddable":true,"href":"https:\/\/coralmar.org\/en\/wp-json\/wp\/v2\/comments?post=2323"}],"version-history":[{"count":0,"href":"https:\/\/coralmar.org\/en\/wp-json\/wp\/v2\/pages\/2323\/revisions"}],"wp:attachment":[{"href":"https:\/\/coralmar.org\/en\/wp-json\/wp\/v2\/media?parent=2323"}],"curies":[{"name":"wp","href":"https:\/\/api.w.org\/{rel}","templated":true}]}}