{"id":2447,"date":"2022-04-06T16:56:18","date_gmt":"2022-04-06T22:56:18","guid":{"rendered":"https:\/\/coralmar.org\/?page_id=2447"},"modified":"2023-12-11T09:37:10","modified_gmt":"2023-12-11T15:37:10","slug":"comite-ejecutivo-2021-2023","status":"publish","type":"page","link":"https:\/\/coralmar.org\/en\/comite-ejecutivo-2021-2023\/","title":{"rendered":"2021-2023 Executive Committee"},"content":{"rendered":"<div class=\"wpb-content-wrapper\"><div id=\"section-home\" data-vc-full-width=\"true\" data-vc-full-width-temp=\"true\" data-vc-full-width-init=\"false\" data-vc-stretch-content=\"true\" class=\"vc_row wpb_row vc_row-fluid vc_row-no-padding bg-image-ps-inherit\"><div class=\"wpb_column vc_column_container vc_col-sm-12\"><div class=\"vc_column-inner\"><div class=\"wpb_wrapper\">\n\t\t\t<!-- START Comite REVOLUTION SLIDER 6.5.4 --><p class=\"rs-p-wp-fix\"><\/p>\n\t\t\t<rs-module-wrap id=\"rev_slider_11_1_wrapper\" data-source=\"gallery\" style=\"visibility:hidden;background:transparent;padding:0;margin:0px auto;margin-top:0;margin-bottom:0;\">\n\t\t\t\t<rs-module id=\"rev_slider_11_1\" style=\"\" data-version=\"6.5.4\">\n\t\t\t\t\t<rs-slides>\n\t\t\t\t\t\t<rs-slide data-key=\"rs-17\" data-title=\"Slide\" data-in=\"o:0;\" data-out=\"a:false;\">\n\t\t\t\t\t\t\t<img decoding=\"async\" src=\"\/\/coralmar.org\/wp-content\/plugins\/revslider\/public\/assets\/assets\/dummy.png\" alt=\"Slide\" title=\"Comit\u00e9 Ejecutivo 2021-2023\" class=\"rev-slidebg tp-rs-img rs-lazyload\" data-lazyload=\"\/\/coralmar.org\/wp-content\/plugins\/revslider\/public\/assets\/assets\/transparent.png\" data-bg=\"c:#ffffff;\" data-no-retina>\n<!--\n\t\t\t\t\t\t\t--><rs-group\n\t\t\t\t\t\t\t\tid=\"slider-11-slide-17-layer-0\" \n\t\t\t\t\t\t\t\tdata-type=\"group\"\n\t\t\t\t\t\t\t\tdata-xy=\"xo:60px,9px,62px,6px;y:m;yo:49px,-24px,-28px,-27px;\"\n\t\t\t\t\t\t\t\tdata-text=\"w:normal;s:20,16,12,7;l:0,20,15,9;\"\n\t\t\t\t\t\t\t\tdata-dim=\"w:677px,800px,668px,449px;h:351px,286px,324px,394px;\"\n\t\t\t\t\t\t\t\tdata-rsp_bd=\"off\"\n\t\t\t\t\t\t\t\tdata-frame_0=\"o:1;\"\n\t\t\t\t\t\t\t\tdata-frame_999=\"o:0;st:w;sR:8700;sA:9000;\"\n\t\t\t\t\t\t\t\tstyle=\"z-index:11;\"\n\t\t\t\t\t\t\t><rs-bg-elem style=\"position:absolute; top:0px;left:0px;\"><\/rs-bg-elem>\n<!--\n\t\t\t\t\t\t\t\t--><rs-layer\n\t\t\t\t\t\t\t\t\tid=\"slider-11-slide-17-layer-1\" \n\t\t\t\t\t\t\t\t\tdata-type=\"text\"\n\t\t\t\t\t\t\t\t\tdata-color=\"#162172\"\n\t\t\t\t\t\t\t\t\tdata-xy=\"xo:2,2,4px,14px;yo:28,28,78px,112px;\"\n\t\t\t\t\t\t\t\t\tdata-text=\"w:normal;s:70,60,50,25;l:80,70,50,40;fw:700;\"\n\t\t\t\t\t\t\t\t\tdata-rsp_o=\"off\"\n\t\t\t\t\t\t\t\t\tdata-rsp_bd=\"off\"\n\t\t\t\t\t\t\t\t\tdata-frame_0=\"x:50;\"\n\t\t\t\t\t\t\t\t\tdata-frame_1=\"sp:1860;\"\n\t\t\t\t\t\t\t\t\tdata-frame_999=\"o:0;st:w;sR:7140;\"\n\t\t\t\t\t\t\t\t\tstyle=\"z-index:10;font-family:Poppins;\"\n\t\t\t\t\t\t\t\t><rs-bg-elem style=\"position:absolute; top:0px;left:0px;\"><\/rs-bg-elem>\nArrecifes de coral \n\t\t\t\t\t\t\t\t<\/rs-layer><!--\n\n\t\t\t\t\t\t\t\t--><rs-layer\n\t\t\t\t\t\t\t\t\tid=\"slider-11-slide-17-layer-4\" \n\t\t\t\t\t\t\t\t\tdata-type=\"text\"\n\t\t\t\t\t\t\t\t\tdata-color=\"#3a505f\"\n\t\t\t\t\t\t\t\t\tdata-xy=\"xo:5px,9px,6px,14px;yo:149px,112px,135px,154px;\"\n\t\t\t\t\t\t\t\t\tdata-text=\"w:normal;s:20,18,18,12;l:36,32,28,24;fw:500;\"\n\t\t\t\t\t\t\t\t\tdata-dim=\"w:602px,602px,489px,287px;\"\n\t\t\t\t\t\t\t\t\tdata-rsp_o=\"off\"\n\t\t\t\t\t\t\t\t\tdata-rsp_bd=\"off\"\n\t\t\t\t\t\t\t\t\tdata-frame_0=\"x:50;\"\n\t\t\t\t\t\t\t\t\tdata-frame_1=\"sp:1850;\"\n\t\t\t\t\t\t\t\t\tdata-frame_999=\"o:0;st:w;sR:7150;\"\n\t\t\t\t\t\t\t\t\tstyle=\"z-index:9;font-family:Poppins;\"\n\t\t\t\t\t\t\t\t><rs-bg-elem style=\"position:absolute; top:0px;left:0px;\"><\/rs-bg-elem>\nuna manera efectiva de atender los diferentes problemas que amenazan al Arrecife Mesoamericano es a trav\u00e9s del desarrollo de una red regional interconectada y funcional de \u00e1reas protegidas marinas y costeras (APMCs) \n\t\t\t\t\t\t\t\t<\/rs-layer><!--\n\t\t\t\t\t\t\t--><\/rs-group><!--\n\n\t\t\t\t\t\t\t--><rs-layer\n\t\t\t\t\t\t\t\tid=\"slider-11-slide-17-layer-5\" \n\t\t\t\t\t\t\t\tdata-type=\"image\"\n\t\t\t\t\t\t\t\tdata-xy=\"x:r,r,l,l;xo:-345px,-345px,422px,255px;yo:0,0,-9px,-172px;\"\n\t\t\t\t\t\t\t\tdata-text=\"w:normal;s:20,16,12,7;l:0,20,15,9;\"\n\t\t\t\t\t\t\t\tdata-dim=\"w:824px,889px,988px,675px;h:830px,895px,995px,680px;\"\n\t\t\t\t\t\t\t\tdata-vbility=\"t,t,t,f\"\n\t\t\t\t\t\t\t\tdata-rsp_bd=\"off\"\n\t\t\t\t\t\t\t\tdata-frame_999=\"o:0;st:w;sR:8700;\"\n\t\t\t\t\t\t\t\tstyle=\"z-index:8;\"\n\t\t\t\t\t\t\t><rs-bg-elem style=\"position:absolute; top:0px;left:0px;\"><\/rs-bg-elem>\n<img loading=\"lazy\" decoding=\"async\" src=\"\/\/coralmar.org\/wp-content\/plugins\/revslider\/public\/assets\/assets\/dummy.png\" class=\"tp-rs-img rs-lazyload\" width=\"889\" height=\"895\" data-lazyload=\"\/\/coralmar.org\/wp-content\/uploads\/2021\/12\/portada-quienes-somos-2022.png\" data-no-retina> \n\t\t\t\t\t\t\t<\/rs-layer><!--\n-->\t\t\t\t\t\t<\/rs-slide>\n\t\t\t\t\t<\/rs-slides>\n\t\t\t\t<\/rs-module>\n\t\t\t\t<script type=\"text\/javascript\">\n\t\t\t\t\tsetREVStartSize({c: 'rev_slider_11_1',rl:[1240,1024,778,480],el:[690,690,380,280],gw:[1230,1024,778,480],gh:[690,690,380,280],type:'standard',justify:'',layout:'fullwidth',mh:\"0\"});\n\t\t\t\t<\/script>\n\t\t\t<\/rs-module-wrap>\n\t\t\t<!-- END REVOLUTION SLIDER -->\n<\/div><\/div><\/div><\/div><div class=\"vc_row-full-width vc_clearfix\"><\/div><div id=\"testimonial\" data-vc-full-width=\"true\" data-vc-full-width-temp=\"true\" data-vc-full-width-init=\"false\" class=\"vc_row wpb_row vc_row-fluid vc_custom_1580960920126 vc_row-has-fill bg-image-ps-inherit\"><div class=\"wpb_column vc_column_container vc_col-sm-12\"><div class=\"vc_column-inner vc_custom_1580873600782\"><div class=\"wpb_wrapper\"><div class=\"vc_row wpb_row vc_inner vc_row-fluid vc_custom_1580899239854 vc_row-o-content-middle vc_row-flex\"><div class=\"wpb_column vc_column_container vc_col-sm-7 vc_col-lg-6 vc_col-md-6 rm-padding-lg\"><div class=\"vc_column-inner vc_custom_1580974046016\"><div class=\"wpb_wrapper\"><div id=\"ct-heading\" class=\"ct-heading align-left align-left-md align-left-sm align-left-xs \">\n    \n    \n            <style type=\"text\/css\">\n            @media screen and (max-width: 767px) {\n                #ct-heading .ct-heading-tag {\n                                            font-size: 30px !important;\n                                                                line-height: 38px !important;\n                                    }\n            }\n        <\/style>\n                <h1 class=\"ct-heading-tag typing-style1\" style=\"margin-bottom:0px;text-transform:uppercase;font-weight:800; \">\n                                    Comit\u00e9 Ejecutivo 2021-2023                                        <\/h1>\n        <\/div><div id=\"ct-space-69d3614128377\">\n\t<style type=\"text\/css\">\n\t\t\t\t\t\t\t\t\t\t\t@media screen and (max-width: 767px) {\n\t\t\t\t#ct-space-69d3614128377 .ct-space {\n\t\t\t\t\theight: 42px;\n\t\t\t\t}\n\t\t\t}\n\t\t\t<\/style>\n\t<div class=\"ct-space\"><\/div>\n<\/div><\/div><\/div><\/div><div class=\"wpb_column vc_column_container vc_col-sm-5 vc_col-lg-6 vc_col-md-6 rm-padding-lg\"><div class=\"vc_column-inner vc_custom_1580974055240\"><div class=\"wpb_wrapper\"><div id=\"ct-text-block-69d36141286e1\" class=\"ct-text-block1   text-left  \" style=\"font-size:18px;line-height:34px;\">\n    <div class=\"ct-inline-css\"  data-css=\"\n                \">\n    <\/div>\n    <p>El comit\u00e9 de RRA-SAM est\u00e1 integrada por expertos y por los representantes de los fondos ambientales de los pa\u00edses del Sistema Arrecifal Mesoamericano.<\/p>\n<\/div><\/div><\/div><\/div><\/div><div class=\"ct-testimonial-wrap ct-testimonial-carousel3\">\n\n    <div class=\"ct-testimonial-nav owl-carousel \" data-item-xs=1 data-item-sm=1 data-item-md=3 data-item-lg=5 data-margin=30 data-loop=true data-autoplay=false data-autoplaytimeout=5000 data-smartspeed=250 data-center=true data-arrows=true data-bullets=true data-stagepadding=0 data-rtl=false  data-dotscontainer=\"true\" data-mousedrag=\"false\">\n                    <div class=\"ct-testimonial-item item-4-column\">\n                <div class=\"grid-item-inner\">\n                    <div class=\"testimonial-image\">\n                        <div class=\"testimonial-shape\"><\/div>\n                        <img decoding=\"async\" class=\"\" src=\"https:\/\/coralmar.org\/wp-content\/uploads\/2022\/04\/ana-beatriz-marfund-165x165.jpg\" width=\"165\" height=\"165\" alt=\"ana-beatriz-marfund\" title=\"ana-beatriz-marfund\" loading=\"lazy\" \/>                    <\/div>\n                <\/div>\n            <\/div>\n                    <div class=\"ct-testimonial-item item-4-column\">\n                <div class=\"grid-item-inner\">\n                    <div class=\"testimonial-image\">\n                        <div class=\"testimonial-shape\"><\/div>\n                        <img decoding=\"async\" class=\"\" src=\"https:\/\/coralmar.org\/wp-content\/uploads\/2022\/04\/khira-forman-castillo-165x165.jpg\" width=\"165\" height=\"165\" alt=\"khira-forman-castillo\" title=\"khira-forman-castillo\" loading=\"lazy\" \/>                    <\/div>\n                <\/div>\n            <\/div>\n                    <div class=\"ct-testimonial-item item-4-column\">\n                <div class=\"grid-item-inner\">\n                    <div class=\"testimonial-image\">\n                        <div class=\"testimonial-shape\"><\/div>\n                        <img decoding=\"async\" class=\"\" src=\"https:\/\/coralmar.org\/wp-content\/uploads\/2022\/04\/Johanna-Calle-Trivino-165x165.png\" width=\"165\" height=\"165\" alt=\"Johanna\u00a0Calle\u00a0Trivino\" title=\"Johanna\u00a0Calle\u00a0Trivino\" loading=\"lazy\" \/>                    <\/div>\n                <\/div>\n            <\/div>\n                    <div class=\"ct-testimonial-item item-4-column\">\n                <div class=\"grid-item-inner\">\n                    <div class=\"testimonial-image\">\n                        <div class=\"testimonial-shape\"><\/div>\n                        <img decoding=\"async\" class=\"\" src=\"https:\/\/coralmar.org\/wp-content\/uploads\/2022\/04\/Andrea-Godoy-RRN-Final-165x165.jpg\" width=\"165\" height=\"165\" alt=\"Andrea-Godoy-RRN-Final\" title=\"Andrea-Godoy-RRN-Final\" loading=\"lazy\" \/>                    <\/div>\n                <\/div>\n            <\/div>\n            <\/div>\n\n    <div class=\"ct-testimonial-main owl-carousel nav-middle \" data-item-xs=\"1\" data-item-sm=\"1\" data-item-md=\"1\" data-item-lg=\"1\" data-margin=\"30\" data-loop=\"true\" data-autoplay=\"false\" data-autoplaytimeout=\"5000\" data-smartspeed=\"250\" data-center=\"true\" data-arrows=\"true\" data-bullets=\"true\" data-stagepadding=\"0\" data-rtl=\"false\" data-dotscontainer=\"true\" data-mousedrag=\"false\">\n                    <div class=\"ct-testimonial-item\">\n                <div class=\"grid-item-inner\">\n                    <div class=\"testimonial-description\" style=\"\">Instituci\u00f3n: MAR Fund<br>\nCargo: Oficial de Proyectos <br><br>\n<img loading=\"lazy\" decoding=\"async\" class=\"aligncenter wp-image-1823\" src=\"https:\/\/coralmar.org\/wp-content\/uploads\/2021\/10\/Logo-MAR-Fund.png\" alt=\"\" width=\"140\" height=\"70\" \/><\/div>\n                    <h3 class=\"testimonial-title\" style=\"\">\n                        Ana Beatriz Rivas                    <\/h3>\n                    <div class=\"testimonial-position\" style=\"\">\n                        Representante de Guatemala                    <\/div>\n                <\/div>\n            <\/div>\n                    <div class=\"ct-testimonial-item\">\n                <div class=\"grid-item-inner\">\n                    <div class=\"testimonial-description\" style=\"\">Instituci\u00f3n: Hol Chan Marine Reserve<br>\nCargo: Gerente T\u00e9cnico y Bi\u00f3loga Senior<br><br>\n<img decoding=\"async\" class=\"aligncenter wp-image-1822\" src=\"https:\/\/coralmar.org\/wp-content\/uploads\/2022\/04\/logo-hcmr.png\" alt=\"\" \/><\/div>\n                    <h3 class=\"testimonial-title\" style=\"\">\n                        Kirah Forman-Castillo                    <\/h3>\n                    <div class=\"testimonial-position\" style=\"\">\n                        Representante Belice                    <\/div>\n                <\/div>\n            <\/div>\n                    <div class=\"ct-testimonial-item\">\n                <div class=\"grid-item-inner\">\n                    <div class=\"testimonial-description\" style=\"\">Instituci\u00f3n: Grupo Iberostar - Wave of Change<br>\nCargo: Coordinadora Cient\u00edfica<br><br>\n<img decoding=\"async\" class=\"aligncenter \" src=\"https:\/\/coralmar.org\/wp-content\/uploads\/2022\/05\/AF_IBEROSTAR_GROUP_VV_MARCO.png\" alt=\"\" \/><\/div>\n                    <h3 class=\"testimonial-title\" style=\"\">\n                        Johanna Calle Trivi\u00f1o                    <\/h3>\n                    <div class=\"testimonial-position\" style=\"\">\n                        Representante de M\u00e9xico                    <\/div>\n                <\/div>\n            <\/div>\n                    <div class=\"ct-testimonial-item\">\n                <div class=\"grid-item-inner\">\n                    <div class=\"testimonial-description\" style=\"\">Instituci\u00f3n: Honduras Coral Reef Fund (HCRF) - Fundaci\u00f3n Cayos Cochinos<br>\nCargo:  Coordinadora de Desarrollo Social<br><br>\n<img decoding=\"async\" class=\"aligncenter\" src=\"https:\/\/coralmar.org\/wp-content\/uploads\/2022\/04\/fundacion-cayos-cochinos.png\" alt=\"\" \/><\/div>\n                    <h3 class=\"testimonial-title\" style=\"\">\n                        Andrea Godoy Mendoza                    <\/h3>\n                    <div class=\"testimonial-position\" style=\"\">\n                        Presidenta y Representante Honduras                    <\/div>\n                <\/div>\n            <\/div>\n            <\/div>\n<\/div>\n<\/div><\/div><\/div><\/div><div class=\"vc_row-full-width vc_clearfix\"><\/div><div class=\"vc_row wpb_row vc_row-fluid bg-image-ps-inherit\"><div class=\"wpb_column vc_column_container vc_col-sm-12\"><div class=\"vc_column-inner\"><div class=\"wpb_wrapper\">\n\t<div class=\"wpb_text_column wpb_content_element\" >\n\t\t<div class=\"wpb_wrapper\">\n\t\t\t<p><\/p>\n\n\t\t<\/div>\n\t<\/div>\n<\/div><\/div><\/div><\/div><div id=\"contacto\" class=\"vc_row wpb_row vc_row-fluid bg-image-ps-inherit\"><div class=\"wpb_column vc_column_container vc_col-sm-12\"><div class=\"vc_column-inner\"><div class=\"wpb_wrapper\"><div class=\"vc_empty_space\"   style=\"height: 32px\"><span class=\"vc_empty_space_inner\"><\/span><\/div><\/div><\/div><\/div><\/div>\n<\/div>","protected":false},"excerpt":{"rendered":"Arrecifes de coral una manera efectiva de atender los diferentes problemas que amenazan al Arrecife Mesoamericano es a trav\u00e9s del desarrollo de una red regional interconectada y funcional de \u00e1reas protegidas marinas y costeras (APMCs) Comit\u00e9 Ejecutivo 2021-2023 El comit\u00e9 de RRA-SAM est\u00e1 integrada por expertos y por los representantes de los fondos ambientales de [...]","protected":false},"author":1,"featured_media":0,"parent":0,"menu_order":0,"comment_status":"closed","ping_status":"closed","template":"","meta":{"footnotes":""},"class_list":["post-2447","page","type-page","status-publish","hentry"],"aioseo_notices":[],"_links":{"self":[{"href":"https:\/\/coralmar.org\/en\/wp-json\/wp\/v2\/pages\/2447","targetHints":{"allow":["GET"]}}],"collection":[{"href":"https:\/\/coralmar.org\/en\/wp-json\/wp\/v2\/pages"}],"about":[{"href":"https:\/\/coralmar.org\/en\/wp-json\/wp\/v2\/types\/page"}],"author":[{"embeddable":true,"href":"https:\/\/coralmar.org\/en\/wp-json\/wp\/v2\/users\/1"}],"replies":[{"embeddable":true,"href":"https:\/\/coralmar.org\/en\/wp-json\/wp\/v2\/comments?post=2447"}],"version-history":[{"count":17,"href":"https:\/\/coralmar.org\/en\/wp-json\/wp\/v2\/pages\/2447\/revisions"}],"predecessor-version":[{"id":3465,"href":"https:\/\/coralmar.org\/en\/wp-json\/wp\/v2\/pages\/2447\/revisions\/3465"}],"wp:attachment":[{"href":"https:\/\/coralmar.org\/en\/wp-json\/wp\/v2\/media?parent=2447"}],"curies":[{"name":"wp","href":"https:\/\/api.w.org\/{rel}","templated":true}]}}