{"id":2481,"date":"2022-04-28T08:40:10","date_gmt":"2022-04-28T14:40:10","guid":{"rendered":"https:\/\/coralmar.org\/?page_id=2481"},"modified":"2022-05-04T09:53:59","modified_gmt":"2022-05-04T15:53:59","slug":"reunion-chetumal-2012","status":"publish","type":"page","link":"https:\/\/coralmar.org\/en\/reunion-chetumal-2012\/","title":{"rendered":""},"content":{"rendered":"<div class=\"wpb-content-wrapper\"><div data-vc-full-width=\"true\" data-vc-full-width-temp=\"true\" data-vc-full-width-init=\"false\" data-vc-parallax=\"2.5\" data-vc-parallax-o-fade=\"on\" data-vc-parallax-image=\"https:\/\/coralmar.org\/wp-content\/uploads\/2021\/12\/ana-giro-hri-05.jpg\" class=\"vc_row wpb_row vc_row-fluid vc_custom_1638405990616 vc_row-has-fill vc_general vc_parallax vc_parallax-content-moving-fade js-vc_parallax-o-fade row-overlay bg-image-ps-inherit\"><div class=\"wpb_column vc_column_container vc_col-sm-12\"><div class=\"vc_column-inner\"><div class=\"wpb_wrapper\"><div id=\"ct-heading\" class=\"ct-heading align-center align-center-md align-center-sm align-center-xs\">\n            <style type=\"text\/css\">\n            @media (min-width: 991px) and (max-width: 1200px) {\n                #ct-heading .ct-heading-tag {\n                                            font-size: 25px !important;\n                                                        }\n            }\n        <\/style>\n    \n            <style type=\"text\/css\">\n            @media (min-width: 768px) and (max-width: 991px) {\n                #ct-heading .ct-heading-tag {\n                                            font-size: 18px !important;\n                                                        }\n            }\n        <\/style>\n    \n            <style type=\"text\/css\">\n            @media screen and (max-width: 767px) {\n                #ct-heading .ct-heading-tag {\n                                            font-size: 32px !important;\n                                                        }\n            }\n        <\/style>\n                    <div class=\"ct-heading-sub sub- style1\" style=\"color:#ffffff;font-size:35px;font-weight:800;\">\n            <span style=\"background-color:#ffffff;\"><\/span>\n            Primera reuni\u00f3n de conformaci\u00f3n de la RRA                    <\/div>\n        <h1 class=\"ct-heading-tag typing-style1\" style=\"margin-top:10px;margin-bottom:10px;color:#ffffff;font-size:45px;text-transform:uppercase;font-weight:800; \">\n            <\/h1>\n            <div class=\"h-gap\"><i ><\/i><\/div>\n        <\/div><\/div><\/div><\/div><\/div><div class=\"vc_row-full-width vc_clearfix\"><\/div><div class=\"vc_row wpb_row vc_row-fluid bg-image-ps-inherit\"><div class=\"wpb_column vc_column_container vc_col-sm-12\"><div class=\"vc_column-inner\"><div class=\"wpb_wrapper\"><div class=\"vc_empty_space\"   style=\"height: 32px\"><span class=\"vc_empty_space_inner\"><\/span><\/div><h2 style=\"font-size: 28px;text-align: left;font-family:Roboto Slab;font-weight:700;font-style:normal\" class=\"vc_custom_heading vc_do_custom_heading\" >Chetumal April 2012<\/h2>\n\t<div class=\"wpb_text_column wpb_content_element\" >\n\t\t<div class=\"wpb_wrapper\">\n\t\t\t<p>In order to address the impacts to the reef in the MBRS region, Oceanus, AC, with the support of the Mesoamerican Reef Fund, FMCN, protected natural areas of the MBRS and special guests, met from April 18 to 20, 2012 at the City of Chetumal, Quintan Roo to form the \u201cReef Restoration Network of the Mesoamerican Reef System (SAM)\u201d<\/p>\n\n\t\t<\/div>\n\t<\/div>\n<div class=\"vc_separator wpb_content_element vc_separator_align_center vc_sep_width_100 vc_sep_pos_align_center vc_separator_no_text vc_sep_color_grey wpb_content_element  wpb_content_element\" ><span class=\"vc_sep_holder vc_sep_holder_l\"><span class=\"vc_sep_line\"><\/span><\/span><span class=\"vc_sep_holder vc_sep_holder_r\"><span class=\"vc_sep_line\"><\/span><\/span>\n<\/div><\/div><\/div><\/div><\/div><div class=\"vc_row wpb_row vc_row-fluid row-boxshadow-top bg-image-ps-inherit\"><div class=\"wpb_column vc_column_container vc_col-sm-1\"><div class=\"vc_column-inner\"><div class=\"wpb_wrapper\"><\/div><\/div><\/div><div class=\"wpb_column vc_column_container vc_col-sm-10\"><div class=\"vc_column-inner\"><div class=\"wpb_wrapper\"><div class=\"vc_tta-container\" data-vc-action=\"collapseAll\"><div class=\"vc_general vc_tta vc_tta-accordion vc_tta-style-default vc_tta-o-shape-group vc_tta-o-all-clickable wpb_animate_when_almost_visible wpb_bounceIn bounceIn\"><div class=\"vc_tta-panels-container\"><div class=\"vc_tta-panels\"><div class=\"vc_tta-panel\" id=\"AgendaChetumal2012\" data-vc-content=\".vc_tta-panel-body\"><div class=\"vc_tta-panel-heading\"><h4 class=\"vc_tta-panel-title\"><a href=\"#AgendaChetumal2012\" data-vc-accordion data-vc-container=\".vc_tta-container\"><i class=\"vc_tta-icon fas fa-plus\"><\/i><span class=\"vc_tta-title-text\">2012 Chetumal Agenda<\/span><\/a><\/h4><\/div><div class=\"vc_tta-panel-body\">\n\t<div class=\"wpb_text_column wpb_content_element\" >\n\t\t<div class=\"wpb_wrapper\">\n\t\t\t<p style=\"padding-left: 5px;\"><a href=\"https:\/\/coralmar.org\/wp-content\/uploads\/2022\/04\/Agenda-Red-de-Restauracion-Chetumal-2012-1.pdf\" target=\"_blank\" rel=\"noopener noreferrer\"><img loading=\"lazy\" decoding=\"async\" class=\"alignright wp-image-429 size-full\" src=\"https:\/\/marfund.org\/en\/wp-content\/uploads\/2020\/12\/pdf.png\" alt=\"\" width=\"24\" height=\"24\" \/><\/a>Restoration Network Agenda<\/p>\n\n\t\t<\/div>\n\t<\/div>\n<\/div><\/div><div class=\"vc_tta-panel\" id=\"minuta\" data-vc-content=\".vc_tta-panel-body\"><div class=\"vc_tta-panel-heading\"><h4 class=\"vc_tta-panel-title\"><a href=\"#minuta\" data-vc-accordion data-vc-container=\".vc_tta-container\"><i class=\"vc_tta-icon fas fa-plus\"><\/i><span class=\"vc_tta-title-text\">Meeting minutes<\/span><\/a><\/h4><\/div><div class=\"vc_tta-panel-body\">\n\t<div class=\"wpb_text_column wpb_content_element\" >\n\t\t<div class=\"wpb_wrapper\">\n\t\t\t<p style=\"padding-left: 5px;\"><a href=\"https:\/\/coralmar.org\/wp-content\/uploads\/2022\/04\/Minuta-RED-Restauracion-espanol-Chetumal-2012.pdf\" target=\"_blank\" rel=\"noopener noreferrer\"><img loading=\"lazy\" decoding=\"async\" class=\"alignright wp-image-429 size-full\" src=\"https:\/\/marfund.org\/en\/wp-content\/uploads\/2020\/12\/pdf.png\" alt=\"\" width=\"24\" height=\"24\" \/><\/a>Workshop for the formation of the reef restoration network of the Mesoamerican Reef System<\/p>\n\n\t\t<\/div>\n\t<\/div>\n<\/div><\/div><div class=\"vc_tta-panel\" id=\"InformeFinal\" data-vc-content=\".vc_tta-panel-body\"><div class=\"vc_tta-panel-heading\"><h4 class=\"vc_tta-panel-title\"><a href=\"#InformeFinal\" data-vc-accordion data-vc-container=\".vc_tta-container\"><i class=\"vc_tta-icon fas fa-plus\"><\/i><span class=\"vc_tta-title-text\">Final Report<\/span><\/a><\/h4><\/div><div class=\"vc_tta-panel-body\">\n\t<div class=\"wpb_text_column wpb_content_element\" >\n\t\t<div class=\"wpb_wrapper\">\n\t\t\t<p style=\"padding-left: 5px;\"><a href=\"https:\/\/coralmar.org\/wp-content\/uploads\/2022\/04\/Informe-final-Fondo-vf-small-Chetumal-2012.pdf\" target=\"_blank\" rel=\"noopener noreferrer\"><img loading=\"lazy\" decoding=\"async\" class=\"alignright wp-image-429 size-full\" src=\"https:\/\/marfund.org\/en\/wp-content\/uploads\/2020\/12\/pdf.png\" alt=\"\" width=\"24\" height=\"24\" \/><\/a>Final Report<\/p>\n\n\t\t<\/div>\n\t<\/div>\n<\/div><\/div><\/div><\/div><\/div><\/div><\/div><\/div><\/div><div class=\"wpb_column vc_column_container vc_col-sm-1\"><div class=\"vc_column-inner\"><div class=\"wpb_wrapper\"><\/div><\/div><\/div><\/div><div class=\"vc_row wpb_row vc_row-fluid bg-image-ps-inherit\"><div class=\"wpb_column vc_column_container vc_col-sm-12\"><div class=\"vc_column-inner\"><div class=\"wpb_wrapper\"><div class=\"vc_empty_space\"   style=\"height: 42px\"><span class=\"vc_empty_space_inner\"><\/span><\/div><div class=\"vc_separator wpb_content_element vc_separator_align_center vc_sep_width_100 vc_sep_pos_align_center vc_separator_no_text vc_sep_color_grey wpb_content_element  wpb_content_element\" ><span class=\"vc_sep_holder vc_sep_holder_l\"><span class=\"vc_sep_line\"><\/span><\/span><span class=\"vc_sep_holder vc_sep_holder_r\"><span class=\"vc_sep_line\"><\/span><\/span>\n<\/div><\/div><\/div><\/div><\/div><div id=\"contacto\" class=\"vc_row wpb_row vc_row-fluid bg-image-ps-inherit\"><div class=\"wpb_column vc_column_container vc_col-sm-12\"><div class=\"vc_column-inner\"><div class=\"wpb_wrapper\"><div class=\"vc_empty_space\"   style=\"height: 32px\"><span class=\"vc_empty_space_inner\"><\/span><\/div><\/div><\/div><\/div><\/div>\n<\/div>","protected":false},"excerpt":{"rendered":"Primera reuni\u00f3n de conformaci\u00f3n de la RRA Chetumal abril 2012 Con la finalidad de atender los impactos al arrecife en la regi\u00f3n de SAM, Oceanus, AC, con el apoyo del Mesoamerican Reef Fund, FMCN, \u00e1reas naturales protegidas del SAM e invitados especiales, se reunieron del 18 al 20 de abril del 2012 en la ciudad [...]","protected":false},"author":1,"featured_media":0,"parent":0,"menu_order":0,"comment_status":"closed","ping_status":"closed","template":"","meta":{"footnotes":""},"class_list":["post-2481","page","type-page","status-publish","hentry"],"aioseo_notices":[],"_links":{"self":[{"href":"https:\/\/coralmar.org\/en\/wp-json\/wp\/v2\/pages\/2481","targetHints":{"allow":["GET"]}}],"collection":[{"href":"https:\/\/coralmar.org\/en\/wp-json\/wp\/v2\/pages"}],"about":[{"href":"https:\/\/coralmar.org\/en\/wp-json\/wp\/v2\/types\/page"}],"author":[{"embeddable":true,"href":"https:\/\/coralmar.org\/en\/wp-json\/wp\/v2\/users\/1"}],"replies":[{"embeddable":true,"href":"https:\/\/coralmar.org\/en\/wp-json\/wp\/v2\/comments?post=2481"}],"version-history":[{"count":9,"href":"https:\/\/coralmar.org\/en\/wp-json\/wp\/v2\/pages\/2481\/revisions"}],"predecessor-version":[{"id":2630,"href":"https:\/\/coralmar.org\/en\/wp-json\/wp\/v2\/pages\/2481\/revisions\/2630"}],"wp:attachment":[{"href":"https:\/\/coralmar.org\/en\/wp-json\/wp\/v2\/media?parent=2481"}],"curies":[{"name":"wp","href":"https:\/\/api.w.org\/{rel}","templated":true}]}}