{"id":2497,"date":"2022-04-28T11:01:40","date_gmt":"2022-04-28T17:01:40","guid":{"rendered":"https:\/\/coralmar.org\/?page_id=2497"},"modified":"2022-04-28T11:11:38","modified_gmt":"2022-04-28T17:11:38","slug":"reunion-akumal-2017","status":"publish","type":"page","link":"https:\/\/coralmar.org\/en\/reunion-akumal-2017\/","title":{"rendered":""},"content":{"rendered":"<div class=\"wpb-content-wrapper\"><div data-vc-full-width=\"true\" data-vc-full-width-temp=\"true\" data-vc-full-width-init=\"false\" data-vc-parallax=\"2.5\" data-vc-parallax-o-fade=\"on\" data-vc-parallax-image=\"https:\/\/coralmar.org\/wp-content\/uploads\/2021\/12\/ana-giro-hri-05.jpg\" class=\"vc_row wpb_row vc_row-fluid vc_custom_1638405990616 vc_row-has-fill vc_general vc_parallax vc_parallax-content-moving-fade js-vc_parallax-o-fade row-overlay bg-image-ps-inherit\"><div class=\"wpb_column vc_column_container vc_col-sm-12\"><div class=\"vc_column-inner\"><div class=\"wpb_wrapper\"><div id=\"ct-heading\" class=\"ct-heading align-center align-center-md align-center-sm align-center-xs \">\n            <style type=\"text\/css\">\n            @media (min-width: 991px) and (max-width: 1200px) {\n                #ct-heading .ct-heading-tag {\n                                            font-size: 25px !important;\n                                                        }\n            }\n        <\/style>\n    \n            <style type=\"text\/css\">\n            @media (min-width: 768px) and (max-width: 991px) {\n                #ct-heading .ct-heading-tag {\n                                            font-size: 18px !important;\n                                                        }\n            }\n        <\/style>\n    \n            <style type=\"text\/css\">\n            @media screen and (max-width: 767px) {\n                #ct-heading .ct-heading-tag {\n                                            font-size: 32px !important;\n                                                        }\n            }\n        <\/style>\n                    <div class=\"ct-heading-sub sub- style1\" style=\"color:#ffffff;font-size:35px;font-weight:800;\">\n            <span style=\"background-color:#ffffff;\"><\/span>\n            Primera Reuni\u00f3n Bienal de la Red de Restauraci\u00f3n del SAM - Akumal 2017                    <\/div>\n        <h1 class=\"ct-heading-tag typing-style1\" style=\"margin-top:10px;margin-bottom:10px;color:#ffffff;font-size:45px;text-transform:uppercase;font-weight:800; \">\n            <\/h1>\n            <div class=\"h-gap\"><i ><\/i><\/div>\n        <\/div><\/div><\/div><\/div><\/div><div class=\"vc_row-full-width vc_clearfix\"><\/div><div class=\"vc_row wpb_row vc_row-fluid bg-image-ps-inherit\"><div class=\"wpb_column vc_column_container vc_col-sm-1\"><div class=\"vc_column-inner\"><div class=\"wpb_wrapper\"><div class=\"vc_separator wpb_content_element vc_separator_align_center vc_sep_width_100 vc_sep_pos_align_center vc_separator_no_text vc_sep_color_grey wpb_content_element  wpb_content_element\" ><span class=\"vc_sep_holder vc_sep_holder_l\"><span class=\"vc_sep_line\"><\/span><\/span><span class=\"vc_sep_holder vc_sep_holder_r\"><span class=\"vc_sep_line\"><\/span><\/span>\n<\/div><\/div><\/div><\/div><div class=\"wpb_column vc_column_container vc_col-sm-10\"><div class=\"vc_column-inner\"><div class=\"wpb_wrapper\"><div class=\"vc_empty_space\"   style=\"height: 32px\"><span class=\"vc_empty_space_inner\"><\/span><\/div><h2 style=\"font-size: 28px;text-align: left;font-family:Roboto Slab;font-weight:700;font-style:normal\" class=\"vc_custom_heading vc_do_custom_heading\" >Akumal septiembre 2017<\/h2>\n\t<div class=\"wpb_text_column wpb_content_element\" >\n\t\t<div class=\"wpb_wrapper\">\n\t\t\t<p>La Red de Restauraci\u00f3n de Arrecifes es una comunidad incipiente de investigadores y organizaciones comprometidos en los cuatro pa\u00edses. Oceanus fue la organizaci\u00f3n l\u00edder en la creaci\u00f3n de la Red y una reuni\u00f3n inicial en 2012.<\/p>\n<p>En 2017, con el apoyo de la Iniciativa, se llev\u00f3 a cabo una primera reuni\u00f3n bienal de la Red de Restauraci\u00f3n de Arrecifes en Akumal, M\u00e9xico. M\u00e1s de 60 expertos y practicantes de restauraci\u00f3n de arrecifes, incluidas autoridades nacionales de los cuatro pa\u00edses, participaron en la reuni\u00f3n. Los oradores principales incluyeron expertos de organizaciones destacadas como The Nature Conservancy, World Wildlife Fund-US, Healthy Reef Initiative, Oceanus, MAR Leadership Program y Coral Reef Crime Science Investigation Program (CSI).<\/p>\n<p>Los resultados de esta reuni\u00f3n incluyen la reactivaci\u00f3n de la Red, la conformaci\u00f3n del Comit\u00e9 Ejecutivo de la Red, un primer borrador de los Estatutos de la Red, un cronograma borrador que destaca las actividades clave para el pr\u00f3ximo a\u00f1o y mapas que muestran los sitios clave para la restauraci\u00f3n. Adem\u00e1s, se ha creado un sitio web para la Red y se mejora continuamente.<\/p>\n\n\t\t<\/div>\n\t<\/div>\n<\/div><\/div><\/div><div class=\"wpb_column vc_column_container vc_col-sm-1\"><div class=\"vc_column-inner\"><div class=\"wpb_wrapper\"><\/div><\/div><\/div><\/div><div class=\"vc_row wpb_row vc_row-fluid row-boxshadow-top bg-image-ps-inherit\"><div class=\"wpb_column vc_column_container vc_col-sm-1\"><div class=\"vc_column-inner\"><div class=\"wpb_wrapper\"><\/div><\/div><\/div><div class=\"wpb_column vc_column_container vc_col-sm-10\"><div class=\"vc_column-inner\"><div class=\"wpb_wrapper\"><div class=\"vc_tta-container\" data-vc-action=\"collapseAll\"><div class=\"vc_general vc_tta vc_tta-accordion vc_tta-style-default vc_tta-o-shape-group vc_tta-o-all-clickable wpb_animate_when_almost_visible wpb_bounceIn bounceIn\"><div class=\"vc_tta-panels-container\"><div class=\"vc_tta-panels\"><div class=\"vc_tta-panel\" id=\"AgendaAkumal2017\" data-vc-content=\".vc_tta-panel-body\"><div class=\"vc_tta-panel-heading\"><h4 class=\"vc_tta-panel-title\"><a href=\"#AgendaAkumal2017\" data-vc-accordion data-vc-container=\".vc_tta-container\"><i class=\"vc_tta-icon fas fa-plus\"><\/i><span class=\"vc_tta-title-text\">Agenda Reuni\u00f3n Bienal<\/span><\/a><\/h4><\/div><div class=\"vc_tta-panel-body\">\n\t<div class=\"wpb_text_column wpb_content_element\" >\n\t\t<div class=\"wpb_wrapper\">\n\t\t\t<p style=\"padding-left: 5px;\"><a href=\"https:\/\/coralmar.org\/wp-content\/uploads\/2022\/04\/AGENDA-REUNION-BIENAL-RED-DE-RESTAURACION-ARRECIFES-ESPANOL-vf.pdf\" target=\"_blank\" rel=\"noopener noreferrer\"><img loading=\"lazy\" decoding=\"async\" class=\"alignright wp-image-429 size-full\" src=\"https:\/\/marfund.org\/en\/wp-content\/uploads\/2020\/12\/pdf.png\" alt=\"\" width=\"24\" height=\"24\" \/><\/a>Agenda Red de Restauraci\u00f3n Akumal 2017<\/p>\n\n\t\t<\/div>\n\t<\/div>\n<\/div><\/div><div class=\"vc_tta-panel\" id=\"presentaciones\" data-vc-content=\".vc_tta-panel-body\"><div class=\"vc_tta-panel-heading\"><h4 class=\"vc_tta-panel-title\"><a href=\"#presentaciones\" data-vc-accordion data-vc-container=\".vc_tta-container\"><i class=\"vc_tta-icon fas fa-plus\"><\/i><span class=\"vc_tta-title-text\">Presentaciones<\/span><\/a><\/h4><\/div><div class=\"vc_tta-panel-body\">\n\t<div class=\"wpb_text_column wpb_content_element\" >\n\t\t<div class=\"wpb_wrapper\">\n\t\t\t<p style=\"padding-left: 5px;\"><a href=\"https:\/\/coralmar.org\/wp-content\/uploads\/2022\/04\/Protocolo-de-Alerta-Temprana-y-Respuesta-Inmediata-TNC-Sept-2017-Calina-Zepeda.pdf\" target=\"_blank\" rel=\"noopener noreferrer\"><img loading=\"lazy\" decoding=\"async\" class=\"alignright wp-image-429 size-full\" src=\"https:\/\/marfund.org\/en\/wp-content\/uploads\/2020\/12\/pdf.png\" alt=\"\" width=\"24\" height=\"24\" \/><\/a>Presentaci\u00f3n Protocolo de Alerta Temprana<\/p>\n\n\t\t<\/div>\n\t<\/div>\n\n\t<div class=\"wpb_text_column wpb_content_element\" >\n\t\t<div class=\"wpb_wrapper\">\n\t\t\t<p style=\"padding-left: 5px;\"><a href=\"https:\/\/coralmar.org\/wp-content\/uploads\/2022\/04\/Redes-regenerativas_FMCN_18sept.pdf\" target=\"_blank\" rel=\"noopener noreferrer\"><img loading=\"lazy\" decoding=\"async\" class=\"alignright wp-image-429 size-full\" src=\"https:\/\/marfund.org\/en\/wp-content\/uploads\/2020\/12\/pdf.png\" alt=\"\" width=\"24\" height=\"24\" \/><\/a>Presentaci\u00f3n Redes Regenerativas<\/p>\n\n\t\t<\/div>\n\t<\/div>\n\n\t<div class=\"wpb_text_column wpb_content_element\" >\n\t\t<div class=\"wpb_wrapper\">\n\t\t\t<p style=\"padding-left: 5px;\"><a href=\"https:\/\/coralmar.org\/wp-content\/uploads\/2022\/04\/Restoration-Reef-HRI-Oct-2017.pdf\" target=\"_blank\" rel=\"noopener noreferrer\"><img loading=\"lazy\" decoding=\"async\" class=\"alignright wp-image-429 size-full\" src=\"https:\/\/marfund.org\/en\/wp-content\/uploads\/2020\/12\/pdf.png\" alt=\"\" width=\"24\" height=\"24\" \/><\/a>Presentaci\u00f3n Restoring Reef Ecosystem Health<\/p>\n\n\t\t<\/div>\n\t<\/div>\n<\/div><\/div><div class=\"vc_tta-panel\" id=\"MemoriaAcuerdos\" data-vc-content=\".vc_tta-panel-body\"><div class=\"vc_tta-panel-heading\"><h4 class=\"vc_tta-panel-title\"><a href=\"#MemoriaAcuerdos\" data-vc-accordion data-vc-container=\".vc_tta-container\"><i class=\"vc_tta-icon fas fa-plus\"><\/i><span class=\"vc_tta-title-text\">Memoria de Acuerdos<\/span><\/a><\/h4><\/div><div class=\"vc_tta-panel-body\">\n\t<div class=\"wpb_text_column wpb_content_element\" >\n\t\t<div class=\"wpb_wrapper\">\n\t\t\t<p style=\"padding-left: 5px;\"><a href=\"https:\/\/coralmar.org\/wp-content\/uploads\/2022\/04\/Memoria-de-los-Acuerdos-Reunion-Bienal-2017.pdf\" target=\"_blank\" rel=\"noopener noreferrer\"><img loading=\"lazy\" decoding=\"async\" class=\"alignright wp-image-429 size-full\" src=\"https:\/\/marfund.org\/en\/wp-content\/uploads\/2020\/12\/pdf.png\" alt=\"\" width=\"24\" height=\"24\" \/><\/a>Memoria de los Acuerdos Reuni\u00f3n Bienal 2017<\/p>\n\n\t\t<\/div>\n\t<\/div>\n<\/div><\/div><div class=\"vc_tta-panel\" id=\"GaleriaFotos\" data-vc-content=\".vc_tta-panel-body\"><div class=\"vc_tta-panel-heading\"><h4 class=\"vc_tta-panel-title\"><a href=\"#GaleriaFotos\" data-vc-accordion data-vc-container=\".vc_tta-container\"><i class=\"vc_tta-icon fas fa-plus\"><\/i><span class=\"vc_tta-title-text\">Galer\u00eda de Fotos<\/span><\/a><\/h4><\/div><div class=\"vc_tta-panel-body\"><div class=\"wpb_gallery wpb_content_element vc_clearfix wpb_content_element\" ><div class=\"wpb_wrapper\"><div class=\"wpb_gallery_slides wpb_flexslider flexslider_fade flexslider\" data-interval=\"3\" data-flex_fx=\"fade\"><ul class=\"slides\"><li><a class=\"\" href=\"https:\/\/coralmar.org\/wp-content\/uploads\/2022\/04\/akumal-2017-09-980x340.jpg\" data-lightbox=\"lightbox[rel-2497-3876698674]\"><img loading=\"lazy\" decoding=\"async\" width=\"2048\" height=\"1152\" src=\"https:\/\/coralmar.org\/wp-content\/uploads\/2022\/04\/akumal-2017-09.jpg\" class=\"attachment-full\" alt=\"\" title=\"akumal-2017-09\" srcset=\"https:\/\/coralmar.org\/wp-content\/uploads\/2022\/04\/akumal-2017-09.jpg 2048w, https:\/\/coralmar.org\/wp-content\/uploads\/2022\/04\/akumal-2017-09-768x432.jpg 768w, https:\/\/coralmar.org\/wp-content\/uploads\/2022\/04\/akumal-2017-09-1536x864.jpg 1536w, https:\/\/coralmar.org\/wp-content\/uploads\/2022\/04\/akumal-2017-09-18x10.jpg 18w\" sizes=\"auto, (max-width: 2048px) 100vw, 2048px\" \/><\/a><\/li><li><a class=\"\" href=\"https:\/\/coralmar.org\/wp-content\/uploads\/2022\/04\/akumal-2017-10-980x340.jpg\" data-lightbox=\"lightbox[rel-2497-3876698674]\"><img loading=\"lazy\" decoding=\"async\" width=\"2048\" height=\"1152\" src=\"https:\/\/coralmar.org\/wp-content\/uploads\/2022\/04\/akumal-2017-10.jpg\" class=\"attachment-full\" alt=\"\" title=\"akumal-2017-10\" srcset=\"https:\/\/coralmar.org\/wp-content\/uploads\/2022\/04\/akumal-2017-10.jpg 2048w, https:\/\/coralmar.org\/wp-content\/uploads\/2022\/04\/akumal-2017-10-768x432.jpg 768w, https:\/\/coralmar.org\/wp-content\/uploads\/2022\/04\/akumal-2017-10-1536x864.jpg 1536w, https:\/\/coralmar.org\/wp-content\/uploads\/2022\/04\/akumal-2017-10-18x10.jpg 18w\" sizes=\"auto, (max-width: 2048px) 100vw, 2048px\" \/><\/a><\/li><li><a class=\"\" href=\"https:\/\/coralmar.org\/wp-content\/uploads\/2022\/04\/akumal-2017-11-980x340.jpg\" data-lightbox=\"lightbox[rel-2497-3876698674]\"><img loading=\"lazy\" decoding=\"async\" width=\"2048\" height=\"1152\" src=\"https:\/\/coralmar.org\/wp-content\/uploads\/2022\/04\/akumal-2017-11.jpg\" class=\"attachment-full\" alt=\"\" title=\"akumal-2017-11\" srcset=\"https:\/\/coralmar.org\/wp-content\/uploads\/2022\/04\/akumal-2017-11.jpg 2048w, https:\/\/coralmar.org\/wp-content\/uploads\/2022\/04\/akumal-2017-11-768x432.jpg 768w, https:\/\/coralmar.org\/wp-content\/uploads\/2022\/04\/akumal-2017-11-1536x864.jpg 1536w, https:\/\/coralmar.org\/wp-content\/uploads\/2022\/04\/akumal-2017-11-18x10.jpg 18w\" sizes=\"auto, (max-width: 2048px) 100vw, 2048px\" \/><\/a><\/li><li><a class=\"\" href=\"https:\/\/coralmar.org\/wp-content\/uploads\/2022\/04\/akumal-2017-12-980x340.jpg\" data-lightbox=\"lightbox[rel-2497-3876698674]\"><img loading=\"lazy\" decoding=\"async\" width=\"2048\" height=\"1152\" src=\"https:\/\/coralmar.org\/wp-content\/uploads\/2022\/04\/akumal-2017-12.jpg\" class=\"attachment-full\" alt=\"\" title=\"akumal-2017-12\" srcset=\"https:\/\/coralmar.org\/wp-content\/uploads\/2022\/04\/akumal-2017-12.jpg 2048w, https:\/\/coralmar.org\/wp-content\/uploads\/2022\/04\/akumal-2017-12-768x432.jpg 768w, https:\/\/coralmar.org\/wp-content\/uploads\/2022\/04\/akumal-2017-12-1536x864.jpg 1536w, https:\/\/coralmar.org\/wp-content\/uploads\/2022\/04\/akumal-2017-12-18x10.jpg 18w\" sizes=\"auto, (max-width: 2048px) 100vw, 2048px\" \/><\/a><\/li><li><a class=\"\" href=\"https:\/\/coralmar.org\/wp-content\/uploads\/2022\/04\/akumal-2017-13-980x340.jpg\" data-lightbox=\"lightbox[rel-2497-3876698674]\"><img loading=\"lazy\" decoding=\"async\" width=\"2048\" height=\"1152\" src=\"https:\/\/coralmar.org\/wp-content\/uploads\/2022\/04\/akumal-2017-13.jpg\" class=\"attachment-full\" alt=\"\" title=\"akumal-2017-13\" srcset=\"https:\/\/coralmar.org\/wp-content\/uploads\/2022\/04\/akumal-2017-13.jpg 2048w, https:\/\/coralmar.org\/wp-content\/uploads\/2022\/04\/akumal-2017-13-768x432.jpg 768w, https:\/\/coralmar.org\/wp-content\/uploads\/2022\/04\/akumal-2017-13-1536x864.jpg 1536w, https:\/\/coralmar.org\/wp-content\/uploads\/2022\/04\/akumal-2017-13-18x10.jpg 18w\" sizes=\"auto, (max-width: 2048px) 100vw, 2048px\" \/><\/a><\/li><li><a class=\"\" href=\"https:\/\/coralmar.org\/wp-content\/uploads\/2022\/04\/akumal-2017-14-980x340.jpg\" data-lightbox=\"lightbox[rel-2497-3876698674]\"><img loading=\"lazy\" decoding=\"async\" width=\"2048\" height=\"1152\" src=\"https:\/\/coralmar.org\/wp-content\/uploads\/2022\/04\/akumal-2017-14.jpg\" class=\"attachment-full\" alt=\"\" title=\"akumal-2017-14\" srcset=\"https:\/\/coralmar.org\/wp-content\/uploads\/2022\/04\/akumal-2017-14.jpg 2048w, https:\/\/coralmar.org\/wp-content\/uploads\/2022\/04\/akumal-2017-14-768x432.jpg 768w, https:\/\/coralmar.org\/wp-content\/uploads\/2022\/04\/akumal-2017-14-1536x864.jpg 1536w, https:\/\/coralmar.org\/wp-content\/uploads\/2022\/04\/akumal-2017-14-18x10.jpg 18w\" sizes=\"auto, (max-width: 2048px) 100vw, 2048px\" \/><\/a><\/li><li><a class=\"\" href=\"https:\/\/coralmar.org\/wp-content\/uploads\/2022\/04\/akumal-2017-15-980x340.jpg\" data-lightbox=\"lightbox[rel-2497-3876698674]\"><img loading=\"lazy\" decoding=\"async\" width=\"2048\" height=\"1152\" src=\"https:\/\/coralmar.org\/wp-content\/uploads\/2022\/04\/akumal-2017-15.jpg\" class=\"attachment-full\" alt=\"\" title=\"akumal-2017-15\" srcset=\"https:\/\/coralmar.org\/wp-content\/uploads\/2022\/04\/akumal-2017-15.jpg 2048w, https:\/\/coralmar.org\/wp-content\/uploads\/2022\/04\/akumal-2017-15-768x432.jpg 768w, https:\/\/coralmar.org\/wp-content\/uploads\/2022\/04\/akumal-2017-15-1536x864.jpg 1536w, https:\/\/coralmar.org\/wp-content\/uploads\/2022\/04\/akumal-2017-15-18x10.jpg 18w\" sizes=\"auto, (max-width: 2048px) 100vw, 2048px\" \/><\/a><\/li><li><a class=\"\" href=\"https:\/\/coralmar.org\/wp-content\/uploads\/2022\/04\/akumal-2017-16-980x340.jpg\" data-lightbox=\"lightbox[rel-2497-3876698674]\"><img loading=\"lazy\" decoding=\"async\" width=\"2048\" height=\"1152\" src=\"https:\/\/coralmar.org\/wp-content\/uploads\/2022\/04\/akumal-2017-16.jpg\" class=\"attachment-full\" alt=\"\" title=\"akumal-2017-16\" srcset=\"https:\/\/coralmar.org\/wp-content\/uploads\/2022\/04\/akumal-2017-16.jpg 2048w, https:\/\/coralmar.org\/wp-content\/uploads\/2022\/04\/akumal-2017-16-768x432.jpg 768w, https:\/\/coralmar.org\/wp-content\/uploads\/2022\/04\/akumal-2017-16-1536x864.jpg 1536w, https:\/\/coralmar.org\/wp-content\/uploads\/2022\/04\/akumal-2017-16-18x10.jpg 18w\" sizes=\"auto, (max-width: 2048px) 100vw, 2048px\" \/><\/a><\/li><li><a class=\"\" href=\"https:\/\/coralmar.org\/wp-content\/uploads\/2022\/04\/akumal-2017-17-980x340.jpg\" data-lightbox=\"lightbox[rel-2497-3876698674]\"><img loading=\"lazy\" decoding=\"async\" width=\"2048\" height=\"1152\" src=\"https:\/\/coralmar.org\/wp-content\/uploads\/2022\/04\/akumal-2017-17.jpg\" class=\"attachment-full\" alt=\"\" title=\"akumal-2017-17\" srcset=\"https:\/\/coralmar.org\/wp-content\/uploads\/2022\/04\/akumal-2017-17.jpg 2048w, https:\/\/coralmar.org\/wp-content\/uploads\/2022\/04\/akumal-2017-17-768x432.jpg 768w, https:\/\/coralmar.org\/wp-content\/uploads\/2022\/04\/akumal-2017-17-1536x864.jpg 1536w, https:\/\/coralmar.org\/wp-content\/uploads\/2022\/04\/akumal-2017-17-18x10.jpg 18w\" sizes=\"auto, (max-width: 2048px) 100vw, 2048px\" \/><\/a><\/li><li><a class=\"\" href=\"https:\/\/coralmar.org\/wp-content\/uploads\/2022\/04\/akumal-2017-18-980x340.jpg\" data-lightbox=\"lightbox[rel-2497-3876698674]\"><img loading=\"lazy\" decoding=\"async\" width=\"2048\" height=\"1152\" src=\"https:\/\/coralmar.org\/wp-content\/uploads\/2022\/04\/akumal-2017-18.jpg\" class=\"attachment-full\" alt=\"\" title=\"akumal-2017-18\" srcset=\"https:\/\/coralmar.org\/wp-content\/uploads\/2022\/04\/akumal-2017-18.jpg 2048w, https:\/\/coralmar.org\/wp-content\/uploads\/2022\/04\/akumal-2017-18-768x432.jpg 768w, https:\/\/coralmar.org\/wp-content\/uploads\/2022\/04\/akumal-2017-18-1536x864.jpg 1536w, https:\/\/coralmar.org\/wp-content\/uploads\/2022\/04\/akumal-2017-18-18x10.jpg 18w\" sizes=\"auto, (max-width: 2048px) 100vw, 2048px\" \/><\/a><\/li><li><a class=\"\" href=\"https:\/\/coralmar.org\/wp-content\/uploads\/2022\/04\/akumal-2017-01.jpg\" data-lightbox=\"lightbox[rel-2497-3876698674]\"><img loading=\"lazy\" decoding=\"async\" width=\"150\" height=\"150\" src=\"https:\/\/coralmar.org\/wp-content\/uploads\/2022\/04\/akumal-2017-01.jpg\" class=\"attachment-full\" alt=\"\" title=\"akumal-2017-01\" srcset=\"https:\/\/coralmar.org\/wp-content\/uploads\/2022\/04\/akumal-2017-01.jpg 150w, https:\/\/coralmar.org\/wp-content\/uploads\/2022\/04\/akumal-2017-01-12x12.jpg 12w\" sizes=\"auto, (max-width: 150px) 100vw, 150px\" \/><\/a><\/li><li><a class=\"\" href=\"https:\/\/coralmar.org\/wp-content\/uploads\/2022\/04\/akumal-2017-02.jpg\" data-lightbox=\"lightbox[rel-2497-3876698674]\"><img loading=\"lazy\" decoding=\"async\" width=\"150\" height=\"150\" src=\"https:\/\/coralmar.org\/wp-content\/uploads\/2022\/04\/akumal-2017-02.jpg\" class=\"attachment-full\" alt=\"\" title=\"akumal-2017-02\" srcset=\"https:\/\/coralmar.org\/wp-content\/uploads\/2022\/04\/akumal-2017-02.jpg 150w, https:\/\/coralmar.org\/wp-content\/uploads\/2022\/04\/akumal-2017-02-12x12.jpg 12w\" sizes=\"auto, (max-width: 150px) 100vw, 150px\" \/><\/a><\/li><li><a class=\"\" href=\"https:\/\/coralmar.org\/wp-content\/uploads\/2022\/04\/akumal-2017-03-980x340.jpg\" data-lightbox=\"lightbox[rel-2497-3876698674]\"><img loading=\"lazy\" decoding=\"async\" width=\"1152\" height=\"2048\" src=\"https:\/\/coralmar.org\/wp-content\/uploads\/2022\/04\/akumal-2017-03.jpg\" class=\"attachment-full\" alt=\"\" title=\"akumal-2017-03\" srcset=\"https:\/\/coralmar.org\/wp-content\/uploads\/2022\/04\/akumal-2017-03.jpg 1152w, https:\/\/coralmar.org\/wp-content\/uploads\/2022\/04\/akumal-2017-03-768x1365.jpg 768w, https:\/\/coralmar.org\/wp-content\/uploads\/2022\/04\/akumal-2017-03-864x1536.jpg 864w, https:\/\/coralmar.org\/wp-content\/uploads\/2022\/04\/akumal-2017-03-7x12.jpg 7w\" sizes=\"auto, (max-width: 1152px) 100vw, 1152px\" \/><\/a><\/li><li><a class=\"\" href=\"https:\/\/coralmar.org\/wp-content\/uploads\/2022\/04\/akumal-2017-04-980x340.jpg\" data-lightbox=\"lightbox[rel-2497-3876698674]\"><img loading=\"lazy\" decoding=\"async\" width=\"2048\" height=\"1152\" src=\"https:\/\/coralmar.org\/wp-content\/uploads\/2022\/04\/akumal-2017-04.jpg\" class=\"attachment-full\" alt=\"\" title=\"akumal-2017-04\" srcset=\"https:\/\/coralmar.org\/wp-content\/uploads\/2022\/04\/akumal-2017-04.jpg 2048w, https:\/\/coralmar.org\/wp-content\/uploads\/2022\/04\/akumal-2017-04-768x432.jpg 768w, https:\/\/coralmar.org\/wp-content\/uploads\/2022\/04\/akumal-2017-04-1536x864.jpg 1536w, https:\/\/coralmar.org\/wp-content\/uploads\/2022\/04\/akumal-2017-04-18x10.jpg 18w\" sizes=\"auto, (max-width: 2048px) 100vw, 2048px\" \/><\/a><\/li><li><a class=\"\" href=\"https:\/\/coralmar.org\/wp-content\/uploads\/2022\/04\/akumal-2017-05-980x340.jpg\" data-lightbox=\"lightbox[rel-2497-3876698674]\"><img loading=\"lazy\" decoding=\"async\" width=\"2048\" height=\"1152\" src=\"https:\/\/coralmar.org\/wp-content\/uploads\/2022\/04\/akumal-2017-05.jpg\" class=\"attachment-full\" alt=\"\" title=\"akumal-2017-05\" srcset=\"https:\/\/coralmar.org\/wp-content\/uploads\/2022\/04\/akumal-2017-05.jpg 2048w, https:\/\/coralmar.org\/wp-content\/uploads\/2022\/04\/akumal-2017-05-768x432.jpg 768w, https:\/\/coralmar.org\/wp-content\/uploads\/2022\/04\/akumal-2017-05-1536x864.jpg 1536w, https:\/\/coralmar.org\/wp-content\/uploads\/2022\/04\/akumal-2017-05-18x10.jpg 18w\" sizes=\"auto, (max-width: 2048px) 100vw, 2048px\" \/><\/a><\/li><li><a class=\"\" href=\"https:\/\/coralmar.org\/wp-content\/uploads\/2022\/04\/akumal-2017-06-980x340.jpg\" data-lightbox=\"lightbox[rel-2497-3876698674]\"><img loading=\"lazy\" decoding=\"async\" width=\"2048\" height=\"1152\" src=\"https:\/\/coralmar.org\/wp-content\/uploads\/2022\/04\/akumal-2017-06.jpg\" class=\"attachment-full\" alt=\"\" title=\"akumal-2017-06\" srcset=\"https:\/\/coralmar.org\/wp-content\/uploads\/2022\/04\/akumal-2017-06.jpg 2048w, https:\/\/coralmar.org\/wp-content\/uploads\/2022\/04\/akumal-2017-06-768x432.jpg 768w, https:\/\/coralmar.org\/wp-content\/uploads\/2022\/04\/akumal-2017-06-1536x864.jpg 1536w, https:\/\/coralmar.org\/wp-content\/uploads\/2022\/04\/akumal-2017-06-18x10.jpg 18w\" sizes=\"auto, (max-width: 2048px) 100vw, 2048px\" \/><\/a><\/li><li><a class=\"\" href=\"https:\/\/coralmar.org\/wp-content\/uploads\/2022\/04\/akumal-2017-07-980x340.jpg\" data-lightbox=\"lightbox[rel-2497-3876698674]\"><img loading=\"lazy\" decoding=\"async\" width=\"2048\" height=\"1152\" src=\"https:\/\/coralmar.org\/wp-content\/uploads\/2022\/04\/akumal-2017-07.jpg\" class=\"attachment-full\" alt=\"\" title=\"akumal-2017-07\" srcset=\"https:\/\/coralmar.org\/wp-content\/uploads\/2022\/04\/akumal-2017-07.jpg 2048w, https:\/\/coralmar.org\/wp-content\/uploads\/2022\/04\/akumal-2017-07-768x432.jpg 768w, https:\/\/coralmar.org\/wp-content\/uploads\/2022\/04\/akumal-2017-07-1536x864.jpg 1536w, https:\/\/coralmar.org\/wp-content\/uploads\/2022\/04\/akumal-2017-07-18x10.jpg 18w\" sizes=\"auto, (max-width: 2048px) 100vw, 2048px\" \/><\/a><\/li><li><a class=\"\" href=\"https:\/\/coralmar.org\/wp-content\/uploads\/2022\/04\/akumal-2017-08-980x340.jpg\" data-lightbox=\"lightbox[rel-2497-3876698674]\"><img loading=\"lazy\" decoding=\"async\" width=\"2048\" height=\"1152\" src=\"https:\/\/coralmar.org\/wp-content\/uploads\/2022\/04\/akumal-2017-08.jpg\" class=\"attachment-full\" alt=\"\" title=\"akumal-2017-08\" srcset=\"https:\/\/coralmar.org\/wp-content\/uploads\/2022\/04\/akumal-2017-08.jpg 2048w, https:\/\/coralmar.org\/wp-content\/uploads\/2022\/04\/akumal-2017-08-768x432.jpg 768w, https:\/\/coralmar.org\/wp-content\/uploads\/2022\/04\/akumal-2017-08-1536x864.jpg 1536w, https:\/\/coralmar.org\/wp-content\/uploads\/2022\/04\/akumal-2017-08-18x10.jpg 18w\" sizes=\"auto, (max-width: 2048px) 100vw, 2048px\" \/><\/a><\/li><\/ul><\/div><\/div><\/div><\/div><\/div><\/div><\/div><\/div><\/div><\/div><\/div><\/div><div class=\"wpb_column vc_column_container vc_col-sm-1\"><div class=\"vc_column-inner\"><div class=\"wpb_wrapper\"><\/div><\/div><\/div><\/div><div class=\"vc_row wpb_row vc_row-fluid bg-image-ps-inherit\"><div class=\"wpb_column vc_column_container vc_col-sm-12\"><div class=\"vc_column-inner\"><div class=\"wpb_wrapper\"><div class=\"vc_empty_space\"   style=\"height: 42px\"><span class=\"vc_empty_space_inner\"><\/span><\/div><div class=\"vc_separator wpb_content_element vc_separator_align_center vc_sep_width_100 vc_sep_pos_align_center vc_separator_no_text vc_sep_color_grey wpb_content_element  wpb_content_element\" ><span class=\"vc_sep_holder vc_sep_holder_l\"><span class=\"vc_sep_line\"><\/span><\/span><span class=\"vc_sep_holder vc_sep_holder_r\"><span class=\"vc_sep_line\"><\/span><\/span>\n<\/div><\/div><\/div><\/div><\/div><div id=\"contacto\" class=\"vc_row wpb_row vc_row-fluid bg-image-ps-inherit\"><div class=\"wpb_column vc_column_container vc_col-sm-12\"><div class=\"vc_column-inner\"><div class=\"wpb_wrapper\"><div class=\"vc_empty_space\"   style=\"height: 32px\"><span class=\"vc_empty_space_inner\"><\/span><\/div><\/div><\/div><\/div><\/div>\n<\/div>","protected":false},"excerpt":{"rendered":"Primera Reuni\u00f3n Bienal de la Red de Restauraci\u00f3n del SAM - Akumal 2017 Akumal septiembre 2017 La Red de Restauraci\u00f3n de Arrecifes es una comunidad incipiente de investigadores y organizaciones comprometidos en los cuatro pa\u00edses. Oceanus fue la organizaci\u00f3n l\u00edder en la creaci\u00f3n de la Red y una reuni\u00f3n inicial en 2012. En 2017, con [...]","protected":false},"author":1,"featured_media":0,"parent":0,"menu_order":0,"comment_status":"closed","ping_status":"closed","template":"","meta":{"footnotes":""},"class_list":["post-2497","page","type-page","status-publish","hentry"],"aioseo_notices":[],"_links":{"self":[{"href":"https:\/\/coralmar.org\/en\/wp-json\/wp\/v2\/pages\/2497","targetHints":{"allow":["GET"]}}],"collection":[{"href":"https:\/\/coralmar.org\/en\/wp-json\/wp\/v2\/pages"}],"about":[{"href":"https:\/\/coralmar.org\/en\/wp-json\/wp\/v2\/types\/page"}],"author":[{"embeddable":true,"href":"https:\/\/coralmar.org\/en\/wp-json\/wp\/v2\/users\/1"}],"replies":[{"embeddable":true,"href":"https:\/\/coralmar.org\/en\/wp-json\/wp\/v2\/comments?post=2497"}],"version-history":[{"count":9,"href":"https:\/\/coralmar.org\/en\/wp-json\/wp\/v2\/pages\/2497\/revisions"}],"predecessor-version":[{"id":2532,"href":"https:\/\/coralmar.org\/en\/wp-json\/wp\/v2\/pages\/2497\/revisions\/2532"}],"wp:attachment":[{"href":"https:\/\/coralmar.org\/en\/wp-json\/wp\/v2\/media?parent=2497"}],"curies":[{"name":"wp","href":"https:\/\/api.w.org\/{rel}","templated":true}]}}