{"id":2529,"date":"2022-04-28T11:10:52","date_gmt":"2022-04-28T17:10:52","guid":{"rendered":"https:\/\/coralmar.org\/?page_id=2529"},"modified":"2022-04-28T12:47:27","modified_gmt":"2022-04-28T18:47:27","slug":"reunion-bienal-2019","status":"publish","type":"page","link":"https:\/\/coralmar.org\/en\/reunion-bienal-2019\/","title":{"rendered":""},"content":{"rendered":"<div class=\"wpb-content-wrapper\"><div data-vc-full-width=\"true\" data-vc-full-width-temp=\"true\" data-vc-full-width-init=\"false\" data-vc-parallax=\"2.5\" data-vc-parallax-o-fade=\"on\" data-vc-parallax-image=\"https:\/\/coralmar.org\/wp-content\/uploads\/2021\/12\/ana-giro-hri-05.jpg\" class=\"vc_row wpb_row vc_row-fluid vc_custom_1638405990616 vc_row-has-fill vc_general vc_parallax vc_parallax-content-moving-fade js-vc_parallax-o-fade row-overlay bg-image-ps-inherit\"><div class=\"wpb_column vc_column_container vc_col-sm-12\"><div class=\"vc_column-inner\"><div class=\"wpb_wrapper\"><div id=\"ct-heading\" class=\"ct-heading align-center align-center-md align-center-sm align-center-xs \">\n            <style type=\"text\/css\">\n            @media (min-width: 991px) and (max-width: 1200px) {\n                #ct-heading .ct-heading-tag {\n                                            font-size: 25px !important;\n                                                        }\n            }\n        <\/style>\n    \n            <style type=\"text\/css\">\n            @media (min-width: 768px) and (max-width: 991px) {\n                #ct-heading .ct-heading-tag {\n                                            font-size: 18px !important;\n                                                        }\n            }\n        <\/style>\n    \n            <style type=\"text\/css\">\n            @media screen and (max-width: 767px) {\n                #ct-heading .ct-heading-tag {\n                                            font-size: 32px !important;\n                                                        }\n            }\n        <\/style>\n                    <div class=\"ct-heading-sub sub- style1\" style=\"color:#ffffff;font-size:35px;font-weight:800;\">\n            <span style=\"background-color:#ffffff;\"><\/span>\n            Segunda Reuni\u00f3n Bienal de la Red de Restauraci\u00f3n del SAM - Belice 2019                    <\/div>\n        <h1 class=\"ct-heading-tag typing-style1\" style=\"margin-top:10px;margin-bottom:10px;color:#ffffff;font-size:45px;text-transform:uppercase;font-weight:800; \">\n            <\/h1>\n            <div class=\"h-gap\"><i ><\/i><\/div>\n        <\/div><\/div><\/div><\/div><\/div><div class=\"vc_row-full-width vc_clearfix\"><\/div><div class=\"vc_row wpb_row vc_row-fluid bg-image-ps-inherit\"><div class=\"wpb_column vc_column_container vc_col-sm-1\"><div class=\"vc_column-inner\"><div class=\"wpb_wrapper\"><div class=\"vc_separator wpb_content_element vc_separator_align_center vc_sep_width_100 vc_sep_pos_align_center vc_separator_no_text vc_sep_color_grey wpb_content_element  wpb_content_element\" ><span class=\"vc_sep_holder vc_sep_holder_l\"><span class=\"vc_sep_line\"><\/span><\/span><span class=\"vc_sep_holder vc_sep_holder_r\"><span class=\"vc_sep_line\"><\/span><\/span>\n<\/div><\/div><\/div><\/div><div class=\"wpb_column vc_column_container vc_col-sm-10\"><div class=\"vc_column-inner\"><div class=\"wpb_wrapper\"><div class=\"vc_empty_space\"   style=\"height: 32px\"><span class=\"vc_empty_space_inner\"><\/span><\/div><h2 style=\"font-size: 28px;text-align: left;font-family:Roboto Slab;font-weight:700;font-style:normal\" class=\"vc_custom_heading vc_do_custom_heading\" >Belice octubre 2019<\/h2>\n\t<div class=\"wpb_text_column wpb_content_element\" >\n\t\t<div class=\"wpb_wrapper\">\n\t\t\t<p>La reuni\u00f3n se llev\u00f3 a cabo en la ciudad de Belice los d\u00edas 9 y 10 de Octubre de 2019, con la bienvenida de Zoe Walker como Presentadora, Alicia Eck-Nunez del departamento de Pesca de Belice, la Dra. Anastazia Banaszak como presidenta del Comit\u00e9 Ejecutivo 2017-2019 y Claudia Ruiz de Mar Fund, quien proporcion\u00f3 la lectura de la agenda del d\u00eda y los objetivos de la reuni\u00f3n.<\/p>\n<p>Durante esta reuni\u00f3n se presentaron los diferentes proyectos de restauraci\u00f3n, instalaci\u00f3n y manejo de viveros de coral dentro de los cuatro pa\u00edses que conforman al Sistema Arrecifal Mesoamericano, de igual manera se unieron a esta bienal, pa\u00edses como Rep\u00fablica Dominicana y Estados Unidos para compartir sus experiencias con las t\u00e9cnicas de restauraci\u00f3n, manejo de viveros y prevenci\u00f3n y tratamientos contra la enfermedad del s\u00edndrome blanco.<\/p>\n<p>Los resultados obtenidos en base a los objetivos fueron: la elecci\u00f3n del Comit\u00e9 Ejecutivo 2019-2021, la aprobaci\u00f3n del Plan Estrat\u00e9gico y de los Estatutos para el fortalecimiento de la RR-SAM y nuevas ideas para el desarrollo e implementaci\u00f3n del Plan Regional de Restauraci\u00f3n del SAM.<\/p>\n\n\t\t<\/div>\n\t<\/div>\n<\/div><\/div><\/div><div class=\"wpb_column vc_column_container vc_col-sm-1\"><div class=\"vc_column-inner\"><div class=\"wpb_wrapper\"><\/div><\/div><\/div><\/div><div class=\"vc_row wpb_row vc_row-fluid row-boxshadow-top bg-image-ps-inherit\"><div class=\"wpb_column vc_column_container vc_col-sm-1\"><div class=\"vc_column-inner\"><div class=\"wpb_wrapper\"><\/div><\/div><\/div><div class=\"wpb_column vc_column_container vc_col-sm-10\"><div class=\"vc_column-inner\"><div class=\"wpb_wrapper\"><div class=\"vc_tta-container\" data-vc-action=\"collapseAll\"><div class=\"vc_general vc_tta vc_tta-accordion vc_tta-style-default vc_tta-o-shape-group vc_tta-o-all-clickable wpb_animate_when_almost_visible wpb_bounceIn bounceIn\"><div class=\"vc_tta-panels-container\"><div class=\"vc_tta-panels\"><div class=\"vc_tta-panel\" id=\"AgendaAkumal2017\" data-vc-content=\".vc_tta-panel-body\"><div class=\"vc_tta-panel-heading\"><h4 class=\"vc_tta-panel-title\"><a href=\"#AgendaAkumal2017\" data-vc-accordion data-vc-container=\".vc_tta-container\"><i class=\"vc_tta-icon fas fa-plus\"><\/i><span class=\"vc_tta-title-text\">Agenda Reuni\u00f3n Bienal<\/span><\/a><\/h4><\/div><div class=\"vc_tta-panel-body\">\n\t<div class=\"wpb_text_column wpb_content_element\" >\n\t\t<div class=\"wpb_wrapper\">\n\t\t\t<p style=\"padding-left: 5px;\"><a href=\"https:\/\/coralmar.org\/wp-content\/uploads\/2022\/04\/agenda-del-dia-reunion-bienal-2019.pdf\" target=\"_blank\" rel=\"noopener noreferrer\"><img loading=\"lazy\" decoding=\"async\" class=\"alignright wp-image-429 size-full\" src=\"https:\/\/marfund.org\/en\/wp-content\/uploads\/2020\/12\/pdf.png\" alt=\"\" width=\"24\" height=\"24\" \/><\/a>Agenda Bienal Red de Restauraci\u00f3n Belice 2019<\/p>\n\n\t\t<\/div>\n\t<\/div>\n<\/div><\/div><div class=\"vc_tta-panel\" id=\"ListaInvitados\" data-vc-content=\".vc_tta-panel-body\"><div class=\"vc_tta-panel-heading\"><h4 class=\"vc_tta-panel-title\"><a href=\"#ListaInvitados\" data-vc-accordion data-vc-container=\".vc_tta-container\"><i class=\"vc_tta-icon fas fa-plus\"><\/i><span class=\"vc_tta-title-text\">Lista de Invitados<\/span><\/a><\/h4><\/div><div class=\"vc_tta-panel-body\">\n\t<div class=\"wpb_text_column wpb_content_element\" >\n\t\t<div class=\"wpb_wrapper\">\n\t\t\t<p style=\"padding-left: 5px;\"><a href=\"https:\/\/coralmar.org\/wp-content\/uploads\/2022\/04\/lista-invitados-reunion-bienal-2019.pdf\" target=\"_blank\" rel=\"noopener noreferrer\"><img loading=\"lazy\" decoding=\"async\" class=\"alignright wp-image-429 size-full\" src=\"https:\/\/marfund.org\/en\/wp-content\/uploads\/2020\/12\/pdf.png\" alt=\"\" width=\"24\" height=\"24\" \/><\/a>Lista de invitados<\/p>\n\n\t\t<\/div>\n\t<\/div>\n<\/div><\/div><div class=\"vc_tta-panel\" id=\"MemoriaAcuerdos\" data-vc-content=\".vc_tta-panel-body\"><div class=\"vc_tta-panel-heading\"><h4 class=\"vc_tta-panel-title\"><a href=\"#MemoriaAcuerdos\" data-vc-accordion data-vc-container=\".vc_tta-container\"><i class=\"vc_tta-icon fas fa-plus\"><\/i><span class=\"vc_tta-title-text\">Minuta y Memoria de Acuerdos<\/span><\/a><\/h4><\/div><div class=\"vc_tta-panel-body\">\n\t<div class=\"wpb_text_column wpb_content_element\" >\n\t\t<div class=\"wpb_wrapper\">\n\t\t\t<p style=\"padding-left: 5px;\"><a href=\"https:\/\/coralmar.org\/wp-content\/uploads\/2022\/04\/minuta-reunion-bienal-2019.pdf\" target=\"_blank\" rel=\"noopener noreferrer\"><img loading=\"lazy\" decoding=\"async\" class=\"alignright wp-image-429 size-full\" src=\"https:\/\/marfund.org\/en\/wp-content\/uploads\/2020\/12\/pdf.png\" alt=\"\" width=\"24\" height=\"24\" \/><\/a>Memoria de los Acuerdos Reuni\u00f3n Bienal 2019<\/p>\n\n\t\t<\/div>\n\t<\/div>\n<\/div><\/div><div class=\"vc_tta-panel\" id=\"GaleriaFotos\" data-vc-content=\".vc_tta-panel-body\"><div class=\"vc_tta-panel-heading\"><h4 class=\"vc_tta-panel-title\"><a href=\"#GaleriaFotos\" data-vc-accordion data-vc-container=\".vc_tta-container\"><i class=\"vc_tta-icon fas fa-plus\"><\/i><span class=\"vc_tta-title-text\">Galer\u00eda de Fotos<\/span><\/a><\/h4><\/div><div class=\"vc_tta-panel-body\"><div class=\"wpb_gallery wpb_content_element vc_clearfix wpb_content_element\" ><div class=\"wpb_wrapper\"><div class=\"wpb_gallery_slides wpb_flexslider flexslider_fade flexslider\" data-interval=\"3\" data-flex_fx=\"fade\"><ul class=\"slides\"><li><a class=\"\" href=\"https:\/\/coralmar.org\/wp-content\/uploads\/2022\/04\/galeria-fotos-bienal-2019-07-980x340.jpg\" data-lightbox=\"lightbox[rel-2529-1013379450]\"><img loading=\"lazy\" decoding=\"async\" width=\"1500\" height=\"1000\" src=\"https:\/\/coralmar.org\/wp-content\/uploads\/2022\/04\/galeria-fotos-bienal-2019-07.jpg\" class=\"attachment-full\" alt=\"\" title=\"galeria-fotos-bienal-2019-07\" srcset=\"https:\/\/coralmar.org\/wp-content\/uploads\/2022\/04\/galeria-fotos-bienal-2019-07.jpg 1500w, https:\/\/coralmar.org\/wp-content\/uploads\/2022\/04\/galeria-fotos-bienal-2019-07-768x512.jpg 768w, https:\/\/coralmar.org\/wp-content\/uploads\/2022\/04\/galeria-fotos-bienal-2019-07-18x12.jpg 18w\" sizes=\"auto, (max-width: 1500px) 100vw, 1500px\" \/><\/a><\/li><li><a class=\"\" href=\"https:\/\/coralmar.org\/wp-content\/uploads\/2022\/04\/galeria-fotos-bienal-2019-02-980x340.jpg\" data-lightbox=\"lightbox[rel-2529-1013379450]\"><img loading=\"lazy\" decoding=\"async\" width=\"1499\" height=\"999\" src=\"https:\/\/coralmar.org\/wp-content\/uploads\/2022\/04\/galeria-fotos-bienal-2019-02.jpg\" class=\"attachment-full\" alt=\"\" title=\"galeria-fotos-bienal-2019-02\" srcset=\"https:\/\/coralmar.org\/wp-content\/uploads\/2022\/04\/galeria-fotos-bienal-2019-02.jpg 1499w, https:\/\/coralmar.org\/wp-content\/uploads\/2022\/04\/galeria-fotos-bienal-2019-02-768x512.jpg 768w, https:\/\/coralmar.org\/wp-content\/uploads\/2022\/04\/galeria-fotos-bienal-2019-02-18x12.jpg 18w\" sizes=\"auto, (max-width: 1499px) 100vw, 1499px\" \/><\/a><\/li><li><a class=\"\" href=\"https:\/\/coralmar.org\/wp-content\/uploads\/2022\/04\/galeria-fotos-bienal-2019-12-980x340.jpg\" data-lightbox=\"lightbox[rel-2529-1013379450]\"><img loading=\"lazy\" decoding=\"async\" width=\"1500\" height=\"1000\" src=\"https:\/\/coralmar.org\/wp-content\/uploads\/2022\/04\/galeria-fotos-bienal-2019-12.jpg\" class=\"attachment-full\" alt=\"\" title=\"galeria-fotos-bienal-2019-12\" srcset=\"https:\/\/coralmar.org\/wp-content\/uploads\/2022\/04\/galeria-fotos-bienal-2019-12.jpg 1500w, https:\/\/coralmar.org\/wp-content\/uploads\/2022\/04\/galeria-fotos-bienal-2019-12-768x512.jpg 768w, https:\/\/coralmar.org\/wp-content\/uploads\/2022\/04\/galeria-fotos-bienal-2019-12-18x12.jpg 18w\" sizes=\"auto, (max-width: 1500px) 100vw, 1500px\" \/><\/a><\/li><li><a class=\"\" href=\"https:\/\/coralmar.org\/wp-content\/uploads\/2022\/04\/galeria-fotos-bienal-2019-13-980x340.jpg\" data-lightbox=\"lightbox[rel-2529-1013379450]\"><img loading=\"lazy\" decoding=\"async\" width=\"1499\" height=\"999\" src=\"https:\/\/coralmar.org\/wp-content\/uploads\/2022\/04\/galeria-fotos-bienal-2019-13.jpg\" class=\"attachment-full\" alt=\"\" title=\"galeria-fotos-bienal-2019-13\" srcset=\"https:\/\/coralmar.org\/wp-content\/uploads\/2022\/04\/galeria-fotos-bienal-2019-13.jpg 1499w, https:\/\/coralmar.org\/wp-content\/uploads\/2022\/04\/galeria-fotos-bienal-2019-13-768x512.jpg 768w, https:\/\/coralmar.org\/wp-content\/uploads\/2022\/04\/galeria-fotos-bienal-2019-13-18x12.jpg 18w\" sizes=\"auto, (max-width: 1499px) 100vw, 1499px\" \/><\/a><\/li><li><a class=\"\" href=\"https:\/\/coralmar.org\/wp-content\/uploads\/2022\/04\/galeria-fotos-bienal-2019-14-980x340.jpg\" data-lightbox=\"lightbox[rel-2529-1013379450]\"><img loading=\"lazy\" decoding=\"async\" width=\"1499\" height=\"999\" src=\"https:\/\/coralmar.org\/wp-content\/uploads\/2022\/04\/galeria-fotos-bienal-2019-14.jpg\" class=\"attachment-full\" alt=\"\" title=\"galeria-fotos-bienal-2019-14\" srcset=\"https:\/\/coralmar.org\/wp-content\/uploads\/2022\/04\/galeria-fotos-bienal-2019-14.jpg 1499w, https:\/\/coralmar.org\/wp-content\/uploads\/2022\/04\/galeria-fotos-bienal-2019-14-768x512.jpg 768w, https:\/\/coralmar.org\/wp-content\/uploads\/2022\/04\/galeria-fotos-bienal-2019-14-18x12.jpg 18w\" sizes=\"auto, (max-width: 1499px) 100vw, 1499px\" \/><\/a><\/li><li><a class=\"\" href=\"https:\/\/coralmar.org\/wp-content\/uploads\/2022\/04\/galeria-fotos-bienal-2019-15-980x340.jpg\" data-lightbox=\"lightbox[rel-2529-1013379450]\"><img loading=\"lazy\" decoding=\"async\" width=\"1499\" height=\"999\" src=\"https:\/\/coralmar.org\/wp-content\/uploads\/2022\/04\/galeria-fotos-bienal-2019-15.jpg\" class=\"attachment-full\" alt=\"\" title=\"galeria-fotos-bienal-2019-15\" srcset=\"https:\/\/coralmar.org\/wp-content\/uploads\/2022\/04\/galeria-fotos-bienal-2019-15.jpg 1499w, https:\/\/coralmar.org\/wp-content\/uploads\/2022\/04\/galeria-fotos-bienal-2019-15-768x512.jpg 768w, https:\/\/coralmar.org\/wp-content\/uploads\/2022\/04\/galeria-fotos-bienal-2019-15-18x12.jpg 18w\" sizes=\"auto, (max-width: 1499px) 100vw, 1499px\" \/><\/a><\/li><li><a class=\"\" href=\"https:\/\/coralmar.org\/wp-content\/uploads\/2022\/04\/galeria-fotos-bienal-2019-16-980x340.jpg\" data-lightbox=\"lightbox[rel-2529-1013379450]\"><img loading=\"lazy\" decoding=\"async\" width=\"1499\" height=\"999\" src=\"https:\/\/coralmar.org\/wp-content\/uploads\/2022\/04\/galeria-fotos-bienal-2019-16.jpg\" class=\"attachment-full\" alt=\"\" title=\"galeria-fotos-bienal-2019-16\" srcset=\"https:\/\/coralmar.org\/wp-content\/uploads\/2022\/04\/galeria-fotos-bienal-2019-16.jpg 1499w, https:\/\/coralmar.org\/wp-content\/uploads\/2022\/04\/galeria-fotos-bienal-2019-16-768x512.jpg 768w, https:\/\/coralmar.org\/wp-content\/uploads\/2022\/04\/galeria-fotos-bienal-2019-16-18x12.jpg 18w\" sizes=\"auto, (max-width: 1499px) 100vw, 1499px\" \/><\/a><\/li><li><a class=\"\" href=\"https:\/\/coralmar.org\/wp-content\/uploads\/2022\/04\/galeria-fotos-bienal-2019-01-980x340.jpg\" data-lightbox=\"lightbox[rel-2529-1013379450]\"><img loading=\"lazy\" decoding=\"async\" width=\"2048\" height=\"1365\" src=\"https:\/\/coralmar.org\/wp-content\/uploads\/2022\/04\/galeria-fotos-bienal-2019-01.jpg\" class=\"attachment-full\" alt=\"\" title=\"galeria-fotos-bienal-2019-01\" srcset=\"https:\/\/coralmar.org\/wp-content\/uploads\/2022\/04\/galeria-fotos-bienal-2019-01.jpg 2048w, https:\/\/coralmar.org\/wp-content\/uploads\/2022\/04\/galeria-fotos-bienal-2019-01-768x512.jpg 768w, https:\/\/coralmar.org\/wp-content\/uploads\/2022\/04\/galeria-fotos-bienal-2019-01-1536x1024.jpg 1536w, https:\/\/coralmar.org\/wp-content\/uploads\/2022\/04\/galeria-fotos-bienal-2019-01-18x12.jpg 18w\" sizes=\"auto, (max-width: 2048px) 100vw, 2048px\" \/><\/a><\/li><li><a class=\"\" href=\"https:\/\/coralmar.org\/wp-content\/uploads\/2022\/04\/galeria-fotos-bienal-2019-03-980x340.jpg\" data-lightbox=\"lightbox[rel-2529-1013379450]\"><img loading=\"lazy\" decoding=\"async\" width=\"1499\" height=\"999\" src=\"https:\/\/coralmar.org\/wp-content\/uploads\/2022\/04\/galeria-fotos-bienal-2019-03.jpg\" class=\"attachment-full\" alt=\"\" title=\"galeria-fotos-bienal-2019-03\" srcset=\"https:\/\/coralmar.org\/wp-content\/uploads\/2022\/04\/galeria-fotos-bienal-2019-03.jpg 1499w, https:\/\/coralmar.org\/wp-content\/uploads\/2022\/04\/galeria-fotos-bienal-2019-03-768x512.jpg 768w, https:\/\/coralmar.org\/wp-content\/uploads\/2022\/04\/galeria-fotos-bienal-2019-03-18x12.jpg 18w\" sizes=\"auto, (max-width: 1499px) 100vw, 1499px\" \/><\/a><\/li><li><a class=\"\" href=\"https:\/\/coralmar.org\/wp-content\/uploads\/2022\/04\/galeria-fotos-bienal-2019-04-980x340.jpg\" data-lightbox=\"lightbox[rel-2529-1013379450]\"><img loading=\"lazy\" decoding=\"async\" width=\"1499\" height=\"999\" src=\"https:\/\/coralmar.org\/wp-content\/uploads\/2022\/04\/galeria-fotos-bienal-2019-04.jpg\" class=\"attachment-full\" alt=\"\" title=\"galeria-fotos-bienal-2019-04\" srcset=\"https:\/\/coralmar.org\/wp-content\/uploads\/2022\/04\/galeria-fotos-bienal-2019-04.jpg 1499w, https:\/\/coralmar.org\/wp-content\/uploads\/2022\/04\/galeria-fotos-bienal-2019-04-768x512.jpg 768w, https:\/\/coralmar.org\/wp-content\/uploads\/2022\/04\/galeria-fotos-bienal-2019-04-18x12.jpg 18w\" sizes=\"auto, (max-width: 1499px) 100vw, 1499px\" \/><\/a><\/li><li><a class=\"\" href=\"https:\/\/coralmar.org\/wp-content\/uploads\/2022\/04\/galeria-fotos-bienal-2019-05-980x340.jpg\" data-lightbox=\"lightbox[rel-2529-1013379450]\"><img loading=\"lazy\" decoding=\"async\" width=\"1499\" height=\"999\" src=\"https:\/\/coralmar.org\/wp-content\/uploads\/2022\/04\/galeria-fotos-bienal-2019-05.jpg\" class=\"attachment-full\" alt=\"\" title=\"galeria-fotos-bienal-2019-05\" srcset=\"https:\/\/coralmar.org\/wp-content\/uploads\/2022\/04\/galeria-fotos-bienal-2019-05.jpg 1499w, https:\/\/coralmar.org\/wp-content\/uploads\/2022\/04\/galeria-fotos-bienal-2019-05-768x512.jpg 768w, https:\/\/coralmar.org\/wp-content\/uploads\/2022\/04\/galeria-fotos-bienal-2019-05-18x12.jpg 18w\" sizes=\"auto, (max-width: 1499px) 100vw, 1499px\" \/><\/a><\/li><li><a class=\"\" href=\"https:\/\/coralmar.org\/wp-content\/uploads\/2022\/04\/galeria-fotos-bienal-2019-06-980x340.jpg\" data-lightbox=\"lightbox[rel-2529-1013379450]\"><img loading=\"lazy\" decoding=\"async\" width=\"1499\" height=\"999\" src=\"https:\/\/coralmar.org\/wp-content\/uploads\/2022\/04\/galeria-fotos-bienal-2019-06.jpg\" class=\"attachment-full\" alt=\"\" title=\"galeria-fotos-bienal-2019-06\" srcset=\"https:\/\/coralmar.org\/wp-content\/uploads\/2022\/04\/galeria-fotos-bienal-2019-06.jpg 1499w, https:\/\/coralmar.org\/wp-content\/uploads\/2022\/04\/galeria-fotos-bienal-2019-06-768x512.jpg 768w, https:\/\/coralmar.org\/wp-content\/uploads\/2022\/04\/galeria-fotos-bienal-2019-06-18x12.jpg 18w\" sizes=\"auto, (max-width: 1499px) 100vw, 1499px\" \/><\/a><\/li><li><a class=\"\" href=\"https:\/\/coralmar.org\/wp-content\/uploads\/2022\/04\/galeria-fotos-bienal-2019-08-980x340.jpg\" data-lightbox=\"lightbox[rel-2529-1013379450]\"><img loading=\"lazy\" decoding=\"async\" width=\"1499\" height=\"999\" src=\"https:\/\/coralmar.org\/wp-content\/uploads\/2022\/04\/galeria-fotos-bienal-2019-08.jpg\" class=\"attachment-full\" alt=\"\" title=\"galeria-fotos-bienal-2019-08\" srcset=\"https:\/\/coralmar.org\/wp-content\/uploads\/2022\/04\/galeria-fotos-bienal-2019-08.jpg 1499w, https:\/\/coralmar.org\/wp-content\/uploads\/2022\/04\/galeria-fotos-bienal-2019-08-768x512.jpg 768w, https:\/\/coralmar.org\/wp-content\/uploads\/2022\/04\/galeria-fotos-bienal-2019-08-18x12.jpg 18w\" sizes=\"auto, (max-width: 1499px) 100vw, 1499px\" \/><\/a><\/li><li><a class=\"\" href=\"https:\/\/coralmar.org\/wp-content\/uploads\/2022\/04\/galeria-fotos-bienal-2019-09-980x340.jpg\" data-lightbox=\"lightbox[rel-2529-1013379450]\"><img loading=\"lazy\" decoding=\"async\" width=\"2048\" height=\"1365\" src=\"https:\/\/coralmar.org\/wp-content\/uploads\/2022\/04\/galeria-fotos-bienal-2019-09.jpg\" class=\"attachment-full\" alt=\"\" title=\"galeria-fotos-bienal-2019-09\" srcset=\"https:\/\/coralmar.org\/wp-content\/uploads\/2022\/04\/galeria-fotos-bienal-2019-09.jpg 2048w, https:\/\/coralmar.org\/wp-content\/uploads\/2022\/04\/galeria-fotos-bienal-2019-09-768x512.jpg 768w, https:\/\/coralmar.org\/wp-content\/uploads\/2022\/04\/galeria-fotos-bienal-2019-09-1536x1024.jpg 1536w, https:\/\/coralmar.org\/wp-content\/uploads\/2022\/04\/galeria-fotos-bienal-2019-09-18x12.jpg 18w\" sizes=\"auto, (max-width: 2048px) 100vw, 2048px\" \/><\/a><\/li><li><a class=\"\" href=\"https:\/\/coralmar.org\/wp-content\/uploads\/2022\/04\/galeria-fotos-bienal-2019-10-980x340.jpg\" data-lightbox=\"lightbox[rel-2529-1013379450]\"><img loading=\"lazy\" decoding=\"async\" width=\"1499\" height=\"999\" src=\"https:\/\/coralmar.org\/wp-content\/uploads\/2022\/04\/galeria-fotos-bienal-2019-10.jpg\" class=\"attachment-full\" alt=\"\" title=\"galeria-fotos-bienal-2019-10\" srcset=\"https:\/\/coralmar.org\/wp-content\/uploads\/2022\/04\/galeria-fotos-bienal-2019-10.jpg 1499w, https:\/\/coralmar.org\/wp-content\/uploads\/2022\/04\/galeria-fotos-bienal-2019-10-768x512.jpg 768w, https:\/\/coralmar.org\/wp-content\/uploads\/2022\/04\/galeria-fotos-bienal-2019-10-18x12.jpg 18w\" sizes=\"auto, (max-width: 1499px) 100vw, 1499px\" \/><\/a><\/li><li><a class=\"\" href=\"https:\/\/coralmar.org\/wp-content\/uploads\/2022\/04\/galeria-fotos-bienal-2019-11-980x340.jpg\" data-lightbox=\"lightbox[rel-2529-1013379450]\"><img loading=\"lazy\" decoding=\"async\" width=\"1499\" height=\"999\" src=\"https:\/\/coralmar.org\/wp-content\/uploads\/2022\/04\/galeria-fotos-bienal-2019-11.jpg\" class=\"attachment-full\" alt=\"\" title=\"galeria-fotos-bienal-2019-11\" srcset=\"https:\/\/coralmar.org\/wp-content\/uploads\/2022\/04\/galeria-fotos-bienal-2019-11.jpg 1499w, https:\/\/coralmar.org\/wp-content\/uploads\/2022\/04\/galeria-fotos-bienal-2019-11-768x512.jpg 768w, https:\/\/coralmar.org\/wp-content\/uploads\/2022\/04\/galeria-fotos-bienal-2019-11-18x12.jpg 18w\" sizes=\"auto, (max-width: 1499px) 100vw, 1499px\" \/><\/a><\/li><\/ul><\/div><\/div><\/div><\/div><\/div><\/div><\/div><\/div><\/div><\/div><\/div><\/div><div class=\"wpb_column vc_column_container vc_col-sm-1\"><div class=\"vc_column-inner\"><div class=\"wpb_wrapper\"><\/div><\/div><\/div><\/div><div class=\"vc_row wpb_row vc_row-fluid bg-image-ps-inherit\"><div class=\"wpb_column vc_column_container vc_col-sm-12\"><div class=\"vc_column-inner\"><div class=\"wpb_wrapper\"><div class=\"vc_empty_space\"   style=\"height: 42px\"><span class=\"vc_empty_space_inner\"><\/span><\/div><div class=\"vc_separator wpb_content_element vc_separator_align_center vc_sep_width_100 vc_sep_pos_align_center vc_separator_no_text vc_sep_color_grey wpb_content_element  wpb_content_element\" ><span class=\"vc_sep_holder vc_sep_holder_l\"><span class=\"vc_sep_line\"><\/span><\/span><span class=\"vc_sep_holder vc_sep_holder_r\"><span class=\"vc_sep_line\"><\/span><\/span>\n<\/div><\/div><\/div><\/div><\/div><div id=\"contacto\" class=\"vc_row wpb_row vc_row-fluid bg-image-ps-inherit\"><div class=\"wpb_column vc_column_container vc_col-sm-12\"><div class=\"vc_column-inner\"><div class=\"wpb_wrapper\"><div class=\"vc_empty_space\"   style=\"height: 32px\"><span class=\"vc_empty_space_inner\"><\/span><\/div><\/div><\/div><\/div><\/div>\n<\/div>","protected":false},"excerpt":{"rendered":"Segunda Reuni\u00f3n Bienal de la Red de Restauraci\u00f3n del SAM - Belice 2019 Belice octubre 2019 La reuni\u00f3n se llev\u00f3 a cabo en la ciudad de Belice los d\u00edas 9 y 10 de Octubre de 2019, con la bienvenida de Zoe Walker como Presentadora, Alicia Eck-Nunez del departamento de Pesca de Belice, la Dra. Anastazia [...]","protected":false},"author":1,"featured_media":0,"parent":0,"menu_order":0,"comment_status":"closed","ping_status":"closed","template":"","meta":{"footnotes":""},"class_list":["post-2529","page","type-page","status-publish","hentry"],"aioseo_notices":[],"_links":{"self":[{"href":"https:\/\/coralmar.org\/en\/wp-json\/wp\/v2\/pages\/2529","targetHints":{"allow":["GET"]}}],"collection":[{"href":"https:\/\/coralmar.org\/en\/wp-json\/wp\/v2\/pages"}],"about":[{"href":"https:\/\/coralmar.org\/en\/wp-json\/wp\/v2\/types\/page"}],"author":[{"embeddable":true,"href":"https:\/\/coralmar.org\/en\/wp-json\/wp\/v2\/users\/1"}],"replies":[{"embeddable":true,"href":"https:\/\/coralmar.org\/en\/wp-json\/wp\/v2\/comments?post=2529"}],"version-history":[{"count":7,"href":"https:\/\/coralmar.org\/en\/wp-json\/wp\/v2\/pages\/2529\/revisions"}],"predecessor-version":[{"id":2558,"href":"https:\/\/coralmar.org\/en\/wp-json\/wp\/v2\/pages\/2529\/revisions\/2558"}],"wp:attachment":[{"href":"https:\/\/coralmar.org\/en\/wp-json\/wp\/v2\/media?parent=2529"}],"curies":[{"name":"wp","href":"https:\/\/api.w.org\/{rel}","templated":true}]}}