{"id":2692,"date":"2022-05-19T09:08:38","date_gmt":"2022-05-19T15:08:38","guid":{"rendered":"https:\/\/coralmar.org\/?page_id=2692"},"modified":"2026-02-27T14:36:26","modified_gmt":"2026-02-27T20:36:26","slug":"oportunidades-laborales","status":"publish","type":"page","link":"https:\/\/coralmar.org\/en\/oportunidades-laborales\/","title":{"rendered":""},"content":{"rendered":"<div class=\"wpb-content-wrapper\"><div data-vc-full-width=\"true\" data-vc-full-width-temp=\"true\" data-vc-full-width-init=\"false\" data-vc-parallax=\"2.5\" data-vc-parallax-o-fade=\"on\" data-vc-parallax-image=\"https:\/\/coralmar.org\/wp-content\/uploads\/2021\/12\/ana-giro-hri-05.jpg\" class=\"vc_row wpb_row vc_row-fluid vc_custom_1638405990616 vc_row-has-fill vc_general vc_parallax vc_parallax-content-moving-fade js-vc_parallax-o-fade row-overlay bg-image-ps-inherit\"><div class=\"wpb_column vc_column_container vc_col-sm-12\"><div class=\"vc_column-inner\"><div class=\"wpb_wrapper\"><div id=\"ct-heading\" class=\"ct-heading align-center align-center-md align-center-sm align-center-xs\">\n            <style type=\"text\/css\">\n            @media (min-width: 991px) and (max-width: 1200px) {\n                #ct-heading .ct-heading-tag {\n                                            font-size: 25px !important;\n                                                        }\n            }\n        <\/style>\n    \n            <style type=\"text\/css\">\n            @media (min-width: 768px) and (max-width: 991px) {\n                #ct-heading .ct-heading-tag {\n                                            font-size: 18px !important;\n                                                        }\n            }\n        <\/style>\n    \n            <style type=\"text\/css\">\n            @media screen and (max-width: 767px) {\n                #ct-heading .ct-heading-tag {\n                                            font-size: 32px !important;\n                                                        }\n            }\n        <\/style>\n                    <div class=\"ct-heading-sub sub- style1\" style=\"color:#ffffff;font-size:35px;font-weight:800;\">\n            <span style=\"background-color:#ffffff;\"><\/span>\n            Job Opportunities                    <\/div>\n        <h1 class=\"ct-heading-tag typing-style1\" style=\"margin-top:10px;margin-bottom:10px;color:#ffffff;font-size:45px;text-transform:uppercase;font-weight:800; \">\n            <\/h1>\n            <div class=\"h-gap\"><i ><\/i><\/div>\n        <\/div><\/div><\/div><\/div><\/div><div class=\"vc_row-full-width vc_clearfix\"><\/div><div class=\"vc_row wpb_row vc_row-fluid bg-image-ps-inherit\"><div class=\"wpb_column vc_column_container vc_col-sm-12\"><div class=\"vc_column-inner\"><div class=\"wpb_wrapper\"><div class=\"vc_empty_space\"   style=\"height: 42px\"><span class=\"vc_empty_space_inner\"><\/span><\/div><div class=\"vc_separator wpb_content_element vc_separator_align_center vc_sep_width_100 vc_sep_pos_align_center vc_separator_no_text vc_sep_color_grey wpb_content_element  wpb_content_element\" ><span class=\"vc_sep_holder vc_sep_holder_l\"><span class=\"vc_sep_line\"><\/span><\/span><span class=\"vc_sep_holder vc_sep_holder_r\"><span class=\"vc_sep_line\"><\/span><\/span>\n<\/div><h1 style=\"font-size: 34px;text-align: left;font-family:Roboto;font-weight:700;font-style:normal\" class=\"vc_custom_heading vc_do_custom_heading\" >Job Opportunities<\/h1><\/div><\/div><\/div><\/div><div class=\"vc_row wpb_row vc_row-fluid bg-image-ps-inherit\"><div class=\"wpb_column vc_column_container vc_col-sm-12\"><div class=\"vc_column-inner\"><div class=\"wpb_wrapper\"><div class=\"vc_empty_space\"   style=\"height: 42px\"><span class=\"vc_empty_space_inner\"><\/span><\/div><div class=\"vc_separator wpb_content_element vc_separator_align_center vc_sep_width_100 vc_sep_pos_align_center vc_separator_no_text vc_sep_color_grey wpb_content_element  wpb_content_element\" ><span class=\"vc_sep_holder vc_sep_holder_l\"><span class=\"vc_sep_line\"><\/span><\/span><span class=\"vc_sep_holder vc_sep_holder_r\"><span class=\"vc_sep_line\"><\/span><\/span>\n<\/div><\/div><\/div><\/div><\/div><div class=\"vc_row wpb_row vc_row-fluid bg-image-ps-inherit\"><div class=\"wpb_column vc_column_container vc_col-sm-1\"><div class=\"vc_column-inner\"><div class=\"wpb_wrapper\"><\/div><\/div><\/div><div class=\"wpb_column vc_column_container vc_col-sm-10\"><div class=\"vc_column-inner\"><div class=\"wpb_wrapper\">\n\t<div class=\"wpb_text_column wpb_content_element\" >\n\t\t<div class=\"wpb_wrapper\">\n\t\t\t<h2><span style=\"font-size: 15pt;\"><strong>Versi\u00f3n espa\u00f1ol<\/strong><\/span><\/h2>\n<h4><strong>Asistente del Programa de Peque\u00f1as Donaciones de MAR Fund<\/strong><\/h4>\n\n\t\t<\/div>\n\t<\/div>\n\n\t<div class=\"wpb_raw_code wpb_raw_html wpb_content_element\" >\n\t\t<div class=\"wpb_wrapper\">\n\t\t\t<div id=\"adobe-dc-view-43\" style=\"height: 1050px; width: 834px;\"><\/div>\n<script src=\"https:\/\/documentcloud.adobe.com\/view-sdk\/main.js\"><\/script>\n<script type=\"text\/javascript\">\n    document.addEventListener(\"adobe_dc_view_sdk.ready\", function(){ \n        var adobeDCView = new AdobeDC.View({clientId: \"1c557b6c75f4479ba05074dc10870069\", divId: \"adobe-dc-view-43\"});\n        adobeDCView.previewFile({\n            content:{location: {url: \"https:\/\/coralmar.org\/wp-content\/uploads\/2026\/02\/TdR-Asistente-PPD_ESP_2026.pdf\"}},\n            metaData:{fileName: \"TdR-Asistente-PPD_ESP_2026.pdf\"}\n        }, {embedMode: \"SIZED_CONTAINER\", showPrintPDF: false});\n    });\n<\/script>\n\n\t\t<\/div>\n\t<\/div>\n<\/div><\/div><\/div><div class=\"wpb_column vc_column_container vc_col-sm-1\"><div class=\"vc_column-inner\"><div class=\"wpb_wrapper\"><\/div><\/div><\/div><\/div><div class=\"vc_row wpb_row vc_row-fluid bg-image-ps-inherit\"><div class=\"wpb_column vc_column_container vc_col-sm-1\"><div class=\"vc_column-inner\"><div class=\"wpb_wrapper\"><\/div><\/div><\/div><div class=\"wpb_column vc_column_container vc_col-sm-10\"><div class=\"vc_column-inner\"><div class=\"wpb_wrapper\">\n\t<div class=\"wpb_text_column wpb_content_element\" >\n\t\t<div class=\"wpb_wrapper\">\n\t\t\t<h2><span style=\"font-size: 15pt;\"><strong>English version<\/strong><\/span><\/h2>\n<h4>Assistant for the MAR Fund Small Grants Program<\/h4>\n\n\t\t<\/div>\n\t<\/div>\n\n\t<div class=\"wpb_raw_code wpb_raw_html wpb_content_element\" >\n\t\t<div class=\"wpb_wrapper\">\n\t\t\t<div id=\"adobe-dc-view-53\" style=\"height: 1050px; width: 834px;\"><\/div>\n<script src=\"https:\/\/documentcloud.adobe.com\/view-sdk\/main.js\"><\/script>\n<script type=\"text\/javascript\">\n    document.addEventListener(\"adobe_dc_view_sdk.ready\", function(){ \n        var adobeDCView = new AdobeDC.View({clientId: \"1c557b6c75f4479ba05074dc10870069\", divId: \"adobe-dc-view-53\"});\n        adobeDCView.previewFile({\n            content:{location: {url: \"https:\/\/coralmar.org\/wp-content\/uploads\/2026\/02\/ToR-SGP-assistant_ENG_2026.pdf\"}},\n            metaData:{fileName: \"ToR-SGP-assistant_ENG_2026.pdf\"}\n        }, {embedMode: \"SIZED_CONTAINER\", showPrintPDF: false});\n    });\n<\/script>\n\n\t\t<\/div>\n\t<\/div>\n<\/div><\/div><\/div><div class=\"wpb_column vc_column_container vc_col-sm-1\"><div class=\"vc_column-inner\"><div class=\"wpb_wrapper\"><\/div><\/div><\/div><\/div><div class=\"vc_row wpb_row vc_row-fluid bg-image-ps-inherit\"><div class=\"wpb_column vc_column_container vc_col-sm-1\"><div class=\"vc_column-inner\"><div class=\"wpb_wrapper\"><\/div><\/div><\/div><div class=\"wpb_column vc_column_container vc_col-sm-10\"><div class=\"vc_column-inner\"><div class=\"wpb_wrapper\">\n\t<div class=\"wpb_text_column wpb_content_element\" >\n\t\t<div class=\"wpb_wrapper\">\n\t\t\t<h2><span style=\"font-size: 15pt;\"><strong>English version<\/strong><\/span><\/h2>\n<h4><strong>External Audit Services Contract for the Project \u201cProtection of Maritime Resources in Central America III\u201d<\/strong><\/h4>\n\n\t\t<\/div>\n\t<\/div>\n\n\t<div class=\"wpb_raw_code wpb_raw_html wpb_content_element\" >\n\t\t<div class=\"wpb_wrapper\">\n\t\t\t<div id=\"adobe-dc-view-33\" style=\"height: 1050px; width: 834px;\"><\/div>\n<script src=\"https:\/\/documentcloud.adobe.com\/view-sdk\/main.js\"><\/script>\n<script type=\"text\/javascript\">\n    document.addEventListener(\"adobe_dc_view_sdk.ready\", function(){ \n        var adobeDCView = new AdobeDC.View({clientId: \"1c557b6c75f4479ba05074dc10870069\", divId: \"adobe-dc-view-33\"});\n        adobeDCView.previewFile({\n            content:{location: {url: \"https:\/\/coralmar.org\/wp-content\/uploads\/2026\/02\/ToR_Legal-Advisory-PSSA_February2026-vf.pdf\"}},\n            metaData:{fileName: \"ToR_Legal-Advisory-PSSA_February2026-vf.pdf\"}\n        }, {embedMode: \"SIZED_CONTAINER\", showPrintPDF: false});\n    });\n<\/script>\n\n\t\t<\/div>\n\t<\/div>\n<\/div><\/div><\/div><div class=\"wpb_column vc_column_container vc_col-sm-1\"><div class=\"vc_column-inner\"><div class=\"wpb_wrapper\"><\/div><\/div><\/div><\/div><div class=\"vc_row wpb_row vc_row-fluid bg-image-ps-inherit\"><div class=\"wpb_column vc_column_container vc_col-sm-12\"><div class=\"vc_column-inner\"><div class=\"wpb_wrapper\"><div class=\"vc_empty_space\"   style=\"height: 42px\"><span class=\"vc_empty_space_inner\"><\/span><\/div><div class=\"vc_separator wpb_content_element vc_separator_align_center vc_sep_width_100 vc_sep_pos_align_center vc_separator_no_text vc_sep_color_grey wpb_content_element  wpb_content_element\" ><span class=\"vc_sep_holder vc_sep_holder_l\"><span class=\"vc_sep_line\"><\/span><\/span><span class=\"vc_sep_holder vc_sep_holder_r\"><span class=\"vc_sep_line\"><\/span><\/span>\n<\/div><\/div><\/div><\/div><\/div>\n<\/div>","protected":false},"excerpt":{"rendered":"Oportunidades laborales Oportunidades Laborales Versi\u00f3n espa\u00f1ol Asistente del Programa de Peque\u00f1as Donaciones de MAR Fund English version Assistant for the MAR Fund Small Grants Program English version External Audit Services Contract for the Project \u201cProtection of Maritime Resources in Central America III\u201d","protected":false},"author":1,"featured_media":0,"parent":0,"menu_order":0,"comment_status":"closed","ping_status":"closed","template":"","meta":{"footnotes":""},"class_list":["post-2692","page","type-page","status-publish","hentry"],"aioseo_notices":[],"_links":{"self":[{"href":"https:\/\/coralmar.org\/en\/wp-json\/wp\/v2\/pages\/2692","targetHints":{"allow":["GET"]}}],"collection":[{"href":"https:\/\/coralmar.org\/en\/wp-json\/wp\/v2\/pages"}],"about":[{"href":"https:\/\/coralmar.org\/en\/wp-json\/wp\/v2\/types\/page"}],"author":[{"embeddable":true,"href":"https:\/\/coralmar.org\/en\/wp-json\/wp\/v2\/users\/1"}],"replies":[{"embeddable":true,"href":"https:\/\/coralmar.org\/en\/wp-json\/wp\/v2\/comments?post=2692"}],"version-history":[{"count":49,"href":"https:\/\/coralmar.org\/en\/wp-json\/wp\/v2\/pages\/2692\/revisions"}],"predecessor-version":[{"id":8098,"href":"https:\/\/coralmar.org\/en\/wp-json\/wp\/v2\/pages\/2692\/revisions\/8098"}],"wp:attachment":[{"href":"https:\/\/coralmar.org\/en\/wp-json\/wp\/v2\/media?parent=2692"}],"curies":[{"name":"wp","href":"https:\/\/api.w.org\/{rel}","templated":true}]}}