{"id":3473,"date":"2023-12-11T10:47:05","date_gmt":"2023-12-11T16:47:05","guid":{"rendered":"https:\/\/coralmar.org\/?page_id=3473"},"modified":"2025-02-21T10:35:11","modified_gmt":"2025-02-21T16:35:11","slug":"suscripcion-a-boletin","status":"publish","type":"page","link":"https:\/\/coralmar.org\/en\/suscripcion-a-boletin\/","title":{"rendered":"Suscripci\u00f3n a Bolet\u00edn RRA-SAM\/MAR-RRN"},"content":{"rendered":"<div class=\"wpb-content-wrapper\"><div class=\"vc_row wpb_row vc_row-fluid bg-image-ps-inherit\"><div class=\"wpb_column vc_column_container vc_col-sm-12\"><div class=\"vc_column-inner\"><div class=\"wpb_wrapper\">\n\t\t\t<!-- START Quienes Somos REVOLUTION SLIDER 6.5.4 --><p class=\"rs-p-wp-fix\"><\/p>\n\t\t\t<rs-module-wrap id=\"rev_slider_10_1_wrapper\" data-source=\"gallery\" style=\"visibility:hidden;background:transparent;padding:0;margin:0px auto;margin-top:0;margin-bottom:0;\">\n\t\t\t\t<rs-module id=\"rev_slider_10_1\" style=\"\" data-version=\"6.5.4\">\n\t\t\t\t\t<rs-slides>\n\t\t\t\t\t\t<rs-slide data-key=\"rs-16\" data-title=\"Slide\" data-in=\"o:0;\" data-out=\"a:false;\">\n\t\t\t\t\t\t\t<img decoding=\"async\" src=\"\/\/coralmar.org\/wp-content\/plugins\/revslider\/public\/assets\/assets\/dummy.png\" alt=\"Slide\" title=\"Suscripci\u00f3n a Bolet\u00edn RRA-SAM\/MAR-RRN\" class=\"rev-slidebg tp-rs-img rs-lazyload\" data-lazyload=\"\/\/coralmar.org\/wp-content\/plugins\/revslider\/public\/assets\/assets\/transparent.png\" data-bg=\"c:#ffffff;\" data-no-retina>\n<!--\n\t\t\t\t\t\t\t--><rs-group\n\t\t\t\t\t\t\t\tid=\"slider-10-slide-16-layer-0\" \n\t\t\t\t\t\t\t\tdata-type=\"group\"\n\t\t\t\t\t\t\t\tdata-xy=\"xo:63px,9px,62px,6px;y:m;yo:48px,-24px,-28px,-27px;\"\n\t\t\t\t\t\t\t\tdata-text=\"w:normal;s:20,16,12,7;l:0,20,15,9;\"\n\t\t\t\t\t\t\t\tdata-dim=\"w:677px,800px,668px,449px;h:351px,286px,324px,394px;\"\n\t\t\t\t\t\t\t\tdata-rsp_bd=\"off\"\n\t\t\t\t\t\t\t\tdata-frame_0=\"o:1;\"\n\t\t\t\t\t\t\t\tdata-frame_999=\"o:0;st:w;sR:8700;sA:9000;\"\n\t\t\t\t\t\t\t\tstyle=\"z-index:11;\"\n\t\t\t\t\t\t\t><rs-bg-elem style=\"position:absolute; top:0px;left:0px;\"><\/rs-bg-elem>\n<!--\n\t\t\t\t\t\t\t\t--><rs-layer\n\t\t\t\t\t\t\t\t\tid=\"slider-10-slide-16-layer-1\" \n\t\t\t\t\t\t\t\t\tdata-type=\"text\"\n\t\t\t\t\t\t\t\t\tdata-color=\"#162172\"\n\t\t\t\t\t\t\t\t\tdata-xy=\"xo:2,2,4px,14px;yo:28,28,78px,112px;\"\n\t\t\t\t\t\t\t\t\tdata-text=\"w:normal;s:70,60,50,25;l:80,70,50,40;fw:700;\"\n\t\t\t\t\t\t\t\t\tdata-rsp_o=\"off\"\n\t\t\t\t\t\t\t\t\tdata-rsp_bd=\"off\"\n\t\t\t\t\t\t\t\t\tdata-frame_0=\"x:50;\"\n\t\t\t\t\t\t\t\t\tdata-frame_1=\"sp:1880;\"\n\t\t\t\t\t\t\t\t\tdata-frame_999=\"o:0;st:w;sR:7120;\"\n\t\t\t\t\t\t\t\t\tstyle=\"z-index:10;font-family:Poppins;\"\n\t\t\t\t\t\t\t\t><rs-bg-elem style=\"position:absolute; top:0px;left:0px;\"><\/rs-bg-elem>\nConservar el SAM \n\t\t\t\t\t\t\t\t<\/rs-layer><!--\n\n\t\t\t\t\t\t\t\t--><rs-layer\n\t\t\t\t\t\t\t\t\tid=\"slider-10-slide-16-layer-4\" \n\t\t\t\t\t\t\t\t\tdata-type=\"text\"\n\t\t\t\t\t\t\t\t\tdata-color=\"#3a505f\"\n\t\t\t\t\t\t\t\t\tdata-xy=\"xo:5px,9px,6px,14px;yo:149px,112px,135px,154px;\"\n\t\t\t\t\t\t\t\t\tdata-text=\"w:normal;s:20,18,18,12;l:36,32,28,24;fw:500;\"\n\t\t\t\t\t\t\t\t\tdata-dim=\"w:602px,602px,489px,287px;\"\n\t\t\t\t\t\t\t\t\tdata-rsp_o=\"off\"\n\t\t\t\t\t\t\t\t\tdata-rsp_bd=\"off\"\n\t\t\t\t\t\t\t\t\tdata-frame_0=\"x:50;\"\n\t\t\t\t\t\t\t\t\tdata-frame_1=\"sp:1900;\"\n\t\t\t\t\t\t\t\t\tdata-frame_999=\"o:0;st:w;sR:7100;\"\n\t\t\t\t\t\t\t\t\tstyle=\"z-index:9;font-family:Poppins;\"\n\t\t\t\t\t\t\t\t><rs-bg-elem style=\"position:absolute; top:0px;left:0px;\"><\/rs-bg-elem>\nimpacta en la econom\u00eda, cuidado del medio ambiente y agrega valor cultural de los diversos grupos \u00e9tnicos que viven a lo largo de la l\u00ednea costera de los cuatro pa\u00edses que lo conforman. \n\t\t\t\t\t\t\t\t<\/rs-layer><!--\n\t\t\t\t\t\t\t--><\/rs-group><!--\n\n\t\t\t\t\t\t\t--><rs-layer\n\t\t\t\t\t\t\t\tid=\"slider-10-slide-16-layer-2\" \n\t\t\t\t\t\t\t\tdata-type=\"text\"\n\t\t\t\t\t\t\t\tdata-rsp_ch=\"on\"\n\t\t\t\t\t\t\t\tdata-xy=\"xo:1054px,872px,679px,418px;yo:630px,643px,357px,220px;\"\n\t\t\t\t\t\t\t\tdata-text=\"w:normal;s:20,16,12,7;l:25,20,15,9;\"\n\t\t\t\t\t\t\t\tdata-frame_999=\"o:0;st:w;sR:8700;\"\n\t\t\t\t\t\t\t\tstyle=\"z-index:13;font-family:Roboto;\"\n\t\t\t\t\t\t\t><rs-bg-elem style=\"position:absolute; top:0px;left:0px;\"><\/rs-bg-elem>\nFoto: Kate Sutter \n\t\t\t\t\t\t\t<\/rs-layer><!--\n\n\t\t\t\t\t\t\t--><rs-layer\n\t\t\t\t\t\t\t\tid=\"slider-10-slide-16-layer-3\" \n\t\t\t\t\t\t\t\tdata-type=\"shape\"\n\t\t\t\t\t\t\t\tdata-rsp_ch=\"on\"\n\t\t\t\t\t\t\t\tdata-xy=\"xo:1022px,842px,662px,359.01043701171875px;yo:617px,454px,345px,324.9861259460449px;\"\n\t\t\t\t\t\t\t\tdata-text=\"w:normal;s:20,16,12,7;l:0,20,15,9;\"\n\t\t\t\t\t\t\t\tdata-dim=\"w:221px,151.986px,114px,70px;h:52.989599999999996px,43px,32px,19px;\"\n\t\t\t\t\t\t\t\tdata-frame_1=\"sp:1360;\"\n\t\t\t\t\t\t\t\tdata-frame_999=\"o:0;st:w;sR:7640;\"\n\t\t\t\t\t\t\t\tstyle=\"z-index:12;background-color:rgba(0,0,0,0.5);\"\n\t\t\t\t\t\t\t><rs-bg-elem style=\"position:absolute; top:0px;left:0px;\"><\/rs-bg-elem>\n \n\t\t\t\t\t\t\t<\/rs-layer><!--\n\n\t\t\t\t\t\t\t--><rs-layer\n\t\t\t\t\t\t\t\tid=\"slider-10-slide-16-layer-5\" \n\t\t\t\t\t\t\t\tdata-type=\"image\"\n\t\t\t\t\t\t\t\tdata-xy=\"x:r,r,l,l;xo:-345px,-345px,422px,255px;yo:0,0,-9px,-172px;\"\n\t\t\t\t\t\t\t\tdata-text=\"w:normal;s:20,16,12,7;l:0,20,15,9;\"\n\t\t\t\t\t\t\t\tdata-dim=\"w:824px,889px,988px,675px;h:830px,895px,995px,680px;\"\n\t\t\t\t\t\t\t\tdata-vbility=\"t,t,t,f\"\n\t\t\t\t\t\t\t\tdata-rsp_bd=\"off\"\n\t\t\t\t\t\t\t\tdata-frame_1=\"x:1px,0,0,0;y:0px,0,0,0;\"\n\t\t\t\t\t\t\t\tdata-frame_999=\"o:0;st:w;sR:8700;\"\n\t\t\t\t\t\t\t\tstyle=\"z-index:8;\"\n\t\t\t\t\t\t\t><rs-bg-elem style=\"position:absolute; top:0px;left:0px;\"><\/rs-bg-elem>\n<img loading=\"lazy\" decoding=\"async\" src=\"\/\/coralmar.org\/wp-content\/plugins\/revslider\/public\/assets\/assets\/dummy.png\" class=\"tp-rs-img rs-lazyload\" width=\"889\" height=\"895\" data-lazyload=\"\/\/coralmar.org\/wp-content\/uploads\/2022\/06\/portada-quienes-somos-2022.png\" data-no-retina> \n\t\t\t\t\t\t\t<\/rs-layer><!--\n-->\t\t\t\t\t\t<\/rs-slide>\n\t\t\t\t\t<\/rs-slides>\n\t\t\t\t<\/rs-module>\n\t\t\t\t<script type=\"text\/javascript\">\n\t\t\t\t\tsetREVStartSize({c: 'rev_slider_10_1',rl:[1240,1024,778,480],el:[690,690,380,280],gw:[1230,1024,778,480],gh:[690,690,380,280],type:'standard',justify:'',layout:'fullwidth',mh:\"0\"});\n\t\t\t\t<\/script>\n\t\t\t<\/rs-module-wrap>\n\t\t\t<!-- END REVOLUTION SLIDER -->\n<\/div><\/div><\/div><\/div><div class=\"vc_row wpb_row vc_row-fluid bg-image-ps-inherit\"><div class=\"wpb_column vc_column_container vc_col-sm-12\"><div class=\"vc_column-inner\"><div class=\"wpb_wrapper\"><div class=\"vc_empty_space\"   style=\"height: 42px\"><span class=\"vc_empty_space_inner\"><\/span><\/div><div class=\"vc_empty_space\"   style=\"height: 42px\"><span class=\"vc_empty_space_inner\"><\/span><\/div>\n\t<div class=\"wpb_text_column wpb_content_element\" >\n\t\t<div class=\"wpb_wrapper\">\n\t\t\t<div class=\"style-245 style-local-50-c5 position-relative h-element\" data-colibri-id=\"50-c5\">\n<div>\n<h1>Bolet\u00edn RRA-SAM\/MAR RRN<\/h1>\n<p>\u00a1\u00danete a la Red de Restauraci\u00f3n del Sistema Arrecifal Mesoamericano (RRA-SAM) y s\u00e9 parte del cambio!<\/p>\n<\/div>\n<\/div>\n\n\t\t<\/div>\n\t<\/div>\n\n\t<div class=\"wpb_text_column wpb_content_element\" >\n\t\t<div class=\"wpb_wrapper\">\n\t\t\t<p>Estimado visitante,<\/p>\n<p>En la Red de Restauraci\u00f3n del Sistema Arrecifal Mesoamericano (RRA-SAM), creemos en la colaboraci\u00f3n como motor del cambio. Somos el punto de encuentro entre grupos dedicados a la restauraci\u00f3n, conservaci\u00f3n y protecci\u00f3n de los arrecifes coralinos en M\u00e9xico, Belice, Guatemala y Honduras. Nuestra misi\u00f3n es clara: facilitar la colaboraci\u00f3n y el desarrollo de capacidades para restaurar la estructura y funci\u00f3n de los arrecifes de coral y los ecosistemas asociados en la regi\u00f3n.<\/p>\n\n\t\t<\/div>\n\t<\/div>\n<div class=\"vc_separator wpb_content_element vc_separator_align_center vc_sep_width_100 vc_sep_pos_align_center vc_separator_no_text vc_sep_color_grey wpb_content_element  wpb_content_element\" ><span class=\"vc_sep_holder vc_sep_holder_l\"><span class=\"vc_sep_line\"><\/span><\/span><span class=\"vc_sep_holder vc_sep_holder_r\"><span class=\"vc_sep_line\"><\/span><\/span>\n<\/div><div class=\"vc_empty_space\"   style=\"height: 15px\"><span class=\"vc_empty_space_inner\"><\/span><\/div><\/div><\/div><\/div><\/div><div class=\"vc_row wpb_row vc_row-fluid bg-image-ps-inherit\"><div class=\"wpb_column vc_column_container vc_col-sm-7\"><div class=\"vc_column-inner\"><div class=\"wpb_wrapper\">\n\t<div class=\"wpb_text_column wpb_content_element\" >\n\t\t<div class=\"wpb_wrapper\">\n\t\t\t<p><strong>\u00bfPor qu\u00e9 unirte a la RRA-SAM?<\/strong><\/p>\n<p><strong>1. Experiencia compartida:<\/strong> Al unirte a nosotros, te conectar\u00e1s con expertos, t\u00e9cnicos, cient\u00edficos y organizaciones comprometidas con la restauraci\u00f3n de los ecosistemas marinos en la regi\u00f3n. Compartimos conocimientos, experiencias, mejores pr\u00e1cticas y metodolog\u00edas para impulsar la restauraci\u00f3n efectiva.<\/p>\n<p><strong>2. V\u00ednculos m\u00e1s cercanos:<\/strong> La RRA-SAM es m\u00e1s que una red, somos una comunidad comprometida con un objetivo com\u00fan. Al unirte, formar\u00e1s parte de una red s\u00f3lida y colaborativa que trabaja unida para preservar y revitalizar nuestros arrecifes coralinos y ecosistemas asociados.<\/p>\n<p><strong>3. Fuente de informaci\u00f3n:<\/strong> Nos enorgullece ser la principal fuente de informaci\u00f3n sobre temas de restauraci\u00f3n del ecosistema marino en la regi\u00f3n. Mantente actualizado con las \u00faltimas investigaciones, avances cient\u00edficos y eventos relacionados con la restauraci\u00f3n de arrecifes.<\/p>\n<p><strong>4. Plataforma regional:<\/strong> La RRA-SAM no solo es una red, sino tambi\u00e9n una plataforma regional para coordinar y desarrollar la capacidad cient\u00edfica y t\u00e9cnica innovadora de nuestras organizaciones miembros. \u00danete a nosotros para ser parte activa de esta iniciativa regional.<\/p>\n<p><strong>C\u00f3mo unirte:<\/strong><\/p>\n<p>Suscribirte al bolet\u00edn de la RRA-SAM es sencillo, solo agrega tus datos en el formulario que est\u00e1 al lado derecho y listo.<\/p>\n\n\t\t<\/div>\n\t<\/div>\n<div class=\"vc_empty_space\"   style=\"height: 42px\"><span class=\"vc_empty_space_inner\"><\/span><\/div><\/div><\/div><\/div><div class=\"wpb_column vc_column_container vc_col-sm-5\"><div class=\"vc_column-inner\"><div class=\"wpb_wrapper\">\n\t<div class=\"wpb_raw_code wpb_raw_html wpb_content_element\" >\n\t\t<div class=\"wpb_wrapper\">\n\t\t\t<div id=\"mc_embed_shell\">\n      <link href=\"\/\/cdn-images.mailchimp.com\/embedcode\/classic-061523.css\" rel=\"stylesheet\" type=\"text\/css\">\n  <style type=\"text\/css\">\n        #mc_embed_signup{background:#fff; false;clear:left; font:14px Helvetica,Arial,sans-serif; width: 600px;}\n        \/* Add your own Mailchimp form style overrides in your site stylesheet or in this style block.\n           We recommend moving this block and the preceding CSS link to the HEAD of your HTML file. *\/\n<\/style><style type=\"text\/css\">\n        #mc-embedded-subscribe-form input[type=checkbox]{display: inline; width: auto;margin-right: 10px;}\n#mergeRow-gdpr {margin-top: 20px;}\n#mergeRow-gdpr fieldset label {font-weight: normal;}\n#mc-embedded-subscribe-form .mc_fieldset{border:none;min-height: 0px;padding-bottom:0px;}\n<\/style>\n<div id=\"mc_embed_signup\">\n    <form action=\"https:\/\/coralmar.us5.list-manage.com\/subscribe\/post?u=a042a3f452cf9ec008a44cd79&amp;id=15b5d67584&amp;v_id=3354&amp;f_id=007113ebf0\" method=\"post\" id=\"mc-embedded-subscribe-form\" name=\"mc-embedded-subscribe-form\" class=\"validate\" target=\"_blank\">\n        <div id=\"mc_embed_signup_scroll\"><h2>Formulario de suscripci\u00f3n al bolet\u00edn RRA-SAM\/MAR-RRN<\/h2>\n            <div class=\"indicates-required\"><span class=\"asterisk\">*<\/span> campo requerido<\/div>\n            <div class=\"mc-field-group\"><label for=\"mce-EMAIL\">Correo Electr\u00f3nico<span class=\"asterisk\">*<\/span><\/label><input type=\"email\" name=\"EMAIL\" class=\"required email\" id=\"mce-EMAIL\" required=\"\" value=\"\"><span id=\"mce-EMAIL-HELPERTEXT\" class=\"helper_text\"><\/span><\/div><div class=\"mc-field-group\"><label for=\"mce-FNAME\">Nombres <\/label><input type=\"text\" name=\"FNAME\" class=\" text\" id=\"mce-FNAME\" value=\"\"><\/div><div class=\"mc-field-group\"><label for=\"mce-LNAME\">Apellido<\/label><input type=\"text\" name=\"LNAME\" class=\" text\" id=\"mce-LNAME\" value=\"\"><\/div><div class=\"mc-field-group\"><label for=\"mce-MMERGE6\">Organizaci\u00f3n <\/label><input type=\"text\" name=\"MMERGE6\" class=\" text\" id=\"mce-MMERGE6\" value=\"\"><\/div><div id=\"mergeRow-gdpr\" class=\"mergeRow gdpr-mergeRow content__gdprBlock mc-field-group\"><div class=\"content__gdpr\"><label>Permisos para el bolet\u00edn<\/label><p>Por favor, selecciona todas las formas en las que te gustar\u00eda recibir noticias de Reef Restoration Network MAR:<\/p><fieldset class=\"mc_fieldset gdprRequired mc-field-group\" name=\"interestgroup_field\"><label class=\"checkbox subfield\" for=\"gdpr9237\"><input type=\"checkbox\" id=\"gdpr_9237\" name=\"gdpr[9237]\" class=\"gdpr\" value=\"Y\"><span>Bolet\u00edn<\/span><\/label><label class=\"checkbox subfield\" for=\"gdpr9241\"><input type=\"checkbox\" id=\"gdpr_9241\" name=\"gdpr[9241]\" class=\"gdpr\" value=\"Y\"><span>Invitaciones a eventos<\/span><\/label><label class=\"checkbox subfield\" for=\"gdpr9245\"><input type=\"checkbox\" id=\"gdpr_9245\" name=\"gdpr[9245]\" class=\"gdpr\" value=\"Y\"><span>Otra informaci\u00f3n de inter\u00e9s<\/span><\/label><\/fieldset><p>Puedes cancelar la suscripci\u00f3n en cualquier momento haciendo clic en el enlace en el pie de p\u00e1gina de nuestros correos electr\u00f3nicos. Para obtener informaci\u00f3n sobre nuestras pr\u00e1cticas de privacidad, visita nuestro sitio web.<\/p><\/div><div class=\"content__gdprLegal\"><p>Utilizamos Mailchimp como nuestra plataforma de marketing. Al hacer clic a continuaci\u00f3n para suscribirte, reconoces que tu informaci\u00f3n se transferir\u00e1 a Mailchimp para su procesamiento. Obt\u00e9n m\u00e1s informaci\u00f3n sobre las pr\u00e1cticas de privacidad de Mailchimp. <a href=\"https:\/\/mailchimp.com\/legal\/terms\">Aprenda m\u00e1s<\/a> sobre las buenas pr\u00e1cticas de Mailchimp.<\/p><\/div><\/div>\n        <div id=\"mce-responses\" class=\"clear foot\">\n            <div class=\"response\" id=\"mce-error-response\" style=\"display: none;\"><\/div>\n            <div class=\"response\" id=\"mce-success-response\" style=\"display: none;\"><\/div>\n        <\/div>\n    <div aria-hidden=\"true\" style=\"position: absolute; left: -5000px;\">\n        \/* real people should not fill this in and expect good things - do not remove this or risk form bot signups *\/\n        <input type=\"text\" name=\"b_a042a3f452cf9ec008a44cd79_15b5d67584\" tabindex=\"-1\" value=\"\">\n    <\/div>\n        <div class=\"optionalParent\">\n            <div class=\"clear foot\">\n                <input type=\"submit\" name=\"subscribe\" id=\"mc-embedded-subscribe\" class=\"button\" value=\"Suscr\u00edbete\">\n                <p style=\"margin: 0px auto;\"><a href=\"http:\/\/eepurl.com\/hQiozf\" title=\"Mailchimp: marketing por correo electr\u00f3nico f\u00e1cil y divertido\"><span style=\"display: inline-block; background-color: transparent; border-radius: 4px;\"><img decoding=\"async\" class=\"refferal_badge\" src=\"https:\/\/digitalasset.intuit.com\/render\/content\/dam\/intuit\/mc-fe\/en_us\/images\/intuit-mc-rewards-text-dark.svg\" alt=\"Intuit Mailchimp\" style=\"width: 220px; height: 40px; display: flex; padding: 2px 0px; justify-content: center; align-items: center;\"><\/span><\/a><\/p>\n            <\/div>\n        <\/div>\n    <\/div>\n<\/form>\n<\/div>\n<script type=\"text\/javascript\" src=\"\/\/s3.amazonaws.com\/downloads.mailchimp.com\/js\/mc-validate.js\"><\/script><script type=\"text\/javascript\">(function($) {window.fnames = new Array(); window.ftypes = new Array();fnames[0]='EMAIL';ftypes[0]='email';fnames[1]='FNAME';ftypes[1]='text';fnames[2]='LNAME';ftypes[2]='text';fnames[6]='MMERGE6';ftypes[6]='text';fnames[3]='ADDRESS';ftypes[3]='address';fnames[4]='PHONE';ftypes[4]='phone';fnames[5]='BIRTHDAY';ftypes[5]='birthday';}(jQuery));var $mcj = jQuery.noConflict(true);<\/script><\/div>\n\n\t\t<\/div>\n\t<\/div>\n<\/div><\/div><\/div><\/div><div class=\"vc_row wpb_row vc_row-fluid bg-image-ps-inherit\"><div class=\"wpb_column vc_column_container vc_col-sm-12\"><div class=\"vc_column-inner\"><div class=\"wpb_wrapper\"><div class=\"vc_empty_space\"   style=\"height: 52px\"><span class=\"vc_empty_space_inner\"><\/span><\/div><\/div><\/div><\/div><\/div><div id=\"contacto\" class=\"vc_row wpb_row vc_row-fluid bg-image-ps-inherit\"><div class=\"wpb_column vc_column_container vc_col-sm-12\"><div class=\"vc_column-inner\"><div class=\"wpb_wrapper\"><div class=\"vc_empty_space\"   style=\"height: 32px\"><span class=\"vc_empty_space_inner\"><\/span><\/div><\/div><\/div><\/div><\/div>\n<\/div>","protected":false},"excerpt":{"rendered":"Conservar el SAM impacta en la econom\u00eda, cuidado del medio ambiente y agrega valor cultural de los diversos grupos \u00e9tnicos que viven a lo largo de la l\u00ednea costera de los cuatro pa\u00edses que lo conforman. Foto: Kate Sutter Bolet\u00edn RRA-SAM\/MAR RRN \u00a1\u00danete a la Red de Restauraci\u00f3n del Sistema Arrecifal Mesoamericano (RRA-SAM) y s\u00e9 [...]","protected":false},"author":1,"featured_media":0,"parent":0,"menu_order":0,"comment_status":"closed","ping_status":"closed","template":"","meta":{"footnotes":""},"class_list":["post-3473","page","type-page","status-publish","hentry"],"aioseo_notices":[],"_links":{"self":[{"href":"https:\/\/coralmar.org\/en\/wp-json\/wp\/v2\/pages\/3473","targetHints":{"allow":["GET"]}}],"collection":[{"href":"https:\/\/coralmar.org\/en\/wp-json\/wp\/v2\/pages"}],"about":[{"href":"https:\/\/coralmar.org\/en\/wp-json\/wp\/v2\/types\/page"}],"author":[{"embeddable":true,"href":"https:\/\/coralmar.org\/en\/wp-json\/wp\/v2\/users\/1"}],"replies":[{"embeddable":true,"href":"https:\/\/coralmar.org\/en\/wp-json\/wp\/v2\/comments?post=3473"}],"version-history":[{"count":9,"href":"https:\/\/coralmar.org\/en\/wp-json\/wp\/v2\/pages\/3473\/revisions"}],"predecessor-version":[{"id":3476,"href":"https:\/\/coralmar.org\/en\/wp-json\/wp\/v2\/pages\/3473\/revisions\/3476"}],"wp:attachment":[{"href":"https:\/\/coralmar.org\/en\/wp-json\/wp\/v2\/media?parent=3473"}],"curies":[{"name":"wp","href":"https:\/\/api.w.org\/{rel}","templated":true}]}}